{"id":78,"date":"2022-05-31T11:35:19","date_gmt":"2022-05-31T09:35:19","guid":{"rendered":"https:\/\/nailner.com\/pl\/?page_id=78"},"modified":"2026-01-07T10:06:44","modified_gmt":"2026-01-07T09:06:44","slug":"o-nailner","status":"publish","type":"page","link":"https:\/\/nailner.com\/pl\/o-nailner\/","title":{"rendered":"O Nailner"},"content":{"rendered":"\n<div class=\"wp-block-karopharma-background-image-with-text-v2 background-image-with-text-v2 undefined content-position-center fixed-height-layout\" datatest=\"root\"><div class=\"background-image-with-text-wrapper\"><picture class=\"background-image-with-text-image\"><source media=\"(max-width: 560px)\" srcset=\"https:\/\/nailner.com\/cdn-cgi\/image\/format=auto,width=560\/app\/uploads\/sites\/9\/2022\/05\/assortmentbathroompla01-1.jpeg\"\/><source media=\"(max-width: 800px)\" srcset=\"https:\/\/nailner.com\/cdn-cgi\/image\/format=auto,width=800\/app\/uploads\/sites\/9\/2022\/05\/assortmentbathroompla01-1.jpeg\"\/><source media=\"(max-width: 1920px)\" srcset=\"https:\/\/nailner.com\/cdn-cgi\/image\/format=auto,width=1920\/app\/uploads\/sites\/9\/2022\/05\/assortmentbathroompla01-1.jpeg\"\/><img decoding=\"async\" width=\"2000\" height=\"1333\" datatest=\"background-image\" loading=\"lazy\" class=\"object-center object-cover\" src=\"https:\/\/nailner.com\/cdn-cgi\/image\/format=auto\/app\/uploads\/sites\/9\/2022\/05\/assortmentbathroompla01-1.jpeg\" alt=\"assortmentbathroompla01-1\"\/><\/picture><div datatest=\"content-wrapper\" class=\"background-image-with-text-content-wrapper container max-w-medium text-alignment-left  pt-large pb-large\"><div class=\"content\">\n<div class=\"wp-block-buttons is-layout-flex wp-block-buttons-is-layout-flex\"><\/div>\n<\/div><\/div><\/div><\/div>\n\n\n\n<div class=\"wp-block-karopharma-free-text undefined bg-center bg-contain bg-no-repeat  is-style-secondary\" style=\"background-image:url()\"><div class=\"free-text-wrapper container max-w-medium text-center\">\n<h1 class=\"is-style-heading-huge wp-block-heading\">Informacje o produktach Nailner<\/h1>\n\n\n\n<p class=\"is-style-paragraph-preamble\">W leczeniu grzybicy paznokci oczekujemy nie tylko skuteczno\u015bci i pozbycia si\u0119 problemu, ale jednocze\u015bnie szybkiej poprawy wygl\u0105du p\u0142ytki paznokciowej.<\/p>\n\n\n\n<p>Nailner 2 w 1 zawiera formu\u0142\u0119, kt\u00f3ra szybko wnika w g\u0142\u0105b p\u0142ytki ca\u0142ego paznokcia i skutecznie zwalcza grzybic\u0119, co zosta\u0142o potwierdzone badaniem klinicznym. Nailner 2 w 1 nie tylko leczy grzybic\u0119, ale r\u00f3wnocze\u015bnie poprawia wygl\u0105d paznokci, daj\u0105c widoczne efekty ju\u017c po 7 dniach. Nailner 2 w1 szybko przywraca paznokciom zdrowy wygl\u0105d.<\/p>\n\n\n\n<p>Nailner 2 w 1 to szybkie i skuteczne rozwi\u0105zanie na grzybice paznokci.<\/p>\n<\/div><\/div>\n\n\n\n<div class=\"wp-block-karopharma-accordions\"><div class=\"container\">\n<details class=\"wp-block-karopharma-accordion\"><summary><h2 class=\"accordion-title\">Jak d\u0142ugo trwa leczenie?<\/h2><\/summary><div class=\"accordion-content\">\n<p>Leczenie infekcji trwa zwykle 12 tygodni, ale nowy paznokie\u0107 musi ca\u0142kowicie odrosn\u0105\u0107, co mo\u017ce potrwa\u0107 do 12 miesi\u0119cy.<\/p>\n<\/div><\/details>\n\n\n\n<details class=\"wp-block-karopharma-accordion\"><summary><h2 class=\"accordion-title\">Kiedy paznokie\u0107 zacznie wygl\u0105da\u0107 \u0142adnie?<\/h2><\/summary><div class=\"accordion-content\">\n<p>Lakier i sztyft Nailner 2 w 1 szybko poprawiaj\u0105 wygl\u0105d paznokcia, rozja\u015bniaj\u0105 p\u0142ytk\u0119 paznokciow\u0105, efekt widoczny jest ju\u017c po 7 dniach stosowania.<\/p>\n<\/div><\/details>\n\n\n\n<details class=\"wp-block-karopharma-accordion\"><summary><h2 class=\"accordion-title\">Czy przed zabiegiem musz\u0119 opi\u0142owa\u0107 paznokie\u0107?<\/h2><\/summary><div class=\"accordion-content\">\n<p>Wszystkie produkty Nailner s\u0105 \u0142atwe w aplikacji. Zajmuje to 1-2 minuty dziennie i nie trzeba spi\u0142owa\u0107 paznokcia przed aplikacj\u0105.<\/p>\n<\/div><\/details>\n\n\n\n<details class=\"wp-block-karopharma-accordion\"><summary><h2 class=\"accordion-title\">Jak dzia\u0142aj\u0105 lakier I sztyft Nailnera?<\/h2><\/summary><div class=\"accordion-content\">\n<p>Wszystkie produkty Nailner dzia\u0142aj\u0105 poprzez wnikanie w g\u0142\u0105b warstwy keratynowej paznokcia i obni\u017canie pH zainfekowanego paznokcia. Stwarza to niekorzystne \u015brodowisko dla grzyb\u00f3w, eliminuj\u0105c infekcj\u0119. Zapobiega to r\u00f3wnie\u017c rozprzestrzenianiu si\u0119 infekcji na inne paznokcie lub nawrotom. Produkty Nailner maj\u0105 r\u00f3wnie\u017c dzia\u0142anie nawil\u017caj\u0105ce, w celu regeneracji zniszczonych paznokci. Jest \u0142atwy w u\u017cyciu \u2013 nie wymaga pi\u0142owania przed aplikacj\u0105. W badaniach klinicznych wszyscy pacjenci pozbyli si\u0119 grzybicy paznokci stosuj\u0105c preparat Nailner codziennie przez 12 tygodni. Nailner zawiera sk\u0142adniki, kt\u00f3re nie uszkadzaj\u0105 paznokci i mog\u0105 by\u0107 stosowane zar\u00f3wno w leczeniu, jak i profilaktyce grzybicy paznokci.<\/p>\n<\/div><\/details>\n<\/div><\/div>\n\n\n\n<div class=\"wp-block-karopharma-free-text undefined bg-center bg-contain bg-no-repeat\" style=\"background-image:url()\"><div class=\"free-text-wrapper container max-w-medium text-left\">\n<h2 class=\"is-style-heading-h2 wp-block-heading\">Nailner leczy grzybic\u0119 paznokci poprzez dwa kluczowe dzia\u0142ania:<\/h2>\n\n\n\n<h3 class=\"is-style-heading-h3 wp-block-heading\">Ca\u0142kowite wysycenie paznokcia:<\/h3>\n\n\n\n<p>Grzyby wyst\u0119puj\u0105 nie tylko na powierzchni paznokcia, ale w ca\u0142ej jego strukturze. Nailner wnika w ca\u0142y paznokie\u0107 i dzi\u0119ki temu skutecznie eliminuje wszelkie obecne w nim grzyby. Aktywne sk\u0142adniki dzia\u0142aj\u0105 zatem zar\u00f3wno na powierzchni\u0119, jak i w g\u0142\u0105b paznokcia.<\/p>\n\n\n\n<h3 class=\"is-style-heading-h4 wp-block-heading\">Obni\u017cenie poziomu PH w celu zabicia grzyb\u00f3w:<\/h3>\n\n\n\n<p>Grzyby wol\u0105 \u017cy\u0107 w \u015brodowisku o odczynie zasadowym, czyli o wysokim pH. Uwalniaj\u0105 substancje, kt\u00f3re rozk\u0142adaj\u0105 keratyn\u0119 w paznokciu i powoduj\u0105 uszkodzenia p\u0142ytki paznokciowej. Nailner zawiera kwas mlekowy, kt\u00f3ry obni\u017ca poziom pH i tworzy niekorzystne \u015brodowisko dla przetrwania grzyb\u00f3w.<\/p>\n<\/div><\/div>\n\n\n<div class=\"product-list wp-block-karopharma-product-list\" data-testid=\"product-list\">\n      <div class=\"swiper-container\">\n      <div class=\"swiper\">\n        <div class=\"swiper-wrapper\">\n                      <div class=\"swiper-slide\">\n              <div class=\"product-card\" data-testid=\"product-card\">\n  <a\n    href=https:\/\/nailner.com\/pl\/product\/nailner-2-w-1-sztyft\/\n    class=\"product-card-link\"\n    title=\"Nailner 2 w 1 sztyft\"\n  >\n  <figure class=\"product-card-image\" data-testid=\"product-image\">\n                          <img decoding=\"async\" src=\"https:\/\/nailner.com\/cdn-cgi\/image\/width=700,format=auto\/app\/uploads\/sites\/9\/2024\/01\/Nailner-2-w-1-sztyft.png\"\n        srcset=\"https:\/\/nailner.com\/cdn-cgi\/image\/width=250,format=auto\/app\/uploads\/sites\/9\/2024\/01\/Nailner-2-w-1-sztyft.png 250w,\n                https:\/\/nailner.com\/cdn-cgi\/image\/width=500,format=auto\/app\/uploads\/sites\/9\/2024\/01\/Nailner-2-w-1-sztyft.png 500w,\n                https:\/\/nailner.com\/cdn-cgi\/image\/width=700,format=auto\/app\/uploads\/sites\/9\/2024\/01\/Nailner-2-w-1-sztyft.png 700w\"\n        sizes=\"(max-width: 400px) 250px, (max-width: 800px) 500px, 700px\"\n        alt=\"Nailner 2 w 1 sztyft\"\n        class=\"img\">\n            <\/figure>\n    <div class=\"product-card-content\">\n      <div class=\"heading-wrapper\">\n        <h2 class=\"heading\">Nailner 2 w 1 sztyft<\/h2>\n      <\/div>\n      <div class=\"product-card-description\">Leczy i rozja\u015bnia paznokcie<\/div>\n                      <\/div>\n  <\/a>\n      <div class=\"button-wrapper\">\n    <a\n      href=https:\/\/nailner.com\/pl\/product\/nailner-2-w-1-sztyft\/\n      target=_self\n      class=\"theme-button button-primary-color rounded-button\"\n      rel=\"noopener\"\n      title=\"Czytaj wi\u0119cej\"\n    >\n       Czytaj wi\u0119cej\n    <\/a>\n<\/div>  <\/div>\n            <\/div>\n                      <div class=\"swiper-slide\">\n              <div class=\"product-card\" data-testid=\"product-card\">\n  <a\n    href=https:\/\/nailner.com\/pl\/product\/nailner-2-w-1\/\n    class=\"product-card-link\"\n    title=\"Nailner 2 w 1 lakier\"\n  >\n  <figure class=\"product-card-image\" data-testid=\"product-image\">\n                          <img decoding=\"async\" src=\"https:\/\/nailner.com\/cdn-cgi\/image\/width=700,format=auto\/app\/uploads\/sites\/9\/2022\/05\/Nailner-2-w-1-lakier.png\"\n        srcset=\"https:\/\/nailner.com\/cdn-cgi\/image\/width=250,format=auto\/app\/uploads\/sites\/9\/2022\/05\/Nailner-2-w-1-lakier.png 250w,\n                https:\/\/nailner.com\/cdn-cgi\/image\/width=500,format=auto\/app\/uploads\/sites\/9\/2022\/05\/Nailner-2-w-1-lakier.png 500w,\n                https:\/\/nailner.com\/cdn-cgi\/image\/width=700,format=auto\/app\/uploads\/sites\/9\/2022\/05\/Nailner-2-w-1-lakier.png 700w\"\n        sizes=\"(max-width: 400px) 250px, (max-width: 800px) 500px, 700px\"\n        alt=\"Nailner 2 w 1 lakier\"\n        class=\"img\">\n            <\/figure>\n    <div class=\"product-card-content\">\n      <div class=\"heading-wrapper\">\n        <h2 class=\"heading\">Nailner 2 w 1 lakier<\/h2>\n      <\/div>\n      <div class=\"product-card-description\">Leczy i rozja\u015bnia paznokcie<\/div>\n                      <\/div>\n  <\/a>\n      <div class=\"button-wrapper\">\n    <a\n      href=https:\/\/nailner.com\/pl\/product\/nailner-2-w-1\/\n      target=_self\n      class=\"theme-button button-primary-color rounded-button\"\n      rel=\"noopener\"\n      title=\"Czytaj wi\u0119cej\"\n    >\n       Czytaj wi\u0119cej\n    <\/a>\n<\/div>  <\/div>\n            <\/div>\n                  <\/div>\n        <div class=\"swiper-scrollbar\"><\/div>\n      <\/div>\n    <\/div>\n  <\/div>\n","protected":false},"excerpt":{"rendered":"","protected":false},"author":1,"featured_media":0,"parent":0,"menu_order":10,"comment_status":"closed","ping_status":"closed","template":"","meta":{"_acf_changed":false,"footnotes":""},"from-article-database":[],"class_list":["post-78","page","type-page","status-publish","hentry"],"acf":[],"yoast_head":"<!-- This site is optimized with the Yoast SEO plugin v26.6 - https:\/\/yoast.com\/wordpress\/plugins\/seo\/ -->\n<title>O Nailner - Nailner<\/title>\n<meta name=\"description\" content=\"Nailner to wi\u0119cej ni\u017c kuracja przeciwgrzybicza. Wi\u0119kszo\u015b\u0107 produkt\u00f3w Nailner poprawia r\u00f3wnie\u017c wygl\u0105d paznokcia.\" \/>\n<meta name=\"robots\" content=\"index, follow, max-snippet:-1, max-image-preview:large, max-video-preview:-1\" \/>\n<link rel=\"canonical\" href=\"https:\/\/nailner.com\/pl\/o-nailner\/\" \/>\n<meta property=\"og:locale\" content=\"pl_PL\" \/>\n<meta property=\"og:type\" content=\"article\" \/>\n<meta property=\"og:title\" content=\"O Nailner - Nailner\" \/>\n<meta property=\"og:description\" content=\"Nailner to wi\u0119cej ni\u017c kuracja przeciwgrzybicza. Wi\u0119kszo\u015b\u0107 produkt\u00f3w Nailner poprawia r\u00f3wnie\u017c wygl\u0105d paznokcia.\" \/>\n<meta property=\"og:url\" content=\"https:\/\/nailner.com\/pl\/o-nailner\/\" \/>\n<meta property=\"og:site_name\" content=\"Nailner\" \/>\n<meta property=\"article:modified_time\" content=\"2026-01-07T09:06:44+00:00\" \/>\n<meta property=\"og:image\" content=\"https:\/\/nailner.com\/cdn-cgi\/image\/format=auto\/app\/uploads\/sites\/9\/2022\/05\/assortmentbathroompla01-1.jpeg\" \/>\n<meta name=\"twitter:card\" content=\"summary_large_image\" \/>\n<meta name=\"twitter:label1\" content=\"Szacowany czas czytania\" \/>\n\t<meta name=\"twitter:data1\" content=\"3 minuty\" \/>\n<script type=\"application\/ld+json\" class=\"yoast-schema-graph\">{\"@context\":\"https:\/\/schema.org\",\"@graph\":[{\"@type\":\"WebPage\",\"@id\":\"https:\/\/nailner.com\/pl\/o-nailner\/\",\"url\":\"https:\/\/nailner.com\/pl\/o-nailner\/\",\"name\":\"O Nailner - Nailner\",\"isPartOf\":{\"@id\":\"https:\/\/multisite.nailner.com\/pl\/#website\"},\"primaryImageOfPage\":{\"@id\":\"https:\/\/nailner.com\/pl\/o-nailner\/#primaryimage\"},\"image\":{\"@id\":\"https:\/\/nailner.com\/pl\/o-nailner\/#primaryimage\"},\"thumbnailUrl\":\"https:\/\/nailner.com\/cdn-cgi\/image\/format=auto\/app\/uploads\/sites\/9\/2022\/05\/assortmentbathroompla01-1.jpeg\",\"datePublished\":\"2022-05-31T09:35:19+00:00\",\"dateModified\":\"2026-01-07T09:06:44+00:00\",\"description\":\"Nailner to wi\u0119cej ni\u017c kuracja przeciwgrzybicza. Wi\u0119kszo\u015b\u0107 produkt\u00f3w Nailner poprawia r\u00f3wnie\u017c wygl\u0105d paznokcia.\",\"breadcrumb\":{\"@id\":\"https:\/\/nailner.com\/pl\/o-nailner\/#breadcrumb\"},\"inLanguage\":\"pl-PL\",\"potentialAction\":[{\"@type\":\"ReadAction\",\"target\":[\"https:\/\/nailner.com\/pl\/o-nailner\/\"]}]},{\"@type\":\"ImageObject\",\"inLanguage\":\"pl-PL\",\"@id\":\"https:\/\/nailner.com\/pl\/o-nailner\/#primaryimage\",\"url\":\"https:\/\/nailner.com\/cdn-cgi\/image\/format=auto\/app\/uploads\/sites\/9\/2022\/05\/assortmentbathroompla01-1.jpeg\",\"contentUrl\":\"https:\/\/nailner.com\/cdn-cgi\/image\/format=auto\/app\/uploads\/sites\/9\/2022\/05\/assortmentbathroompla01-1.jpeg\"},{\"@type\":\"BreadcrumbList\",\"@id\":\"https:\/\/nailner.com\/pl\/o-nailner\/#breadcrumb\",\"itemListElement\":[{\"@type\":\"ListItem\",\"position\":1,\"name\":\"Home\",\"item\":\"https:\/\/nailner.com\/pl\/\"},{\"@type\":\"ListItem\",\"position\":2,\"name\":\"O Nailner\"}]},{\"@type\":\"WebSite\",\"@id\":\"https:\/\/multisite.nailner.com\/pl\/#website\",\"url\":\"https:\/\/multisite.nailner.com\/pl\/\",\"name\":\"Nailner\",\"description\":\"\",\"publisher\":{\"@id\":\"https:\/\/multisite.nailner.com\/pl\/#organization\"},\"potentialAction\":[{\"@type\":\"SearchAction\",\"target\":{\"@type\":\"EntryPoint\",\"urlTemplate\":\"https:\/\/multisite.nailner.com\/pl\/?s={search_term_string}\"},\"query-input\":{\"@type\":\"PropertyValueSpecification\",\"valueRequired\":true,\"valueName\":\"search_term_string\"}}],\"inLanguage\":\"pl-PL\"},{\"@type\":\"Organization\",\"@id\":\"https:\/\/multisite.nailner.com\/pl\/#organization\",\"name\":\"Nailner\",\"url\":\"https:\/\/multisite.nailner.com\/pl\/\",\"logo\":{\"@type\":\"ImageObject\",\"inLanguage\":\"pl-PL\",\"@id\":\"https:\/\/multisite.nailner.com\/pl\/#\/schema\/logo\/image\/\",\"url\":\"https:\/\/nailner.com\/app\/uploads\/sites\/9\/2025\/04\/Nailner-logo.png\",\"contentUrl\":\"https:\/\/nailner.com\/app\/uploads\/sites\/9\/2025\/04\/Nailner-logo.png\",\"width\":134,\"height\":32,\"caption\":\"Nailner\"},\"image\":{\"@id\":\"https:\/\/multisite.nailner.com\/pl\/#\/schema\/logo\/image\/\"}}]}<\/script>\n<!-- \/ Yoast SEO plugin. -->","yoast_head_json":{"title":"O Nailner - Nailner","description":"Nailner to wi\u0119cej ni\u017c kuracja przeciwgrzybicza. Wi\u0119kszo\u015b\u0107 produkt\u00f3w Nailner poprawia r\u00f3wnie\u017c wygl\u0105d paznokcia.","robots":{"index":"index","follow":"follow","max-snippet":"max-snippet:-1","max-image-preview":"max-image-preview:large","max-video-preview":"max-video-preview:-1"},"canonical":"https:\/\/nailner.com\/pl\/o-nailner\/","og_locale":"pl_PL","og_type":"article","og_title":"O Nailner - Nailner","og_description":"Nailner to wi\u0119cej ni\u017c kuracja przeciwgrzybicza. Wi\u0119kszo\u015b\u0107 produkt\u00f3w Nailner poprawia r\u00f3wnie\u017c wygl\u0105d paznokcia.","og_url":"https:\/\/nailner.com\/pl\/o-nailner\/","og_site_name":"Nailner","article_modified_time":"2026-01-07T09:06:44+00:00","og_image":[{"url":"https:\/\/nailner.com\/cdn-cgi\/image\/format=auto\/app\/uploads\/sites\/9\/2022\/05\/assortmentbathroompla01-1.jpeg","type":"","width":"","height":""}],"twitter_card":"summary_large_image","twitter_misc":{"Szacowany czas czytania":"3 minuty"},"schema":{"@context":"https:\/\/schema.org","@graph":[{"@type":"WebPage","@id":"https:\/\/nailner.com\/pl\/o-nailner\/","url":"https:\/\/nailner.com\/pl\/o-nailner\/","name":"O Nailner - Nailner","isPartOf":{"@id":"https:\/\/multisite.nailner.com\/pl\/#website"},"primaryImageOfPage":{"@id":"https:\/\/nailner.com\/pl\/o-nailner\/#primaryimage"},"image":{"@id":"https:\/\/nailner.com\/pl\/o-nailner\/#primaryimage"},"thumbnailUrl":"https:\/\/nailner.com\/cdn-cgi\/image\/format=auto\/app\/uploads\/sites\/9\/2022\/05\/assortmentbathroompla01-1.jpeg","datePublished":"2022-05-31T09:35:19+00:00","dateModified":"2026-01-07T09:06:44+00:00","description":"Nailner to wi\u0119cej ni\u017c kuracja przeciwgrzybicza. Wi\u0119kszo\u015b\u0107 produkt\u00f3w Nailner poprawia r\u00f3wnie\u017c wygl\u0105d paznokcia.","breadcrumb":{"@id":"https:\/\/nailner.com\/pl\/o-nailner\/#breadcrumb"},"inLanguage":"pl-PL","potentialAction":[{"@type":"ReadAction","target":["https:\/\/nailner.com\/pl\/o-nailner\/"]}]},{"@type":"ImageObject","inLanguage":"pl-PL","@id":"https:\/\/nailner.com\/pl\/o-nailner\/#primaryimage","url":"https:\/\/nailner.com\/cdn-cgi\/image\/format=auto\/app\/uploads\/sites\/9\/2022\/05\/assortmentbathroompla01-1.jpeg","contentUrl":"https:\/\/nailner.com\/cdn-cgi\/image\/format=auto\/app\/uploads\/sites\/9\/2022\/05\/assortmentbathroompla01-1.jpeg"},{"@type":"BreadcrumbList","@id":"https:\/\/nailner.com\/pl\/o-nailner\/#breadcrumb","itemListElement":[{"@type":"ListItem","position":1,"name":"Home","item":"https:\/\/nailner.com\/pl\/"},{"@type":"ListItem","position":2,"name":"O Nailner"}]},{"@type":"WebSite","@id":"https:\/\/multisite.nailner.com\/pl\/#website","url":"https:\/\/multisite.nailner.com\/pl\/","name":"Nailner","description":"","publisher":{"@id":"https:\/\/multisite.nailner.com\/pl\/#organization"},"potentialAction":[{"@type":"SearchAction","target":{"@type":"EntryPoint","urlTemplate":"https:\/\/multisite.nailner.com\/pl\/?s={search_term_string}"},"query-input":{"@type":"PropertyValueSpecification","valueRequired":true,"valueName":"search_term_string"}}],"inLanguage":"pl-PL"},{"@type":"Organization","@id":"https:\/\/multisite.nailner.com\/pl\/#organization","name":"Nailner","url":"https:\/\/multisite.nailner.com\/pl\/","logo":{"@type":"ImageObject","inLanguage":"pl-PL","@id":"https:\/\/multisite.nailner.com\/pl\/#\/schema\/logo\/image\/","url":"https:\/\/nailner.com\/app\/uploads\/sites\/9\/2025\/04\/Nailner-logo.png","contentUrl":"https:\/\/nailner.com\/app\/uploads\/sites\/9\/2025\/04\/Nailner-logo.png","width":134,"height":32,"caption":"Nailner"},"image":{"@id":"https:\/\/multisite.nailner.com\/pl\/#\/schema\/logo\/image\/"}}]}},"_links":{"self":[{"href":"https:\/\/nailner.com\/pl\/wp-json\/wp\/v2\/pages\/78","targetHints":{"allow":["GET"]}}],"collection":[{"href":"https:\/\/nailner.com\/pl\/wp-json\/wp\/v2\/pages"}],"about":[{"href":"https:\/\/nailner.com\/pl\/wp-json\/wp\/v2\/types\/page"}],"author":[{"embeddable":true,"href":"https:\/\/nailner.com\/pl\/wp-json\/wp\/v2\/users\/1"}],"replies":[{"embeddable":true,"href":"https:\/\/nailner.com\/pl\/wp-json\/wp\/v2\/comments?post=78"}],"version-history":[{"count":9,"href":"https:\/\/nailner.com\/pl\/wp-json\/wp\/v2\/pages\/78\/revisions"}],"predecessor-version":[{"id":341,"href":"https:\/\/nailner.com\/pl\/wp-json\/wp\/v2\/pages\/78\/revisions\/341"}],"wp:attachment":[{"href":"https:\/\/nailner.com\/pl\/wp-json\/wp\/v2\/media?parent=78"}],"wp:term":[{"taxonomy":"from-article-database","embeddable":true,"href":"https:\/\/nailner.com\/pl\/wp-json\/wp\/v2\/from-article-database?post=78"}],"curies":[{"name":"wp","href":"https:\/\/api.w.org\/{rel}","templated":true}]}}