{"id":324,"date":"2024-01-17T09:08:07","date_gmt":"2024-01-17T08:08:07","guid":{"rendered":"https:\/\/nailner.com\/pl\/?post_type=product&#038;p=324"},"modified":"2026-01-07T10:06:43","modified_gmt":"2026-01-07T09:06:43","slug":"nailner-2-w-1-sztyft","status":"publish","type":"product","link":"https:\/\/nailner.com\/pl\/product\/nailner-2-w-1-sztyft\/","title":{"rendered":"Nailner 2 w 1 sztyft"},"content":{"rendered":"\n<section class=\"wp-block-karopharma-usp is-style-secondary usp is-style-secondary\"><div class=\"usp-wrapper\">\n<section class=\"wp-block-karopharma-usp-single usp-single undefined\"><div class=\"icon\"><svg width=\"21\" height=\"16\" viewbox=\"0 0 21 16\" fill=\"none\" xmlns=\"http:\/\/www.w3.org\/2000\/svg\"><path d=\"M19.2567 0.164742L6.13095 13.2905L1.49056 8.65006C1.2709 8.4304 0.914742 8.4304 0.695039 8.65006L0.164742 9.18036C-0.0549141 9.40001 -0.0549141 9.75617 0.164742 9.97587L5.73321 15.5443C5.95287 15.764 6.30903 15.764 6.52873 15.5443L20.5825 1.4906C20.8021 1.27095 20.8021 0.914789 20.5825 0.695086L20.0521 0.164742C19.8325 -0.0549141 19.4763 -0.0549141 19.2567 0.164742Z\" fill=\"white\"><\/path><\/svg><\/div>\n<h4 class=\"has-text-align-center is-style-heading-h4 wp-block-heading\" id=\"step-1\">Krok 1<\/h4>\n\n\n\n<p class=\"has-text-align-center is-style-body-text\">Przed ka\u017cd\u0105 aplikacj\u0105 nale\u017cy oczy\u015b\u0107 paznokie\u0107 i usun\u0105\u0107 lakier. Przed u\u017cyciem nie jest konieczne pi\u0142owanie paznokcia. Stosowa\u0107 dwa razy dziennie przez pierwsze cztery tygodnie stosowania.<\/p>\n<\/section>\n\n\n\n<section class=\"wp-block-karopharma-usp-single usp-single undefined\"><div class=\"icon\"><svg width=\"21\" height=\"16\" viewbox=\"0 0 21 16\" fill=\"none\" xmlns=\"http:\/\/www.w3.org\/2000\/svg\"><path d=\"M19.2567 0.164742L6.13095 13.2905L1.49056 8.65006C1.2709 8.4304 0.914742 8.4304 0.695039 8.65006L0.164742 9.18036C-0.0549141 9.40001 -0.0549141 9.75617 0.164742 9.97587L5.73321 15.5443C5.95287 15.764 6.30903 15.764 6.52873 15.5443L20.5825 1.4906C20.8021 1.27095 20.8021 0.914789 20.5825 0.695086L20.0521 0.164742C19.8325 -0.0549141 19.4763 -0.0549141 19.2567 0.164742Z\" fill=\"white\"><\/path><\/svg><\/div>\n<h4 class=\"has-text-align-center is-style-heading-h4 wp-block-heading\" id=\"step-2\">Krok 2<\/h4>\n\n\n\n<p class=\"has-text-align-center is-style-body-text\">Nast\u0119pnie nak\u0142ada\u0107 raz dziennie, a\u017c zdrowo wygl\u0105daj\u0105cy paznokie\u0107 zast\u0105pi uszkodzony. Roztw\u00f3r nale\u017cy na\u0142o\u017cy\u0107 na ca\u0142\u0105 powierzchni\u0119 paznokcia, \u0142\u0105cznie ze spodem jego najbardziej wysuni\u0119tej kraw\u0119dzi.<\/p>\n<\/section>\n\n\n\n<section class=\"wp-block-karopharma-usp-single usp-single undefined\"><div class=\"icon\"><svg width=\"21\" height=\"16\" viewbox=\"0 0 21 16\" fill=\"none\" xmlns=\"http:\/\/www.w3.org\/2000\/svg\"><path d=\"M19.2567 0.164742L6.13095 13.2905L1.49056 8.65006C1.2709 8.4304 0.914742 8.4304 0.695039 8.65006L0.164742 9.18036C-0.0549141 9.40001 -0.0549141 9.75617 0.164742 9.97587L5.73321 15.5443C5.95287 15.764 6.30903 15.764 6.52873 15.5443L20.5825 1.4906C20.8021 1.27095 20.8021 0.914789 20.5825 0.695086L20.0521 0.164742C19.8325 -0.0549141 19.4763 -0.0549141 19.2567 0.164742Z\" fill=\"white\"><\/path><\/svg><\/div>\n<h4 class=\"has-text-align-center is-style-heading-h4 wp-block-heading\" id=\"step-3\">Krok 3<\/h4>\n\n\n\n<p class=\"has-text-align-center is-style-body-text\">Po ka\u017cdym u\u017cyciu szczelnie zamkn\u0105\u0107 butelk\u0119 lub sztyft. Produkty Nailner 2 w 1 mo\u017cna stosowa\u0107 r\u00f3wnie\u017c profilaktycznie. Aby zapobiec grzybicy paznokci, stosowa\u0107 Nailner 2 w 1 raz dziennie.<\/p>\n<\/section>\n<\/div><\/section>\n\n\n\n<div class=\"wp-block-karopharma-accordions is-style-secondary\"><div class=\"container\">\n<details class=\"wp-block-karopharma-accordion\"><summary><h2 class=\"accordion-title\">Ile aplikacji zawiera Nailner 2 in 1 sztyft?<\/h2><\/summary><div class=\"accordion-content\">\n<p>Nailner 2 w 1 sztyft zawiera 4 ml, wystarcza na ok. 400 aplikacji.<\/p>\n<\/div><\/details>\n\n\n\n<details class=\"wp-block-karopharma-accordion\"><summary><h2 class=\"accordion-title\">Co zawiera Nailner 2 w 1 sztyft?<\/h2><\/summary><div class=\"accordion-content\">\n<p>Mleczan etylu, woda, gliceryna, kwas mlekowy, kwas cytrynowy, resacetofenon.<\/p>\n<\/div><\/details>\n\n\n\n<details class=\"wp-block-karopharma-accordion\"><summary><h2 class=\"accordion-title\">Jak rozpozna\u0107, \u017ce sztyft jest zu\u017cyty?<\/h2><\/summary><div class=\"accordion-content\">\n<p>Podczas nak\u0142adania roztworu na paznokciu powinna pojawi\u0107 si\u0119 cienka, b\u0142yszcz\u0105ca warstwa, zanim zostanie wch\u0142oni\u0119ta przez paznokie\u0107. Mo\u017cna tak\u017ce wypr\u00f3bowa\u0107 sztyft na kartce papieru, je\u017celi pozostawi\u0142 mokr\u0105 lini\u0119 na papierze, w sztyfcie pozosta\u0142 jeszcze roztw\u00f3r.<\/p>\n<\/div><\/details>\n<\/div><\/div>\n","protected":false},"excerpt":{"rendered":"<p>Leczy i rozja\u015bnia paznokcie<\/p>\n","protected":false},"featured_media":325,"comment_status":"closed","ping_status":"closed","template":"","meta":{"_acf_changed":false,"footnotes":""},"product_brand":[],"product_cat":[],"product_tag":[],"class_list":{"0":"post-324","1":"product","2":"type-product","3":"status-publish","4":"has-post-thumbnail","7":"first","8":"instock","9":"shipping-taxable","10":"product-type-simple"},"acf":[],"yoast_head":"<!-- This site is optimized with the Yoast SEO plugin v26.6 - https:\/\/yoast.com\/wordpress\/plugins\/seo\/ -->\n<title>Nailner 2 w 1 sztyft - Nailner<\/title>\n<meta name=\"description\" content=\"Leczy grzybic\u0119 i wyra\u017anie rozja\u015bnia paznokcie ju\u017c w 7 dni\" \/>\n<meta name=\"robots\" content=\"index, follow, max-snippet:-1, max-image-preview:large, max-video-preview:-1\" \/>\n<link rel=\"canonical\" href=\"https:\/\/nailner.com\/pl\/product\/nailner-2-w-1-sztyft\/\" \/>\n<meta property=\"og:locale\" content=\"pl_PL\" \/>\n<meta property=\"og:type\" content=\"article\" \/>\n<meta property=\"og:title\" content=\"Nailner 2 w 1 sztyft - Nailner\" \/>\n<meta property=\"og:description\" content=\"Leczy grzybic\u0119 i wyra\u017anie rozja\u015bnia paznokcie ju\u017c w 7 dni\" \/>\n<meta property=\"og:url\" content=\"https:\/\/nailner.com\/pl\/product\/nailner-2-w-1-sztyft\/\" \/>\n<meta property=\"og:site_name\" content=\"Nailner\" \/>\n<meta property=\"article:modified_time\" content=\"2026-01-07T09:06:43+00:00\" \/>\n<meta property=\"og:image\" content=\"https:\/\/nailner.com\/app\/uploads\/sites\/9\/2024\/01\/Nailner-2-w-1-sztyft.png\" \/>\n\t<meta property=\"og:image:width\" content=\"800\" \/>\n\t<meta property=\"og:image:height\" content=\"800\" \/>\n\t<meta property=\"og:image:type\" content=\"image\/png\" \/>\n<meta name=\"twitter:card\" content=\"summary_large_image\" \/>\n<meta name=\"twitter:label1\" content=\"Szacowany czas czytania\" \/>\n\t<meta name=\"twitter:data1\" content=\"1 minuta\" \/>\n<script type=\"application\/ld+json\" class=\"yoast-schema-graph\">{\"@context\":\"https:\/\/schema.org\",\"@graph\":[{\"@type\":\"WebPage\",\"@id\":\"https:\/\/nailner.com\/pl\/product\/nailner-2-w-1-sztyft\/\",\"url\":\"https:\/\/nailner.com\/pl\/product\/nailner-2-w-1-sztyft\/\",\"name\":\"Nailner 2 w 1 sztyft - Nailner\",\"isPartOf\":{\"@id\":\"https:\/\/multisite.nailner.com\/pl\/#website\"},\"primaryImageOfPage\":{\"@id\":\"https:\/\/nailner.com\/pl\/product\/nailner-2-w-1-sztyft\/#primaryimage\"},\"image\":{\"@id\":\"https:\/\/nailner.com\/pl\/product\/nailner-2-w-1-sztyft\/#primaryimage\"},\"thumbnailUrl\":\"https:\/\/nailner.com\/app\/uploads\/sites\/9\/2024\/01\/Nailner-2-w-1-sztyft.png\",\"datePublished\":\"2024-01-17T08:08:07+00:00\",\"dateModified\":\"2026-01-07T09:06:43+00:00\",\"description\":\"Leczy grzybic\u0119 i wyra\u017anie rozja\u015bnia paznokcie ju\u017c w 7 dni\",\"breadcrumb\":{\"@id\":\"https:\/\/nailner.com\/pl\/product\/nailner-2-w-1-sztyft\/#breadcrumb\"},\"inLanguage\":\"pl-PL\",\"potentialAction\":[{\"@type\":\"ReadAction\",\"target\":[\"https:\/\/nailner.com\/pl\/product\/nailner-2-w-1-sztyft\/\"]}]},{\"@type\":\"ImageObject\",\"inLanguage\":\"pl-PL\",\"@id\":\"https:\/\/nailner.com\/pl\/product\/nailner-2-w-1-sztyft\/#primaryimage\",\"url\":\"https:\/\/nailner.com\/app\/uploads\/sites\/9\/2024\/01\/Nailner-2-w-1-sztyft.png\",\"contentUrl\":\"https:\/\/nailner.com\/app\/uploads\/sites\/9\/2024\/01\/Nailner-2-w-1-sztyft.png\",\"width\":800,\"height\":800,\"caption\":\"Nailner 2 w 1 sztyft\"},{\"@type\":\"BreadcrumbList\",\"@id\":\"https:\/\/nailner.com\/pl\/product\/nailner-2-w-1-sztyft\/#breadcrumb\",\"itemListElement\":[{\"@type\":\"ListItem\",\"position\":1,\"name\":\"Home\",\"item\":\"https:\/\/nailner.com\/pl\/\"},{\"@type\":\"ListItem\",\"position\":2,\"name\":\"Produkty\",\"item\":\"https:\/\/nailner.com\/pl\/produkty\/\"},{\"@type\":\"ListItem\",\"position\":3,\"name\":\"Nailner 2 w 1 sztyft\"}]},{\"@type\":\"WebSite\",\"@id\":\"https:\/\/multisite.nailner.com\/pl\/#website\",\"url\":\"https:\/\/multisite.nailner.com\/pl\/\",\"name\":\"Nailner\",\"description\":\"\",\"publisher\":{\"@id\":\"https:\/\/multisite.nailner.com\/pl\/#organization\"},\"potentialAction\":[{\"@type\":\"SearchAction\",\"target\":{\"@type\":\"EntryPoint\",\"urlTemplate\":\"https:\/\/multisite.nailner.com\/pl\/?s={search_term_string}\"},\"query-input\":{\"@type\":\"PropertyValueSpecification\",\"valueRequired\":true,\"valueName\":\"search_term_string\"}}],\"inLanguage\":\"pl-PL\"},{\"@type\":\"Organization\",\"@id\":\"https:\/\/multisite.nailner.com\/pl\/#organization\",\"name\":\"Nailner\",\"url\":\"https:\/\/multisite.nailner.com\/pl\/\",\"logo\":{\"@type\":\"ImageObject\",\"inLanguage\":\"pl-PL\",\"@id\":\"https:\/\/multisite.nailner.com\/pl\/#\/schema\/logo\/image\/\",\"url\":\"https:\/\/nailner.com\/app\/uploads\/sites\/9\/2025\/04\/Nailner-logo.png\",\"contentUrl\":\"https:\/\/nailner.com\/app\/uploads\/sites\/9\/2025\/04\/Nailner-logo.png\",\"width\":134,\"height\":32,\"caption\":\"Nailner\"},\"image\":{\"@id\":\"https:\/\/multisite.nailner.com\/pl\/#\/schema\/logo\/image\/\"}}]}<\/script>\n<!-- \/ Yoast SEO plugin. -->","yoast_head_json":{"title":"Nailner 2 w 1 sztyft - Nailner","description":"Leczy grzybic\u0119 i wyra\u017anie rozja\u015bnia paznokcie ju\u017c w 7 dni","robots":{"index":"index","follow":"follow","max-snippet":"max-snippet:-1","max-image-preview":"max-image-preview:large","max-video-preview":"max-video-preview:-1"},"canonical":"https:\/\/nailner.com\/pl\/product\/nailner-2-w-1-sztyft\/","og_locale":"pl_PL","og_type":"article","og_title":"Nailner 2 w 1 sztyft - Nailner","og_description":"Leczy grzybic\u0119 i wyra\u017anie rozja\u015bnia paznokcie ju\u017c w 7 dni","og_url":"https:\/\/nailner.com\/pl\/product\/nailner-2-w-1-sztyft\/","og_site_name":"Nailner","article_modified_time":"2026-01-07T09:06:43+00:00","og_image":[{"width":800,"height":800,"url":"https:\/\/nailner.com\/app\/uploads\/sites\/9\/2024\/01\/Nailner-2-w-1-sztyft.png","type":"image\/png"}],"twitter_card":"summary_large_image","twitter_misc":{"Szacowany czas czytania":"1 minuta"},"schema":{"@context":"https:\/\/schema.org","@graph":[{"@type":"WebPage","@id":"https:\/\/nailner.com\/pl\/product\/nailner-2-w-1-sztyft\/","url":"https:\/\/nailner.com\/pl\/product\/nailner-2-w-1-sztyft\/","name":"Nailner 2 w 1 sztyft - Nailner","isPartOf":{"@id":"https:\/\/multisite.nailner.com\/pl\/#website"},"primaryImageOfPage":{"@id":"https:\/\/nailner.com\/pl\/product\/nailner-2-w-1-sztyft\/#primaryimage"},"image":{"@id":"https:\/\/nailner.com\/pl\/product\/nailner-2-w-1-sztyft\/#primaryimage"},"thumbnailUrl":"https:\/\/nailner.com\/app\/uploads\/sites\/9\/2024\/01\/Nailner-2-w-1-sztyft.png","datePublished":"2024-01-17T08:08:07+00:00","dateModified":"2026-01-07T09:06:43+00:00","description":"Leczy grzybic\u0119 i wyra\u017anie rozja\u015bnia paznokcie ju\u017c w 7 dni","breadcrumb":{"@id":"https:\/\/nailner.com\/pl\/product\/nailner-2-w-1-sztyft\/#breadcrumb"},"inLanguage":"pl-PL","potentialAction":[{"@type":"ReadAction","target":["https:\/\/nailner.com\/pl\/product\/nailner-2-w-1-sztyft\/"]}]},{"@type":"ImageObject","inLanguage":"pl-PL","@id":"https:\/\/nailner.com\/pl\/product\/nailner-2-w-1-sztyft\/#primaryimage","url":"https:\/\/nailner.com\/app\/uploads\/sites\/9\/2024\/01\/Nailner-2-w-1-sztyft.png","contentUrl":"https:\/\/nailner.com\/app\/uploads\/sites\/9\/2024\/01\/Nailner-2-w-1-sztyft.png","width":800,"height":800,"caption":"Nailner 2 w 1 sztyft"},{"@type":"BreadcrumbList","@id":"https:\/\/nailner.com\/pl\/product\/nailner-2-w-1-sztyft\/#breadcrumb","itemListElement":[{"@type":"ListItem","position":1,"name":"Home","item":"https:\/\/nailner.com\/pl\/"},{"@type":"ListItem","position":2,"name":"Produkty","item":"https:\/\/nailner.com\/pl\/produkty\/"},{"@type":"ListItem","position":3,"name":"Nailner 2 w 1 sztyft"}]},{"@type":"WebSite","@id":"https:\/\/multisite.nailner.com\/pl\/#website","url":"https:\/\/multisite.nailner.com\/pl\/","name":"Nailner","description":"","publisher":{"@id":"https:\/\/multisite.nailner.com\/pl\/#organization"},"potentialAction":[{"@type":"SearchAction","target":{"@type":"EntryPoint","urlTemplate":"https:\/\/multisite.nailner.com\/pl\/?s={search_term_string}"},"query-input":{"@type":"PropertyValueSpecification","valueRequired":true,"valueName":"search_term_string"}}],"inLanguage":"pl-PL"},{"@type":"Organization","@id":"https:\/\/multisite.nailner.com\/pl\/#organization","name":"Nailner","url":"https:\/\/multisite.nailner.com\/pl\/","logo":{"@type":"ImageObject","inLanguage":"pl-PL","@id":"https:\/\/multisite.nailner.com\/pl\/#\/schema\/logo\/image\/","url":"https:\/\/nailner.com\/app\/uploads\/sites\/9\/2025\/04\/Nailner-logo.png","contentUrl":"https:\/\/nailner.com\/app\/uploads\/sites\/9\/2025\/04\/Nailner-logo.png","width":134,"height":32,"caption":"Nailner"},"image":{"@id":"https:\/\/multisite.nailner.com\/pl\/#\/schema\/logo\/image\/"}}]}},"_links":{"self":[{"href":"https:\/\/nailner.com\/pl\/wp-json\/wp\/v2\/product\/324","targetHints":{"allow":["GET"]}}],"collection":[{"href":"https:\/\/nailner.com\/pl\/wp-json\/wp\/v2\/product"}],"about":[{"href":"https:\/\/nailner.com\/pl\/wp-json\/wp\/v2\/types\/product"}],"replies":[{"embeddable":true,"href":"https:\/\/nailner.com\/pl\/wp-json\/wp\/v2\/comments?post=324"}],"version-history":[{"count":2,"href":"https:\/\/nailner.com\/pl\/wp-json\/wp\/v2\/product\/324\/revisions"}],"predecessor-version":[{"id":327,"href":"https:\/\/nailner.com\/pl\/wp-json\/wp\/v2\/product\/324\/revisions\/327"}],"wp:featuredmedia":[{"embeddable":true,"href":"https:\/\/nailner.com\/pl\/wp-json\/wp\/v2\/media\/325"}],"wp:attachment":[{"href":"https:\/\/nailner.com\/pl\/wp-json\/wp\/v2\/media?parent=324"}],"wp:term":[{"taxonomy":"product_brand","embeddable":true,"href":"https:\/\/nailner.com\/pl\/wp-json\/wp\/v2\/product_brand?post=324"},{"taxonomy":"product_cat","embeddable":true,"href":"https:\/\/nailner.com\/pl\/wp-json\/wp\/v2\/product_cat?post=324"},{"taxonomy":"product_tag","embeddable":true,"href":"https:\/\/nailner.com\/pl\/wp-json\/wp\/v2\/product_tag?post=324"}],"curies":[{"name":"wp","href":"https:\/\/api.w.org\/{rel}","templated":true}]}}