{"id":109,"date":"2022-12-30T07:41:51","date_gmt":"2022-12-30T07:41:51","guid":{"rendered":"https:\/\/nailner.com\/pt\/?page_id=109"},"modified":"2025-06-18T07:49:06","modified_gmt":"2025-06-18T06:49:06","slug":"quais-as-causas-das-infecoes-fungicas-e-quais-os-fatores-de-risco","status":"publish","type":"page","link":"https:\/\/nailner.com\/pt\/acerca-da-infecao-fungica-da-unha\/quais-as-causas-das-infecoes-fungicas-e-quais-os-fatores-de-risco\/","title":{"rendered":"Quais as causas das infe\u00e7\u00f5es f\u00fangicas e quais os fatores de risco?"},"content":{"rendered":"\n<div class=\"wp-block-karopharma-free-text pt-medium pb-medium bg-center bg-cover bg-no-repeat  is-style-secondary\" style=\"background-image:url()\"><div class=\"free-text-wrapper container max-w-medium text-left\">\n<h1 class=\"wp-block-heading\">Quais as causas das infe\u00e7\u00f5es f\u00fangicas e quais os fatores de risco?<\/h1>\n\n\n\n<p>As infe\u00e7\u00f5es f\u00fangicas s\u00e3o causadas por tr\u00eas diferentes tipos de fungos: dermat\u00f3fitos, leveduras e bolores n\u00e3o dermat\u00f3fitos.<\/p>\n<\/div><\/div>\n\n\n\n<div class=\"wp-block-karopharma-free-text pt-medium pb-medium bg-center bg-cover bg-no-repeat\" style=\"background-image:url()\"><div class=\"free-text-wrapper container max-w-medium text-left\">\n<p>Os fungos s\u00e3o organismos simples e parasit\u00e1rios que n\u00e3o necessitam da luz do sol para crescer.&nbsp; As unhas dos p\u00e9s s\u00e3o, portanto, particularmente suscet\u00edveis uma vez que os fungos preferem locais escuros e h\u00famidos.<\/p>\n\n\n\n<p>Piscinas, balne\u00e1rios e chuveiros s\u00e3o normalmente locais que albergam este tipo de fungo. Doen\u00e7as cr\u00f3nicas tais como a diabetes, problemas de circula\u00e7\u00e3o, doen\u00e7as com defici\u00eancias a n\u00edvel imunit\u00e1rio bem como antecedentes de p\u00e9 de atleta ou hist\u00f3rico de transpira\u00e7\u00e3o excessiva tamb\u00e9m aumentam a propens\u00e3o ao desenvolvimento de fungos nas unhas.<\/p>\n\n\n\n<p>O processo de envelhecimento leva a uma diminui\u00e7\u00e3o na hidrata\u00e7\u00e3o das unhas e ao aparecimento de fissuras na unha.<\/p>\n\n\n\n<p>\u00c9 por esta raz\u00e3o que as crian\u00e7as s\u00e3o menos suscet\u00edveis aos fungos nas unhas pois as suas unhas s\u00e3o normalmente mais fortes, mais saud\u00e1veis e sem fissuras. Se as suas unhas s\u00e3o quebradi\u00e7as, normalmente fr\u00e1geis ou se se encontram enfraquecidas como resultado de uma les\u00e3o, torna-se mais f\u00e1cil os dermat\u00f3fitos infetarem a unha.<\/p>\n\n\n\n<h3 class=\"wp-block-heading is-style-heading-h3\"><strong>Fatores de risco:<\/strong><\/h3>\n\n\n\n<ul class=\"wp-block-list is-style-icon\">\n<li>Os homens t\u00eam mais tend\u00eancia a infe\u00e7\u00f5es f\u00fangicas das unhas do que as mulheres<\/li>\n\n\n\n<li>Antecedentes familiares<\/li>\n\n\n\n<li>Fumar<\/li>\n\n\n\n<li>Diabetes<\/li>\n\n\n\n<li>Frequentar \u00e1reas sociais comuns propensas a humidades (chuveiros de gin\u00e1sio)<\/li>\n\n\n\n<li>Usar meias molhadas durante longos per\u00edodos de tempo (durante a pr\u00e1tica de desporto)<\/li>\n<\/ul>\n<\/div><\/div>\n","protected":false},"excerpt":{"rendered":"","protected":false},"author":3,"featured_media":0,"parent":82,"menu_order":0,"comment_status":"closed","ping_status":"closed","template":"","meta":{"_acf_changed":false,"footnotes":""},"from-article-database":[],"class_list":["post-109","page","type-page","status-publish","hentry"],"acf":[],"yoast_head":"<!-- This site is optimized with the Yoast SEO plugin v26.6 - https:\/\/yoast.com\/wordpress\/plugins\/seo\/ -->\n<title>Quais as causas das infe\u00e7\u00f5es f\u00fangicas e quais os fatores de risco? - Nailner<\/title>\n<meta name=\"description\" content=\"As infe\u00e7\u00f5es f\u00fangicas s\u00e3o causadas por tr\u00eas diferentes tipos de fungos: dermat\u00f3fitos, leveduras e bolores n\u00e3o dermat\u00f3fitos.\" \/>\n<meta name=\"robots\" content=\"index, follow, max-snippet:-1, max-image-preview:large, max-video-preview:-1\" \/>\n<link rel=\"canonical\" href=\"https:\/\/nailner.com\/pt\/acerca-da-infecao-fungica-da-unha\/quais-as-causas-das-infecoes-fungicas-e-quais-os-fatores-de-risco\/\" \/>\n<meta property=\"og:locale\" content=\"pt_PT\" \/>\n<meta property=\"og:type\" content=\"article\" \/>\n<meta property=\"og:title\" content=\"Quais as causas das infe\u00e7\u00f5es f\u00fangicas e quais os fatores de risco? - Nailner\" \/>\n<meta property=\"og:description\" content=\"As infe\u00e7\u00f5es f\u00fangicas s\u00e3o causadas por tr\u00eas diferentes tipos de fungos: dermat\u00f3fitos, leveduras e bolores n\u00e3o dermat\u00f3fitos.\" \/>\n<meta property=\"og:url\" content=\"https:\/\/nailner.com\/pt\/acerca-da-infecao-fungica-da-unha\/quais-as-causas-das-infecoes-fungicas-e-quais-os-fatores-de-risco\/\" \/>\n<meta property=\"og:site_name\" content=\"Nailner\" \/>\n<meta property=\"article:modified_time\" content=\"2025-06-18T06:49:06+00:00\" \/>\n<meta name=\"twitter:card\" content=\"summary_large_image\" \/>\n<meta name=\"twitter:label1\" content=\"Tempo estimado de leitura\" \/>\n\t<meta name=\"twitter:data1\" content=\"2 minutos\" \/>\n<script type=\"application\/ld+json\" class=\"yoast-schema-graph\">{\"@context\":\"https:\/\/schema.org\",\"@graph\":[{\"@type\":\"WebPage\",\"@id\":\"https:\/\/nailner.com\/pt\/acerca-da-infecao-fungica-da-unha\/quais-as-causas-das-infecoes-fungicas-e-quais-os-fatores-de-risco\/\",\"url\":\"https:\/\/nailner.com\/pt\/acerca-da-infecao-fungica-da-unha\/quais-as-causas-das-infecoes-fungicas-e-quais-os-fatores-de-risco\/\",\"name\":\"Quais as causas das infe\u00e7\u00f5es f\u00fangicas e quais os fatores de risco? - Nailner\",\"isPartOf\":{\"@id\":\"https:\/\/nailner.com\/pt\/#website\"},\"datePublished\":\"2022-12-30T07:41:51+00:00\",\"dateModified\":\"2025-06-18T06:49:06+00:00\",\"description\":\"As infe\u00e7\u00f5es f\u00fangicas s\u00e3o causadas por tr\u00eas diferentes tipos de fungos: dermat\u00f3fitos, leveduras e bolores n\u00e3o dermat\u00f3fitos.\",\"breadcrumb\":{\"@id\":\"https:\/\/nailner.com\/pt\/acerca-da-infecao-fungica-da-unha\/quais-as-causas-das-infecoes-fungicas-e-quais-os-fatores-de-risco\/#breadcrumb\"},\"inLanguage\":\"pt-PT\",\"potentialAction\":[{\"@type\":\"ReadAction\",\"target\":[\"https:\/\/nailner.com\/pt\/acerca-da-infecao-fungica-da-unha\/quais-as-causas-das-infecoes-fungicas-e-quais-os-fatores-de-risco\/\"]}]},{\"@type\":\"BreadcrumbList\",\"@id\":\"https:\/\/nailner.com\/pt\/acerca-da-infecao-fungica-da-unha\/quais-as-causas-das-infecoes-fungicas-e-quais-os-fatores-de-risco\/#breadcrumb\",\"itemListElement\":[{\"@type\":\"ListItem\",\"position\":1,\"name\":\"Home\",\"item\":\"https:\/\/nailner.com\/pt\/\"},{\"@type\":\"ListItem\",\"position\":2,\"name\":\"Acerca da infe\u00e7\u00e3o f\u00fangica da unha\",\"item\":\"https:\/\/nailner.com\/pt\/acerca-da-infecao-fungica-da-unha\/\"},{\"@type\":\"ListItem\",\"position\":3,\"name\":\"Quais as causas das infe\u00e7\u00f5es f\u00fangicas e quais os fatores de risco?\"}]},{\"@type\":\"WebSite\",\"@id\":\"https:\/\/nailner.com\/pt\/#website\",\"url\":\"https:\/\/nailner.com\/pt\/\",\"name\":\"Nailner\",\"description\":\"\",\"publisher\":{\"@id\":\"https:\/\/nailner.com\/pt\/#organization\"},\"potentialAction\":[{\"@type\":\"SearchAction\",\"target\":{\"@type\":\"EntryPoint\",\"urlTemplate\":\"https:\/\/nailner.com\/pt\/?s={search_term_string}\"},\"query-input\":{\"@type\":\"PropertyValueSpecification\",\"valueRequired\":true,\"valueName\":\"search_term_string\"}}],\"inLanguage\":\"pt-PT\"},{\"@type\":\"Organization\",\"@id\":\"https:\/\/nailner.com\/pt\/#organization\",\"name\":\"Nailner\",\"url\":\"https:\/\/nailner.com\/pt\/\",\"logo\":{\"@type\":\"ImageObject\",\"inLanguage\":\"pt-PT\",\"@id\":\"https:\/\/nailner.com\/pt\/#\/schema\/logo\/image\/\",\"url\":\"https:\/\/nailner.com\/app\/uploads\/sites\/17\/2025\/04\/Nailner-logo.png\",\"contentUrl\":\"https:\/\/nailner.com\/app\/uploads\/sites\/17\/2025\/04\/Nailner-logo.png\",\"width\":134,\"height\":32,\"caption\":\"Nailner\"},\"image\":{\"@id\":\"https:\/\/nailner.com\/pt\/#\/schema\/logo\/image\/\"}}]}<\/script>\n<!-- \/ Yoast SEO plugin. -->","yoast_head_json":{"title":"Quais as causas das infe\u00e7\u00f5es f\u00fangicas e quais os fatores de risco? - Nailner","description":"As infe\u00e7\u00f5es f\u00fangicas s\u00e3o causadas por tr\u00eas diferentes tipos de fungos: dermat\u00f3fitos, leveduras e bolores n\u00e3o dermat\u00f3fitos.","robots":{"index":"index","follow":"follow","max-snippet":"max-snippet:-1","max-image-preview":"max-image-preview:large","max-video-preview":"max-video-preview:-1"},"canonical":"https:\/\/nailner.com\/pt\/acerca-da-infecao-fungica-da-unha\/quais-as-causas-das-infecoes-fungicas-e-quais-os-fatores-de-risco\/","og_locale":"pt_PT","og_type":"article","og_title":"Quais as causas das infe\u00e7\u00f5es f\u00fangicas e quais os fatores de risco? - Nailner","og_description":"As infe\u00e7\u00f5es f\u00fangicas s\u00e3o causadas por tr\u00eas diferentes tipos de fungos: dermat\u00f3fitos, leveduras e bolores n\u00e3o dermat\u00f3fitos.","og_url":"https:\/\/nailner.com\/pt\/acerca-da-infecao-fungica-da-unha\/quais-as-causas-das-infecoes-fungicas-e-quais-os-fatores-de-risco\/","og_site_name":"Nailner","article_modified_time":"2025-06-18T06:49:06+00:00","twitter_card":"summary_large_image","twitter_misc":{"Tempo estimado de leitura":"2 minutos"},"schema":{"@context":"https:\/\/schema.org","@graph":[{"@type":"WebPage","@id":"https:\/\/nailner.com\/pt\/acerca-da-infecao-fungica-da-unha\/quais-as-causas-das-infecoes-fungicas-e-quais-os-fatores-de-risco\/","url":"https:\/\/nailner.com\/pt\/acerca-da-infecao-fungica-da-unha\/quais-as-causas-das-infecoes-fungicas-e-quais-os-fatores-de-risco\/","name":"Quais as causas das infe\u00e7\u00f5es f\u00fangicas e quais os fatores de risco? - Nailner","isPartOf":{"@id":"https:\/\/nailner.com\/pt\/#website"},"datePublished":"2022-12-30T07:41:51+00:00","dateModified":"2025-06-18T06:49:06+00:00","description":"As infe\u00e7\u00f5es f\u00fangicas s\u00e3o causadas por tr\u00eas diferentes tipos de fungos: dermat\u00f3fitos, leveduras e bolores n\u00e3o dermat\u00f3fitos.","breadcrumb":{"@id":"https:\/\/nailner.com\/pt\/acerca-da-infecao-fungica-da-unha\/quais-as-causas-das-infecoes-fungicas-e-quais-os-fatores-de-risco\/#breadcrumb"},"inLanguage":"pt-PT","potentialAction":[{"@type":"ReadAction","target":["https:\/\/nailner.com\/pt\/acerca-da-infecao-fungica-da-unha\/quais-as-causas-das-infecoes-fungicas-e-quais-os-fatores-de-risco\/"]}]},{"@type":"BreadcrumbList","@id":"https:\/\/nailner.com\/pt\/acerca-da-infecao-fungica-da-unha\/quais-as-causas-das-infecoes-fungicas-e-quais-os-fatores-de-risco\/#breadcrumb","itemListElement":[{"@type":"ListItem","position":1,"name":"Home","item":"https:\/\/nailner.com\/pt\/"},{"@type":"ListItem","position":2,"name":"Acerca da infe\u00e7\u00e3o f\u00fangica da unha","item":"https:\/\/nailner.com\/pt\/acerca-da-infecao-fungica-da-unha\/"},{"@type":"ListItem","position":3,"name":"Quais as causas das infe\u00e7\u00f5es f\u00fangicas e quais os fatores de risco?"}]},{"@type":"WebSite","@id":"https:\/\/nailner.com\/pt\/#website","url":"https:\/\/nailner.com\/pt\/","name":"Nailner","description":"","publisher":{"@id":"https:\/\/nailner.com\/pt\/#organization"},"potentialAction":[{"@type":"SearchAction","target":{"@type":"EntryPoint","urlTemplate":"https:\/\/nailner.com\/pt\/?s={search_term_string}"},"query-input":{"@type":"PropertyValueSpecification","valueRequired":true,"valueName":"search_term_string"}}],"inLanguage":"pt-PT"},{"@type":"Organization","@id":"https:\/\/nailner.com\/pt\/#organization","name":"Nailner","url":"https:\/\/nailner.com\/pt\/","logo":{"@type":"ImageObject","inLanguage":"pt-PT","@id":"https:\/\/nailner.com\/pt\/#\/schema\/logo\/image\/","url":"https:\/\/nailner.com\/app\/uploads\/sites\/17\/2025\/04\/Nailner-logo.png","contentUrl":"https:\/\/nailner.com\/app\/uploads\/sites\/17\/2025\/04\/Nailner-logo.png","width":134,"height":32,"caption":"Nailner"},"image":{"@id":"https:\/\/nailner.com\/pt\/#\/schema\/logo\/image\/"}}]}},"_links":{"self":[{"href":"https:\/\/nailner.com\/pt\/wp-json\/wp\/v2\/pages\/109","targetHints":{"allow":["GET"]}}],"collection":[{"href":"https:\/\/nailner.com\/pt\/wp-json\/wp\/v2\/pages"}],"about":[{"href":"https:\/\/nailner.com\/pt\/wp-json\/wp\/v2\/types\/page"}],"author":[{"embeddable":true,"href":"https:\/\/nailner.com\/pt\/wp-json\/wp\/v2\/users\/3"}],"replies":[{"embeddable":true,"href":"https:\/\/nailner.com\/pt\/wp-json\/wp\/v2\/comments?post=109"}],"version-history":[{"count":4,"href":"https:\/\/nailner.com\/pt\/wp-json\/wp\/v2\/pages\/109\/revisions"}],"predecessor-version":[{"id":312,"href":"https:\/\/nailner.com\/pt\/wp-json\/wp\/v2\/pages\/109\/revisions\/312"}],"up":[{"embeddable":true,"href":"https:\/\/nailner.com\/pt\/wp-json\/wp\/v2\/pages\/82"}],"wp:attachment":[{"href":"https:\/\/nailner.com\/pt\/wp-json\/wp\/v2\/media?parent=109"}],"wp:term":[{"taxonomy":"from-article-database","embeddable":true,"href":"https:\/\/nailner.com\/pt\/wp-json\/wp\/v2\/from-article-database?post=109"}],"curies":[{"name":"wp","href":"https:\/\/api.w.org\/{rel}","templated":true}]}}