{"id":116,"date":"2022-12-30T07:43:34","date_gmt":"2022-12-30T07:43:34","guid":{"rendered":"https:\/\/nailner.com\/pt\/?page_id=116"},"modified":"2025-06-18T07:53:02","modified_gmt":"2025-06-18T06:53:02","slug":"complicacoes","status":"publish","type":"page","link":"https:\/\/nailner.com\/pt\/acerca-da-infecao-fungica-da-unha\/complicacoes\/","title":{"rendered":"Complica\u00e7\u00f5es"},"content":{"rendered":"\n<div class=\"wp-block-karopharma-free-text pt-medium pb-medium bg-center bg-cover bg-no-repeat  is-style-secondary\" style=\"background-image:url()\"><div class=\"free-text-wrapper container max-w-medium text-left\">\n<h1 class=\"wp-block-heading\">Complica\u00e7\u00f5es<\/h1>\n\n\n\n<p>As infe\u00e7\u00f5es f\u00fangicas n\u00e3o desaparecem por si s\u00f3 e quando n\u00e3o s\u00e3o tratadas podem surgir outras complica\u00e7\u00f5es. As infe\u00e7\u00f5es f\u00fangicas podem ser dolorosas e podem causar danos permanentes nas unhas.<\/p>\n<\/div><\/div>\n\n\n\n<div class=\"wp-block-karopharma-free-text pt-medium pb-medium bg-center bg-cover bg-no-repeat\" style=\"background-image:url()\"><div class=\"free-text-wrapper container max-w-medium text-left\">\n<p><strong>Uma complica\u00e7\u00e3o frequente \u00e9 a chamada unha encravada.<\/strong><\/p>\n\n\n\n<h3 class=\"wp-block-heading is-style-heading-h3\"><strong>Unha encravada<\/strong><\/h3>\n\n\n\n<p>As infe\u00e7\u00f5es f\u00fangicas podem originar uma unha do p\u00e9 deformada que se torna uma unha encravada. Uma unha encravada cresce dentro da pele em vez de crescer sobre a pele. Esta situa\u00e7\u00e3o ocorre normalmente no dedo grande do p\u00e9 mas tamb\u00e9m pode acontecer em qualquer outra unha. Uma unha encravada pode infetar tornando a \u00e1rea circundante avermelhada e inchada, largando pus.<\/p>\n\n\n\n<p>As pessoas com unhas curvadas ou unhas mais espessas t\u00eam mais propens\u00e3o a unhas encravadas. Esta situa\u00e7\u00e3o tamb\u00e9m \u00e9 mais frequente em adultos com mais idade.<\/p>\n<\/div><\/div>\n","protected":false},"excerpt":{"rendered":"","protected":false},"author":3,"featured_media":0,"parent":82,"menu_order":0,"comment_status":"closed","ping_status":"closed","template":"","meta":{"_acf_changed":false,"footnotes":""},"from-article-database":[],"class_list":["post-116","page","type-page","status-publish","hentry"],"acf":[],"yoast_head":"<!-- This site is optimized with the Yoast SEO plugin v26.6 - https:\/\/yoast.com\/wordpress\/plugins\/seo\/ -->\n<title>Complica\u00e7\u00f5es - Nailner<\/title>\n<meta name=\"description\" content=\"As infe\u00e7\u00f5es f\u00fangicas n\u00e3o desaparecem por si s\u00f3 e quando n\u00e3o s\u00e3o tratadas podem surgir outras complica\u00e7\u00f5es.\" \/>\n<meta name=\"robots\" content=\"index, follow, max-snippet:-1, max-image-preview:large, max-video-preview:-1\" \/>\n<link rel=\"canonical\" href=\"https:\/\/nailner.com\/pt\/acerca-da-infecao-fungica-da-unha\/complicacoes\/\" \/>\n<meta property=\"og:locale\" content=\"pt_PT\" \/>\n<meta property=\"og:type\" content=\"article\" \/>\n<meta property=\"og:title\" content=\"Complica\u00e7\u00f5es - Nailner\" \/>\n<meta property=\"og:description\" content=\"As infe\u00e7\u00f5es f\u00fangicas n\u00e3o desaparecem por si s\u00f3 e quando n\u00e3o s\u00e3o tratadas podem surgir outras complica\u00e7\u00f5es.\" \/>\n<meta property=\"og:url\" content=\"https:\/\/nailner.com\/pt\/acerca-da-infecao-fungica-da-unha\/complicacoes\/\" \/>\n<meta property=\"og:site_name\" content=\"Nailner\" \/>\n<meta property=\"article:modified_time\" content=\"2025-06-18T06:53:02+00:00\" \/>\n<meta name=\"twitter:card\" content=\"summary_large_image\" \/>\n<meta name=\"twitter:label1\" content=\"Tempo estimado de leitura\" \/>\n\t<meta name=\"twitter:data1\" content=\"1 minuto\" \/>\n<script type=\"application\/ld+json\" class=\"yoast-schema-graph\">{\"@context\":\"https:\/\/schema.org\",\"@graph\":[{\"@type\":\"WebPage\",\"@id\":\"https:\/\/nailner.com\/pt\/acerca-da-infecao-fungica-da-unha\/complicacoes\/\",\"url\":\"https:\/\/nailner.com\/pt\/acerca-da-infecao-fungica-da-unha\/complicacoes\/\",\"name\":\"Complica\u00e7\u00f5es - Nailner\",\"isPartOf\":{\"@id\":\"https:\/\/nailner.com\/pt\/#website\"},\"datePublished\":\"2022-12-30T07:43:34+00:00\",\"dateModified\":\"2025-06-18T06:53:02+00:00\",\"description\":\"As infe\u00e7\u00f5es f\u00fangicas n\u00e3o desaparecem por si s\u00f3 e quando n\u00e3o s\u00e3o tratadas podem surgir outras complica\u00e7\u00f5es.\",\"breadcrumb\":{\"@id\":\"https:\/\/nailner.com\/pt\/acerca-da-infecao-fungica-da-unha\/complicacoes\/#breadcrumb\"},\"inLanguage\":\"pt-PT\",\"potentialAction\":[{\"@type\":\"ReadAction\",\"target\":[\"https:\/\/nailner.com\/pt\/acerca-da-infecao-fungica-da-unha\/complicacoes\/\"]}]},{\"@type\":\"BreadcrumbList\",\"@id\":\"https:\/\/nailner.com\/pt\/acerca-da-infecao-fungica-da-unha\/complicacoes\/#breadcrumb\",\"itemListElement\":[{\"@type\":\"ListItem\",\"position\":1,\"name\":\"Home\",\"item\":\"https:\/\/nailner.com\/pt\/\"},{\"@type\":\"ListItem\",\"position\":2,\"name\":\"Acerca da infe\u00e7\u00e3o f\u00fangica da unha\",\"item\":\"https:\/\/nailner.com\/pt\/acerca-da-infecao-fungica-da-unha\/\"},{\"@type\":\"ListItem\",\"position\":3,\"name\":\"Complica\u00e7\u00f5es\"}]},{\"@type\":\"WebSite\",\"@id\":\"https:\/\/nailner.com\/pt\/#website\",\"url\":\"https:\/\/nailner.com\/pt\/\",\"name\":\"Nailner\",\"description\":\"\",\"publisher\":{\"@id\":\"https:\/\/nailner.com\/pt\/#organization\"},\"potentialAction\":[{\"@type\":\"SearchAction\",\"target\":{\"@type\":\"EntryPoint\",\"urlTemplate\":\"https:\/\/nailner.com\/pt\/?s={search_term_string}\"},\"query-input\":{\"@type\":\"PropertyValueSpecification\",\"valueRequired\":true,\"valueName\":\"search_term_string\"}}],\"inLanguage\":\"pt-PT\"},{\"@type\":\"Organization\",\"@id\":\"https:\/\/nailner.com\/pt\/#organization\",\"name\":\"Nailner\",\"url\":\"https:\/\/nailner.com\/pt\/\",\"logo\":{\"@type\":\"ImageObject\",\"inLanguage\":\"pt-PT\",\"@id\":\"https:\/\/nailner.com\/pt\/#\/schema\/logo\/image\/\",\"url\":\"https:\/\/nailner.com\/app\/uploads\/sites\/17\/2025\/04\/Nailner-logo.png\",\"contentUrl\":\"https:\/\/nailner.com\/app\/uploads\/sites\/17\/2025\/04\/Nailner-logo.png\",\"width\":134,\"height\":32,\"caption\":\"Nailner\"},\"image\":{\"@id\":\"https:\/\/nailner.com\/pt\/#\/schema\/logo\/image\/\"}}]}<\/script>\n<!-- \/ Yoast SEO plugin. -->","yoast_head_json":{"title":"Complica\u00e7\u00f5es - Nailner","description":"As infe\u00e7\u00f5es f\u00fangicas n\u00e3o desaparecem por si s\u00f3 e quando n\u00e3o s\u00e3o tratadas podem surgir outras complica\u00e7\u00f5es.","robots":{"index":"index","follow":"follow","max-snippet":"max-snippet:-1","max-image-preview":"max-image-preview:large","max-video-preview":"max-video-preview:-1"},"canonical":"https:\/\/nailner.com\/pt\/acerca-da-infecao-fungica-da-unha\/complicacoes\/","og_locale":"pt_PT","og_type":"article","og_title":"Complica\u00e7\u00f5es - Nailner","og_description":"As infe\u00e7\u00f5es f\u00fangicas n\u00e3o desaparecem por si s\u00f3 e quando n\u00e3o s\u00e3o tratadas podem surgir outras complica\u00e7\u00f5es.","og_url":"https:\/\/nailner.com\/pt\/acerca-da-infecao-fungica-da-unha\/complicacoes\/","og_site_name":"Nailner","article_modified_time":"2025-06-18T06:53:02+00:00","twitter_card":"summary_large_image","twitter_misc":{"Tempo estimado de leitura":"1 minuto"},"schema":{"@context":"https:\/\/schema.org","@graph":[{"@type":"WebPage","@id":"https:\/\/nailner.com\/pt\/acerca-da-infecao-fungica-da-unha\/complicacoes\/","url":"https:\/\/nailner.com\/pt\/acerca-da-infecao-fungica-da-unha\/complicacoes\/","name":"Complica\u00e7\u00f5es - Nailner","isPartOf":{"@id":"https:\/\/nailner.com\/pt\/#website"},"datePublished":"2022-12-30T07:43:34+00:00","dateModified":"2025-06-18T06:53:02+00:00","description":"As infe\u00e7\u00f5es f\u00fangicas n\u00e3o desaparecem por si s\u00f3 e quando n\u00e3o s\u00e3o tratadas podem surgir outras complica\u00e7\u00f5es.","breadcrumb":{"@id":"https:\/\/nailner.com\/pt\/acerca-da-infecao-fungica-da-unha\/complicacoes\/#breadcrumb"},"inLanguage":"pt-PT","potentialAction":[{"@type":"ReadAction","target":["https:\/\/nailner.com\/pt\/acerca-da-infecao-fungica-da-unha\/complicacoes\/"]}]},{"@type":"BreadcrumbList","@id":"https:\/\/nailner.com\/pt\/acerca-da-infecao-fungica-da-unha\/complicacoes\/#breadcrumb","itemListElement":[{"@type":"ListItem","position":1,"name":"Home","item":"https:\/\/nailner.com\/pt\/"},{"@type":"ListItem","position":2,"name":"Acerca da infe\u00e7\u00e3o f\u00fangica da unha","item":"https:\/\/nailner.com\/pt\/acerca-da-infecao-fungica-da-unha\/"},{"@type":"ListItem","position":3,"name":"Complica\u00e7\u00f5es"}]},{"@type":"WebSite","@id":"https:\/\/nailner.com\/pt\/#website","url":"https:\/\/nailner.com\/pt\/","name":"Nailner","description":"","publisher":{"@id":"https:\/\/nailner.com\/pt\/#organization"},"potentialAction":[{"@type":"SearchAction","target":{"@type":"EntryPoint","urlTemplate":"https:\/\/nailner.com\/pt\/?s={search_term_string}"},"query-input":{"@type":"PropertyValueSpecification","valueRequired":true,"valueName":"search_term_string"}}],"inLanguage":"pt-PT"},{"@type":"Organization","@id":"https:\/\/nailner.com\/pt\/#organization","name":"Nailner","url":"https:\/\/nailner.com\/pt\/","logo":{"@type":"ImageObject","inLanguage":"pt-PT","@id":"https:\/\/nailner.com\/pt\/#\/schema\/logo\/image\/","url":"https:\/\/nailner.com\/app\/uploads\/sites\/17\/2025\/04\/Nailner-logo.png","contentUrl":"https:\/\/nailner.com\/app\/uploads\/sites\/17\/2025\/04\/Nailner-logo.png","width":134,"height":32,"caption":"Nailner"},"image":{"@id":"https:\/\/nailner.com\/pt\/#\/schema\/logo\/image\/"}}]}},"_links":{"self":[{"href":"https:\/\/nailner.com\/pt\/wp-json\/wp\/v2\/pages\/116","targetHints":{"allow":["GET"]}}],"collection":[{"href":"https:\/\/nailner.com\/pt\/wp-json\/wp\/v2\/pages"}],"about":[{"href":"https:\/\/nailner.com\/pt\/wp-json\/wp\/v2\/types\/page"}],"author":[{"embeddable":true,"href":"https:\/\/nailner.com\/pt\/wp-json\/wp\/v2\/users\/3"}],"replies":[{"embeddable":true,"href":"https:\/\/nailner.com\/pt\/wp-json\/wp\/v2\/comments?post=116"}],"version-history":[{"count":3,"href":"https:\/\/nailner.com\/pt\/wp-json\/wp\/v2\/pages\/116\/revisions"}],"predecessor-version":[{"id":307,"href":"https:\/\/nailner.com\/pt\/wp-json\/wp\/v2\/pages\/116\/revisions\/307"}],"up":[{"embeddable":true,"href":"https:\/\/nailner.com\/pt\/wp-json\/wp\/v2\/pages\/82"}],"wp:attachment":[{"href":"https:\/\/nailner.com\/pt\/wp-json\/wp\/v2\/media?parent=116"}],"wp:term":[{"taxonomy":"from-article-database","embeddable":true,"href":"https:\/\/nailner.com\/pt\/wp-json\/wp\/v2\/from-article-database?post=116"}],"curies":[{"name":"wp","href":"https:\/\/api.w.org\/{rel}","templated":true}]}}