{"id":122,"date":"2022-12-30T07:48:16","date_gmt":"2022-12-30T07:48:16","guid":{"rendered":"https:\/\/nailner.com\/pt\/?page_id=122"},"modified":"2025-06-18T07:49:17","modified_gmt":"2025-06-18T06:49:17","slug":"sintomas-da-infecao-fungica","status":"publish","type":"page","link":"https:\/\/nailner.com\/pt\/acerca-da-infecao-fungica-da-unha\/sintomas-da-infecao-fungica\/","title":{"rendered":"Sintomas da infe\u00e7\u00e3o f\u00fangica"},"content":{"rendered":"\n<div class=\"wp-block-karopharma-free-text pt-medium pb-medium bg-center bg-cover bg-no-repeat  is-style-secondary\" style=\"background-image:url()\"><div class=\"free-text-wrapper container max-w-medium text-left\">\n<h1 class=\"wp-block-heading\">Sintomas da infe\u00e7\u00e3o f\u00fangica<\/h1>\n\n\n\n<p>A infe\u00e7\u00e3o f\u00fangica pode afetar parte da unha, a unha inteira ou at\u00e9 v\u00e1rias unhas. Normalmente, uma unha infetada n\u00e3o \u00e9 dolorosa. Mas sem o tratamento adequado, com o passar do tempo, pode tornar-se desconfort\u00e1vel ou doloroso cal\u00e7ar sapatos, caminhar ou at\u00e9 estar de p\u00e9 durante muito tempo.<\/p>\n<\/div><\/div>\n\n\n\n<div class=\"wp-block-karopharma-free-text pt-medium pb-medium bg-center bg-cover bg-no-repeat\" style=\"background-image:url()\"><div class=\"free-text-wrapper container max-w-medium text-left\">\n<p>Se notar a presen\u00e7a de manchas brancas na unha ou se a unha come\u00e7ar a ficar amarelada, espessar ou a tornar-se quebradi\u00e7a \u00e9 prov\u00e1vel que se trate de uma infe\u00e7\u00e3o f\u00fangica.<\/p>\n\n\n\n<h3 class=\"wp-block-heading is-style-heading-h3\"><strong>Os sintomas da infe\u00e7\u00e3o f\u00fangica incluem:<\/strong><\/h3>\n\n\n\n<ul class=\"wp-block-list is-style-icon\">\n<li>Manchas ou linhas brancas na superf\u00edcie da unha<\/li>\n\n\n\n<li>Unhas descoloradas ou amareladas (p\u00e9s e m\u00e3os)<\/li>\n\n\n\n<li>Unhas negras (p\u00e9s e m\u00e3os)<\/li>\n\n\n\n<li>Unhas dos p\u00e9s dolorosas<\/li>\n\n\n\n<li>Espessamento das unhas dos p\u00e9s<\/li>\n\n\n\n<li>Unhas partidas e quebradi\u00e7as<\/li>\n<\/ul>\n\n\n\n<p>Os sintomas da infe\u00e7\u00e3o f\u00fangica tamb\u00e9m podem ser tratados eficazmente com Nailner. \u00c9 muito importante seguir as instru\u00e7\u00f5es de utiliza\u00e7\u00e3o para obter os melhores resultados. A infe\u00e7\u00e3o f\u00fangica pode levar tempo a tratar porque a unha nova necessita de crescer, o que pode durar at\u00e9 12 meses. No entanto, ao aplicar Nailner diariamente as unhas come\u00e7am a melhorar logo ap\u00f3s 12 semanas. Os primeiros resultados vis\u00edveis podem mesmo surgir em apenas 7 dias com a f\u00f3rmula de Nailner 2 EM 1 pois esta cont\u00e9m ingredientes que abrilhantam a unha melhorando a sua apar\u00eancia.<\/p>\n<\/div><\/div>\n","protected":false},"excerpt":{"rendered":"","protected":false},"author":3,"featured_media":0,"parent":82,"menu_order":0,"comment_status":"closed","ping_status":"closed","template":"","meta":{"_acf_changed":false,"footnotes":""},"from-article-database":[],"class_list":["post-122","page","type-page","status-publish","hentry"],"acf":[],"yoast_head":"<!-- This site is optimized with the Yoast SEO plugin v26.6 - https:\/\/yoast.com\/wordpress\/plugins\/seo\/ -->\n<title>Sintomas da infe\u00e7\u00e3o f\u00fangica - Nailner<\/title>\n<meta name=\"description\" content=\"A infe\u00e7\u00e3o f\u00fangica pode afetar parte da unha, a unha inteira ou at\u00e9 v\u00e1rias unhas. Normalmente, uma unha infetada n\u00e3o \u00e9 dolorosa.\" \/>\n<meta name=\"robots\" content=\"index, follow, max-snippet:-1, max-image-preview:large, max-video-preview:-1\" \/>\n<link rel=\"canonical\" href=\"https:\/\/nailner.com\/pt\/acerca-da-infecao-fungica-da-unha\/sintomas-da-infecao-fungica\/\" \/>\n<meta property=\"og:locale\" content=\"pt_PT\" \/>\n<meta property=\"og:type\" content=\"article\" \/>\n<meta property=\"og:title\" content=\"Sintomas da infe\u00e7\u00e3o f\u00fangica - Nailner\" \/>\n<meta property=\"og:description\" content=\"A infe\u00e7\u00e3o f\u00fangica pode afetar parte da unha, a unha inteira ou at\u00e9 v\u00e1rias unhas. Normalmente, uma unha infetada n\u00e3o \u00e9 dolorosa.\" \/>\n<meta property=\"og:url\" content=\"https:\/\/nailner.com\/pt\/acerca-da-infecao-fungica-da-unha\/sintomas-da-infecao-fungica\/\" \/>\n<meta property=\"og:site_name\" content=\"Nailner\" \/>\n<meta property=\"article:modified_time\" content=\"2025-06-18T06:49:17+00:00\" \/>\n<meta name=\"twitter:card\" content=\"summary_large_image\" \/>\n<meta name=\"twitter:label1\" content=\"Tempo estimado de leitura\" \/>\n\t<meta name=\"twitter:data1\" content=\"2 minutos\" \/>\n<script type=\"application\/ld+json\" class=\"yoast-schema-graph\">{\"@context\":\"https:\/\/schema.org\",\"@graph\":[{\"@type\":\"WebPage\",\"@id\":\"https:\/\/nailner.com\/pt\/acerca-da-infecao-fungica-da-unha\/sintomas-da-infecao-fungica\/\",\"url\":\"https:\/\/nailner.com\/pt\/acerca-da-infecao-fungica-da-unha\/sintomas-da-infecao-fungica\/\",\"name\":\"Sintomas da infe\u00e7\u00e3o f\u00fangica - Nailner\",\"isPartOf\":{\"@id\":\"https:\/\/nailner.com\/pt\/#website\"},\"datePublished\":\"2022-12-30T07:48:16+00:00\",\"dateModified\":\"2025-06-18T06:49:17+00:00\",\"description\":\"A infe\u00e7\u00e3o f\u00fangica pode afetar parte da unha, a unha inteira ou at\u00e9 v\u00e1rias unhas. Normalmente, uma unha infetada n\u00e3o \u00e9 dolorosa.\",\"breadcrumb\":{\"@id\":\"https:\/\/nailner.com\/pt\/acerca-da-infecao-fungica-da-unha\/sintomas-da-infecao-fungica\/#breadcrumb\"},\"inLanguage\":\"pt-PT\",\"potentialAction\":[{\"@type\":\"ReadAction\",\"target\":[\"https:\/\/nailner.com\/pt\/acerca-da-infecao-fungica-da-unha\/sintomas-da-infecao-fungica\/\"]}]},{\"@type\":\"BreadcrumbList\",\"@id\":\"https:\/\/nailner.com\/pt\/acerca-da-infecao-fungica-da-unha\/sintomas-da-infecao-fungica\/#breadcrumb\",\"itemListElement\":[{\"@type\":\"ListItem\",\"position\":1,\"name\":\"Home\",\"item\":\"https:\/\/nailner.com\/pt\/\"},{\"@type\":\"ListItem\",\"position\":2,\"name\":\"Acerca da infe\u00e7\u00e3o f\u00fangica da unha\",\"item\":\"https:\/\/nailner.com\/pt\/acerca-da-infecao-fungica-da-unha\/\"},{\"@type\":\"ListItem\",\"position\":3,\"name\":\"Sintomas da infe\u00e7\u00e3o f\u00fangica\"}]},{\"@type\":\"WebSite\",\"@id\":\"https:\/\/nailner.com\/pt\/#website\",\"url\":\"https:\/\/nailner.com\/pt\/\",\"name\":\"Nailner\",\"description\":\"\",\"publisher\":{\"@id\":\"https:\/\/nailner.com\/pt\/#organization\"},\"potentialAction\":[{\"@type\":\"SearchAction\",\"target\":{\"@type\":\"EntryPoint\",\"urlTemplate\":\"https:\/\/nailner.com\/pt\/?s={search_term_string}\"},\"query-input\":{\"@type\":\"PropertyValueSpecification\",\"valueRequired\":true,\"valueName\":\"search_term_string\"}}],\"inLanguage\":\"pt-PT\"},{\"@type\":\"Organization\",\"@id\":\"https:\/\/nailner.com\/pt\/#organization\",\"name\":\"Nailner\",\"url\":\"https:\/\/nailner.com\/pt\/\",\"logo\":{\"@type\":\"ImageObject\",\"inLanguage\":\"pt-PT\",\"@id\":\"https:\/\/nailner.com\/pt\/#\/schema\/logo\/image\/\",\"url\":\"https:\/\/nailner.com\/app\/uploads\/sites\/17\/2025\/04\/Nailner-logo.png\",\"contentUrl\":\"https:\/\/nailner.com\/app\/uploads\/sites\/17\/2025\/04\/Nailner-logo.png\",\"width\":134,\"height\":32,\"caption\":\"Nailner\"},\"image\":{\"@id\":\"https:\/\/nailner.com\/pt\/#\/schema\/logo\/image\/\"}}]}<\/script>\n<!-- \/ Yoast SEO plugin. -->","yoast_head_json":{"title":"Sintomas da infe\u00e7\u00e3o f\u00fangica - Nailner","description":"A infe\u00e7\u00e3o f\u00fangica pode afetar parte da unha, a unha inteira ou at\u00e9 v\u00e1rias unhas. Normalmente, uma unha infetada n\u00e3o \u00e9 dolorosa.","robots":{"index":"index","follow":"follow","max-snippet":"max-snippet:-1","max-image-preview":"max-image-preview:large","max-video-preview":"max-video-preview:-1"},"canonical":"https:\/\/nailner.com\/pt\/acerca-da-infecao-fungica-da-unha\/sintomas-da-infecao-fungica\/","og_locale":"pt_PT","og_type":"article","og_title":"Sintomas da infe\u00e7\u00e3o f\u00fangica - Nailner","og_description":"A infe\u00e7\u00e3o f\u00fangica pode afetar parte da unha, a unha inteira ou at\u00e9 v\u00e1rias unhas. Normalmente, uma unha infetada n\u00e3o \u00e9 dolorosa.","og_url":"https:\/\/nailner.com\/pt\/acerca-da-infecao-fungica-da-unha\/sintomas-da-infecao-fungica\/","og_site_name":"Nailner","article_modified_time":"2025-06-18T06:49:17+00:00","twitter_card":"summary_large_image","twitter_misc":{"Tempo estimado de leitura":"2 minutos"},"schema":{"@context":"https:\/\/schema.org","@graph":[{"@type":"WebPage","@id":"https:\/\/nailner.com\/pt\/acerca-da-infecao-fungica-da-unha\/sintomas-da-infecao-fungica\/","url":"https:\/\/nailner.com\/pt\/acerca-da-infecao-fungica-da-unha\/sintomas-da-infecao-fungica\/","name":"Sintomas da infe\u00e7\u00e3o f\u00fangica - Nailner","isPartOf":{"@id":"https:\/\/nailner.com\/pt\/#website"},"datePublished":"2022-12-30T07:48:16+00:00","dateModified":"2025-06-18T06:49:17+00:00","description":"A infe\u00e7\u00e3o f\u00fangica pode afetar parte da unha, a unha inteira ou at\u00e9 v\u00e1rias unhas. Normalmente, uma unha infetada n\u00e3o \u00e9 dolorosa.","breadcrumb":{"@id":"https:\/\/nailner.com\/pt\/acerca-da-infecao-fungica-da-unha\/sintomas-da-infecao-fungica\/#breadcrumb"},"inLanguage":"pt-PT","potentialAction":[{"@type":"ReadAction","target":["https:\/\/nailner.com\/pt\/acerca-da-infecao-fungica-da-unha\/sintomas-da-infecao-fungica\/"]}]},{"@type":"BreadcrumbList","@id":"https:\/\/nailner.com\/pt\/acerca-da-infecao-fungica-da-unha\/sintomas-da-infecao-fungica\/#breadcrumb","itemListElement":[{"@type":"ListItem","position":1,"name":"Home","item":"https:\/\/nailner.com\/pt\/"},{"@type":"ListItem","position":2,"name":"Acerca da infe\u00e7\u00e3o f\u00fangica da unha","item":"https:\/\/nailner.com\/pt\/acerca-da-infecao-fungica-da-unha\/"},{"@type":"ListItem","position":3,"name":"Sintomas da infe\u00e7\u00e3o f\u00fangica"}]},{"@type":"WebSite","@id":"https:\/\/nailner.com\/pt\/#website","url":"https:\/\/nailner.com\/pt\/","name":"Nailner","description":"","publisher":{"@id":"https:\/\/nailner.com\/pt\/#organization"},"potentialAction":[{"@type":"SearchAction","target":{"@type":"EntryPoint","urlTemplate":"https:\/\/nailner.com\/pt\/?s={search_term_string}"},"query-input":{"@type":"PropertyValueSpecification","valueRequired":true,"valueName":"search_term_string"}}],"inLanguage":"pt-PT"},{"@type":"Organization","@id":"https:\/\/nailner.com\/pt\/#organization","name":"Nailner","url":"https:\/\/nailner.com\/pt\/","logo":{"@type":"ImageObject","inLanguage":"pt-PT","@id":"https:\/\/nailner.com\/pt\/#\/schema\/logo\/image\/","url":"https:\/\/nailner.com\/app\/uploads\/sites\/17\/2025\/04\/Nailner-logo.png","contentUrl":"https:\/\/nailner.com\/app\/uploads\/sites\/17\/2025\/04\/Nailner-logo.png","width":134,"height":32,"caption":"Nailner"},"image":{"@id":"https:\/\/nailner.com\/pt\/#\/schema\/logo\/image\/"}}]}},"_links":{"self":[{"href":"https:\/\/nailner.com\/pt\/wp-json\/wp\/v2\/pages\/122","targetHints":{"allow":["GET"]}}],"collection":[{"href":"https:\/\/nailner.com\/pt\/wp-json\/wp\/v2\/pages"}],"about":[{"href":"https:\/\/nailner.com\/pt\/wp-json\/wp\/v2\/types\/page"}],"author":[{"embeddable":true,"href":"https:\/\/nailner.com\/pt\/wp-json\/wp\/v2\/users\/3"}],"replies":[{"embeddable":true,"href":"https:\/\/nailner.com\/pt\/wp-json\/wp\/v2\/comments?post=122"}],"version-history":[{"count":3,"href":"https:\/\/nailner.com\/pt\/wp-json\/wp\/v2\/pages\/122\/revisions"}],"predecessor-version":[{"id":313,"href":"https:\/\/nailner.com\/pt\/wp-json\/wp\/v2\/pages\/122\/revisions\/313"}],"up":[{"embeddable":true,"href":"https:\/\/nailner.com\/pt\/wp-json\/wp\/v2\/pages\/82"}],"wp:attachment":[{"href":"https:\/\/nailner.com\/pt\/wp-json\/wp\/v2\/media?parent=122"}],"wp:term":[{"taxonomy":"from-article-database","embeddable":true,"href":"https:\/\/nailner.com\/pt\/wp-json\/wp\/v2\/from-article-database?post=122"}],"curies":[{"name":"wp","href":"https:\/\/api.w.org\/{rel}","templated":true}]}}