{"id":131,"date":"2022-12-30T07:52:38","date_gmt":"2022-12-30T07:52:38","guid":{"rendered":"https:\/\/nailner.com\/pt\/?page_id=131"},"modified":"2025-06-18T07:50:01","modified_gmt":"2025-06-18T06:50:01","slug":"unhas-negras-pes-e-maos","status":"publish","type":"page","link":"https:\/\/nailner.com\/pt\/acerca-da-infecao-fungica-da-unha\/unhas-negras-pes-e-maos\/","title":{"rendered":"Unhas negras (p\u00e9s e m\u00e3os)"},"content":{"rendered":"\n<div class=\"wp-block-karopharma-free-text pt-medium pb-medium bg-center bg-cover bg-no-repeat  is-style-secondary\" style=\"background-image:url()\"><div class=\"free-text-wrapper container max-w-medium text-left\">\n<h1 class=\"wp-block-heading\">Unhas negras (p\u00e9s e m\u00e3os)<\/h1>\n\n\n\n<p>Existem v\u00e1rias causas para as unhas do p\u00e9 negras ou escurecidas, mas a mais comum \u00e9 o traumatismo. Esta descolora\u00e7\u00e3o \u00e9 chamada de \u201chematoma subungueal\u201d referindo-se ao sangue que se acumula debaixo da unha. Esta situa\u00e7\u00e3o de traumatismo torna a unha descolorada e ao mesmo tempo cria uma press\u00e3o debaixo da unha que causa dor intensa.<\/p>\n<\/div><\/div>\n\n\n\n<div class=\"wp-block-karopharma-free-text pt-medium pb-medium bg-center bg-cover bg-no-repeat\" style=\"background-image:url()\"><div class=\"free-text-wrapper container max-w-medium text-left\">\n<p>Em muitos casos \u00e9 aconselhado tratamento m\u00e9dico para aliviar o desconforto.<\/p>\n\n\n\n<p>Apesar de qualquer pessoa estar sujeita a unhas negras devido a traumatismos acidentais os atletas e pessoas que andam nomalmente descal\u00e7as correm um risco mais elevado. As unhas negras s\u00e3o tamb\u00e9m mais comum em doentes imunocomprometidos.<\/p>\n<\/div><\/div>\n","protected":false},"excerpt":{"rendered":"","protected":false},"author":3,"featured_media":0,"parent":82,"menu_order":0,"comment_status":"closed","ping_status":"closed","template":"","meta":{"_acf_changed":false,"footnotes":""},"from-article-database":[],"class_list":["post-131","page","type-page","status-publish","hentry"],"acf":[],"yoast_head":"<!-- This site is optimized with the Yoast SEO plugin v26.6 - https:\/\/yoast.com\/wordpress\/plugins\/seo\/ -->\n<title>Unhas negras (p\u00e9s e m\u00e3os) - Nailner<\/title>\n<meta name=\"description\" content=\"Existem v\u00e1rias causas para as unhas do p\u00e9 negras ou escurecidas, mas a mais comum \u00e9 o traumatismo.\" \/>\n<meta name=\"robots\" content=\"index, follow, max-snippet:-1, max-image-preview:large, max-video-preview:-1\" \/>\n<link rel=\"canonical\" href=\"https:\/\/nailner.com\/pt\/acerca-da-infecao-fungica-da-unha\/unhas-negras-pes-e-maos\/\" \/>\n<meta property=\"og:locale\" content=\"pt_PT\" \/>\n<meta property=\"og:type\" content=\"article\" \/>\n<meta property=\"og:title\" content=\"Unhas negras (p\u00e9s e m\u00e3os) - Nailner\" \/>\n<meta property=\"og:description\" content=\"Existem v\u00e1rias causas para as unhas do p\u00e9 negras ou escurecidas, mas a mais comum \u00e9 o traumatismo.\" \/>\n<meta property=\"og:url\" content=\"https:\/\/nailner.com\/pt\/acerca-da-infecao-fungica-da-unha\/unhas-negras-pes-e-maos\/\" \/>\n<meta property=\"og:site_name\" content=\"Nailner\" \/>\n<meta property=\"article:modified_time\" content=\"2025-06-18T06:50:01+00:00\" \/>\n<meta name=\"twitter:card\" content=\"summary_large_image\" \/>\n<meta name=\"twitter:label1\" content=\"Tempo estimado de leitura\" \/>\n\t<meta name=\"twitter:data1\" content=\"1 minuto\" \/>\n<script type=\"application\/ld+json\" class=\"yoast-schema-graph\">{\"@context\":\"https:\/\/schema.org\",\"@graph\":[{\"@type\":\"WebPage\",\"@id\":\"https:\/\/nailner.com\/pt\/acerca-da-infecao-fungica-da-unha\/unhas-negras-pes-e-maos\/\",\"url\":\"https:\/\/nailner.com\/pt\/acerca-da-infecao-fungica-da-unha\/unhas-negras-pes-e-maos\/\",\"name\":\"Unhas negras (p\u00e9s e m\u00e3os) - Nailner\",\"isPartOf\":{\"@id\":\"https:\/\/nailner.com\/pt\/#website\"},\"datePublished\":\"2022-12-30T07:52:38+00:00\",\"dateModified\":\"2025-06-18T06:50:01+00:00\",\"description\":\"Existem v\u00e1rias causas para as unhas do p\u00e9 negras ou escurecidas, mas a mais comum \u00e9 o traumatismo.\",\"breadcrumb\":{\"@id\":\"https:\/\/nailner.com\/pt\/acerca-da-infecao-fungica-da-unha\/unhas-negras-pes-e-maos\/#breadcrumb\"},\"inLanguage\":\"pt-PT\",\"potentialAction\":[{\"@type\":\"ReadAction\",\"target\":[\"https:\/\/nailner.com\/pt\/acerca-da-infecao-fungica-da-unha\/unhas-negras-pes-e-maos\/\"]}]},{\"@type\":\"BreadcrumbList\",\"@id\":\"https:\/\/nailner.com\/pt\/acerca-da-infecao-fungica-da-unha\/unhas-negras-pes-e-maos\/#breadcrumb\",\"itemListElement\":[{\"@type\":\"ListItem\",\"position\":1,\"name\":\"Home\",\"item\":\"https:\/\/nailner.com\/pt\/\"},{\"@type\":\"ListItem\",\"position\":2,\"name\":\"Acerca da infe\u00e7\u00e3o f\u00fangica da unha\",\"item\":\"https:\/\/nailner.com\/pt\/acerca-da-infecao-fungica-da-unha\/\"},{\"@type\":\"ListItem\",\"position\":3,\"name\":\"Unhas negras (p\u00e9s e m\u00e3os)\"}]},{\"@type\":\"WebSite\",\"@id\":\"https:\/\/nailner.com\/pt\/#website\",\"url\":\"https:\/\/nailner.com\/pt\/\",\"name\":\"Nailner\",\"description\":\"\",\"publisher\":{\"@id\":\"https:\/\/nailner.com\/pt\/#organization\"},\"potentialAction\":[{\"@type\":\"SearchAction\",\"target\":{\"@type\":\"EntryPoint\",\"urlTemplate\":\"https:\/\/nailner.com\/pt\/?s={search_term_string}\"},\"query-input\":{\"@type\":\"PropertyValueSpecification\",\"valueRequired\":true,\"valueName\":\"search_term_string\"}}],\"inLanguage\":\"pt-PT\"},{\"@type\":\"Organization\",\"@id\":\"https:\/\/nailner.com\/pt\/#organization\",\"name\":\"Nailner\",\"url\":\"https:\/\/nailner.com\/pt\/\",\"logo\":{\"@type\":\"ImageObject\",\"inLanguage\":\"pt-PT\",\"@id\":\"https:\/\/nailner.com\/pt\/#\/schema\/logo\/image\/\",\"url\":\"https:\/\/nailner.com\/app\/uploads\/sites\/17\/2025\/04\/Nailner-logo.png\",\"contentUrl\":\"https:\/\/nailner.com\/app\/uploads\/sites\/17\/2025\/04\/Nailner-logo.png\",\"width\":134,\"height\":32,\"caption\":\"Nailner\"},\"image\":{\"@id\":\"https:\/\/nailner.com\/pt\/#\/schema\/logo\/image\/\"}}]}<\/script>\n<!-- \/ Yoast SEO plugin. -->","yoast_head_json":{"title":"Unhas negras (p\u00e9s e m\u00e3os) - Nailner","description":"Existem v\u00e1rias causas para as unhas do p\u00e9 negras ou escurecidas, mas a mais comum \u00e9 o traumatismo.","robots":{"index":"index","follow":"follow","max-snippet":"max-snippet:-1","max-image-preview":"max-image-preview:large","max-video-preview":"max-video-preview:-1"},"canonical":"https:\/\/nailner.com\/pt\/acerca-da-infecao-fungica-da-unha\/unhas-negras-pes-e-maos\/","og_locale":"pt_PT","og_type":"article","og_title":"Unhas negras (p\u00e9s e m\u00e3os) - Nailner","og_description":"Existem v\u00e1rias causas para as unhas do p\u00e9 negras ou escurecidas, mas a mais comum \u00e9 o traumatismo.","og_url":"https:\/\/nailner.com\/pt\/acerca-da-infecao-fungica-da-unha\/unhas-negras-pes-e-maos\/","og_site_name":"Nailner","article_modified_time":"2025-06-18T06:50:01+00:00","twitter_card":"summary_large_image","twitter_misc":{"Tempo estimado de leitura":"1 minuto"},"schema":{"@context":"https:\/\/schema.org","@graph":[{"@type":"WebPage","@id":"https:\/\/nailner.com\/pt\/acerca-da-infecao-fungica-da-unha\/unhas-negras-pes-e-maos\/","url":"https:\/\/nailner.com\/pt\/acerca-da-infecao-fungica-da-unha\/unhas-negras-pes-e-maos\/","name":"Unhas negras (p\u00e9s e m\u00e3os) - Nailner","isPartOf":{"@id":"https:\/\/nailner.com\/pt\/#website"},"datePublished":"2022-12-30T07:52:38+00:00","dateModified":"2025-06-18T06:50:01+00:00","description":"Existem v\u00e1rias causas para as unhas do p\u00e9 negras ou escurecidas, mas a mais comum \u00e9 o traumatismo.","breadcrumb":{"@id":"https:\/\/nailner.com\/pt\/acerca-da-infecao-fungica-da-unha\/unhas-negras-pes-e-maos\/#breadcrumb"},"inLanguage":"pt-PT","potentialAction":[{"@type":"ReadAction","target":["https:\/\/nailner.com\/pt\/acerca-da-infecao-fungica-da-unha\/unhas-negras-pes-e-maos\/"]}]},{"@type":"BreadcrumbList","@id":"https:\/\/nailner.com\/pt\/acerca-da-infecao-fungica-da-unha\/unhas-negras-pes-e-maos\/#breadcrumb","itemListElement":[{"@type":"ListItem","position":1,"name":"Home","item":"https:\/\/nailner.com\/pt\/"},{"@type":"ListItem","position":2,"name":"Acerca da infe\u00e7\u00e3o f\u00fangica da unha","item":"https:\/\/nailner.com\/pt\/acerca-da-infecao-fungica-da-unha\/"},{"@type":"ListItem","position":3,"name":"Unhas negras (p\u00e9s e m\u00e3os)"}]},{"@type":"WebSite","@id":"https:\/\/nailner.com\/pt\/#website","url":"https:\/\/nailner.com\/pt\/","name":"Nailner","description":"","publisher":{"@id":"https:\/\/nailner.com\/pt\/#organization"},"potentialAction":[{"@type":"SearchAction","target":{"@type":"EntryPoint","urlTemplate":"https:\/\/nailner.com\/pt\/?s={search_term_string}"},"query-input":{"@type":"PropertyValueSpecification","valueRequired":true,"valueName":"search_term_string"}}],"inLanguage":"pt-PT"},{"@type":"Organization","@id":"https:\/\/nailner.com\/pt\/#organization","name":"Nailner","url":"https:\/\/nailner.com\/pt\/","logo":{"@type":"ImageObject","inLanguage":"pt-PT","@id":"https:\/\/nailner.com\/pt\/#\/schema\/logo\/image\/","url":"https:\/\/nailner.com\/app\/uploads\/sites\/17\/2025\/04\/Nailner-logo.png","contentUrl":"https:\/\/nailner.com\/app\/uploads\/sites\/17\/2025\/04\/Nailner-logo.png","width":134,"height":32,"caption":"Nailner"},"image":{"@id":"https:\/\/nailner.com\/pt\/#\/schema\/logo\/image\/"}}]}},"_links":{"self":[{"href":"https:\/\/nailner.com\/pt\/wp-json\/wp\/v2\/pages\/131","targetHints":{"allow":["GET"]}}],"collection":[{"href":"https:\/\/nailner.com\/pt\/wp-json\/wp\/v2\/pages"}],"about":[{"href":"https:\/\/nailner.com\/pt\/wp-json\/wp\/v2\/types\/page"}],"author":[{"embeddable":true,"href":"https:\/\/nailner.com\/pt\/wp-json\/wp\/v2\/users\/3"}],"replies":[{"embeddable":true,"href":"https:\/\/nailner.com\/pt\/wp-json\/wp\/v2\/comments?post=131"}],"version-history":[{"count":3,"href":"https:\/\/nailner.com\/pt\/wp-json\/wp\/v2\/pages\/131\/revisions"}],"predecessor-version":[{"id":316,"href":"https:\/\/nailner.com\/pt\/wp-json\/wp\/v2\/pages\/131\/revisions\/316"}],"up":[{"embeddable":true,"href":"https:\/\/nailner.com\/pt\/wp-json\/wp\/v2\/pages\/82"}],"wp:attachment":[{"href":"https:\/\/nailner.com\/pt\/wp-json\/wp\/v2\/media?parent=131"}],"wp:term":[{"taxonomy":"from-article-database","embeddable":true,"href":"https:\/\/nailner.com\/pt\/wp-json\/wp\/v2\/from-article-database?post=131"}],"curies":[{"name":"wp","href":"https:\/\/api.w.org\/{rel}","templated":true}]}}