{"id":137,"date":"2022-12-30T07:55:00","date_gmt":"2022-12-30T07:55:00","guid":{"rendered":"https:\/\/nailner.com\/pt\/?page_id=137"},"modified":"2025-06-18T07:48:07","modified_gmt":"2025-06-18T06:48:07","slug":"espessamento-das-unhas-do-pe","status":"publish","type":"page","link":"https:\/\/nailner.com\/pt\/acerca-da-infecao-fungica-da-unha\/espessamento-das-unhas-do-pe\/","title":{"rendered":"Espessamento das unhas do p\u00e9"},"content":{"rendered":"\n<div class=\"wp-block-karopharma-free-text pt-medium pb-medium bg-center bg-cover bg-no-repeat  is-style-secondary\" style=\"background-image:url()\"><div class=\"free-text-wrapper container max-w-medium text-left\">\n<h1 class=\"wp-block-heading\">Espessamento das unhas do p\u00e9<\/h1>\n\n\n\n<p>As unhas dos p\u00e9s tornam-se naturalmente mais duras e espessas \u00e0 medida que envelhecemos. Quando este espessamento ocorre em pessoas mais novas trata-se provavelmente de uma infe\u00e7\u00e3o f\u00fangica. Uma unha espessa \u00e9 mais dif\u00edcil de penetrar tornando o tratamento mais dif\u00edcil. Limar a unha pode causar ainda mais danos. A melhor abordagem \u00e9 o tratamento da infe\u00e7\u00e3o f\u00fangica o mais rapidamente poss\u00edvel., especialmente quando o tratamento se inicia muito tarde.<\/p>\n<\/div><\/div>\n\n\n\n<div class=\"wp-block-karopharma-free-text pt-medium pb-medium bg-center bg-cover bg-no-repeat\" style=\"background-image:url()\"><div class=\"free-text-wrapper container max-w-medium text-left\">\n<p>Um traumatismo maior na unha \u00e9 uma causa \u00f3bvia de espessamento, e este torna-se mais frequente devido a atividades di\u00e1rias repetitivas que aplicam press\u00e3o na unha. Esta press\u00e3o cont\u00ednua da unha contra o sapato leva \u00e0 separa\u00e7\u00e3o da unha do leito ungueal. Ser\u00e1 mais prov\u00e1vel encontrar esta situa\u00e7\u00e3o em maratonistas e jogadores de futebol mas quem caminha normalmente tamb\u00e9m \u00e9 suscet\u00edvel. A probabilidade de acontecer aumenta com a dist\u00e2ncia, com o facto de os sapatos serem apertados e com a pr\u00f3pria inclina\u00e7\u00e3o do terreno nos percursos habituais.<\/p>\n\n\n\n<p>Unhas dos p\u00e9s espessas podem ser dolorosas, dif\u00edceis de cortar e aumentam a suscetibilidade de cada um \u00e0 infe\u00e7\u00e3o.<\/p>\n<\/div><\/div>\n","protected":false},"excerpt":{"rendered":"","protected":false},"author":3,"featured_media":0,"parent":82,"menu_order":0,"comment_status":"closed","ping_status":"closed","template":"","meta":{"_acf_changed":false,"footnotes":""},"from-article-database":[],"class_list":["post-137","page","type-page","status-publish","hentry"],"acf":[],"yoast_head":"<!-- This site is optimized with the Yoast SEO plugin v26.6 - https:\/\/yoast.com\/wordpress\/plugins\/seo\/ -->\n<title>Espessamento das unhas do p\u00e9 - Nailner<\/title>\n<meta name=\"description\" content=\"As unhas dos p\u00e9s tornam-se naturalmente mais duras e espessas \u00e0 medida que envelhecemos. Quando este espessamento ocorre em pessoas mais novas trata-se provavelmente de uma infe\u00e7\u00e3o f\u00fangica.\" \/>\n<meta name=\"robots\" content=\"index, follow, max-snippet:-1, max-image-preview:large, max-video-preview:-1\" \/>\n<link rel=\"canonical\" href=\"https:\/\/nailner.com\/pt\/acerca-da-infecao-fungica-da-unha\/espessamento-das-unhas-do-pe\/\" \/>\n<meta property=\"og:locale\" content=\"pt_PT\" \/>\n<meta property=\"og:type\" content=\"article\" \/>\n<meta property=\"og:title\" content=\"Espessamento das unhas do p\u00e9 - Nailner\" \/>\n<meta property=\"og:description\" content=\"As unhas dos p\u00e9s tornam-se naturalmente mais duras e espessas \u00e0 medida que envelhecemos. Quando este espessamento ocorre em pessoas mais novas trata-se provavelmente de uma infe\u00e7\u00e3o f\u00fangica.\" \/>\n<meta property=\"og:url\" content=\"https:\/\/nailner.com\/pt\/acerca-da-infecao-fungica-da-unha\/espessamento-das-unhas-do-pe\/\" \/>\n<meta property=\"og:site_name\" content=\"Nailner\" \/>\n<meta property=\"article:modified_time\" content=\"2025-06-18T06:48:07+00:00\" \/>\n<meta name=\"twitter:card\" content=\"summary_large_image\" \/>\n<meta name=\"twitter:label1\" content=\"Tempo estimado de leitura\" \/>\n\t<meta name=\"twitter:data1\" content=\"1 minuto\" \/>\n<script type=\"application\/ld+json\" class=\"yoast-schema-graph\">{\"@context\":\"https:\/\/schema.org\",\"@graph\":[{\"@type\":\"WebPage\",\"@id\":\"https:\/\/nailner.com\/pt\/acerca-da-infecao-fungica-da-unha\/espessamento-das-unhas-do-pe\/\",\"url\":\"https:\/\/nailner.com\/pt\/acerca-da-infecao-fungica-da-unha\/espessamento-das-unhas-do-pe\/\",\"name\":\"Espessamento das unhas do p\u00e9 - Nailner\",\"isPartOf\":{\"@id\":\"https:\/\/nailner.com\/pt\/#website\"},\"datePublished\":\"2022-12-30T07:55:00+00:00\",\"dateModified\":\"2025-06-18T06:48:07+00:00\",\"description\":\"As unhas dos p\u00e9s tornam-se naturalmente mais duras e espessas \u00e0 medida que envelhecemos. Quando este espessamento ocorre em pessoas mais novas trata-se provavelmente de uma infe\u00e7\u00e3o f\u00fangica.\",\"breadcrumb\":{\"@id\":\"https:\/\/nailner.com\/pt\/acerca-da-infecao-fungica-da-unha\/espessamento-das-unhas-do-pe\/#breadcrumb\"},\"inLanguage\":\"pt-PT\",\"potentialAction\":[{\"@type\":\"ReadAction\",\"target\":[\"https:\/\/nailner.com\/pt\/acerca-da-infecao-fungica-da-unha\/espessamento-das-unhas-do-pe\/\"]}]},{\"@type\":\"BreadcrumbList\",\"@id\":\"https:\/\/nailner.com\/pt\/acerca-da-infecao-fungica-da-unha\/espessamento-das-unhas-do-pe\/#breadcrumb\",\"itemListElement\":[{\"@type\":\"ListItem\",\"position\":1,\"name\":\"Home\",\"item\":\"https:\/\/nailner.com\/pt\/\"},{\"@type\":\"ListItem\",\"position\":2,\"name\":\"Acerca da infe\u00e7\u00e3o f\u00fangica da unha\",\"item\":\"https:\/\/nailner.com\/pt\/acerca-da-infecao-fungica-da-unha\/\"},{\"@type\":\"ListItem\",\"position\":3,\"name\":\"Espessamento das unhas do p\u00e9\"}]},{\"@type\":\"WebSite\",\"@id\":\"https:\/\/nailner.com\/pt\/#website\",\"url\":\"https:\/\/nailner.com\/pt\/\",\"name\":\"Nailner\",\"description\":\"\",\"publisher\":{\"@id\":\"https:\/\/nailner.com\/pt\/#organization\"},\"potentialAction\":[{\"@type\":\"SearchAction\",\"target\":{\"@type\":\"EntryPoint\",\"urlTemplate\":\"https:\/\/nailner.com\/pt\/?s={search_term_string}\"},\"query-input\":{\"@type\":\"PropertyValueSpecification\",\"valueRequired\":true,\"valueName\":\"search_term_string\"}}],\"inLanguage\":\"pt-PT\"},{\"@type\":\"Organization\",\"@id\":\"https:\/\/nailner.com\/pt\/#organization\",\"name\":\"Nailner\",\"url\":\"https:\/\/nailner.com\/pt\/\",\"logo\":{\"@type\":\"ImageObject\",\"inLanguage\":\"pt-PT\",\"@id\":\"https:\/\/nailner.com\/pt\/#\/schema\/logo\/image\/\",\"url\":\"https:\/\/nailner.com\/app\/uploads\/sites\/17\/2025\/04\/Nailner-logo.png\",\"contentUrl\":\"https:\/\/nailner.com\/app\/uploads\/sites\/17\/2025\/04\/Nailner-logo.png\",\"width\":134,\"height\":32,\"caption\":\"Nailner\"},\"image\":{\"@id\":\"https:\/\/nailner.com\/pt\/#\/schema\/logo\/image\/\"}}]}<\/script>\n<!-- \/ Yoast SEO plugin. -->","yoast_head_json":{"title":"Espessamento das unhas do p\u00e9 - Nailner","description":"As unhas dos p\u00e9s tornam-se naturalmente mais duras e espessas \u00e0 medida que envelhecemos. Quando este espessamento ocorre em pessoas mais novas trata-se provavelmente de uma infe\u00e7\u00e3o f\u00fangica.","robots":{"index":"index","follow":"follow","max-snippet":"max-snippet:-1","max-image-preview":"max-image-preview:large","max-video-preview":"max-video-preview:-1"},"canonical":"https:\/\/nailner.com\/pt\/acerca-da-infecao-fungica-da-unha\/espessamento-das-unhas-do-pe\/","og_locale":"pt_PT","og_type":"article","og_title":"Espessamento das unhas do p\u00e9 - Nailner","og_description":"As unhas dos p\u00e9s tornam-se naturalmente mais duras e espessas \u00e0 medida que envelhecemos. Quando este espessamento ocorre em pessoas mais novas trata-se provavelmente de uma infe\u00e7\u00e3o f\u00fangica.","og_url":"https:\/\/nailner.com\/pt\/acerca-da-infecao-fungica-da-unha\/espessamento-das-unhas-do-pe\/","og_site_name":"Nailner","article_modified_time":"2025-06-18T06:48:07+00:00","twitter_card":"summary_large_image","twitter_misc":{"Tempo estimado de leitura":"1 minuto"},"schema":{"@context":"https:\/\/schema.org","@graph":[{"@type":"WebPage","@id":"https:\/\/nailner.com\/pt\/acerca-da-infecao-fungica-da-unha\/espessamento-das-unhas-do-pe\/","url":"https:\/\/nailner.com\/pt\/acerca-da-infecao-fungica-da-unha\/espessamento-das-unhas-do-pe\/","name":"Espessamento das unhas do p\u00e9 - Nailner","isPartOf":{"@id":"https:\/\/nailner.com\/pt\/#website"},"datePublished":"2022-12-30T07:55:00+00:00","dateModified":"2025-06-18T06:48:07+00:00","description":"As unhas dos p\u00e9s tornam-se naturalmente mais duras e espessas \u00e0 medida que envelhecemos. Quando este espessamento ocorre em pessoas mais novas trata-se provavelmente de uma infe\u00e7\u00e3o f\u00fangica.","breadcrumb":{"@id":"https:\/\/nailner.com\/pt\/acerca-da-infecao-fungica-da-unha\/espessamento-das-unhas-do-pe\/#breadcrumb"},"inLanguage":"pt-PT","potentialAction":[{"@type":"ReadAction","target":["https:\/\/nailner.com\/pt\/acerca-da-infecao-fungica-da-unha\/espessamento-das-unhas-do-pe\/"]}]},{"@type":"BreadcrumbList","@id":"https:\/\/nailner.com\/pt\/acerca-da-infecao-fungica-da-unha\/espessamento-das-unhas-do-pe\/#breadcrumb","itemListElement":[{"@type":"ListItem","position":1,"name":"Home","item":"https:\/\/nailner.com\/pt\/"},{"@type":"ListItem","position":2,"name":"Acerca da infe\u00e7\u00e3o f\u00fangica da unha","item":"https:\/\/nailner.com\/pt\/acerca-da-infecao-fungica-da-unha\/"},{"@type":"ListItem","position":3,"name":"Espessamento das unhas do p\u00e9"}]},{"@type":"WebSite","@id":"https:\/\/nailner.com\/pt\/#website","url":"https:\/\/nailner.com\/pt\/","name":"Nailner","description":"","publisher":{"@id":"https:\/\/nailner.com\/pt\/#organization"},"potentialAction":[{"@type":"SearchAction","target":{"@type":"EntryPoint","urlTemplate":"https:\/\/nailner.com\/pt\/?s={search_term_string}"},"query-input":{"@type":"PropertyValueSpecification","valueRequired":true,"valueName":"search_term_string"}}],"inLanguage":"pt-PT"},{"@type":"Organization","@id":"https:\/\/nailner.com\/pt\/#organization","name":"Nailner","url":"https:\/\/nailner.com\/pt\/","logo":{"@type":"ImageObject","inLanguage":"pt-PT","@id":"https:\/\/nailner.com\/pt\/#\/schema\/logo\/image\/","url":"https:\/\/nailner.com\/app\/uploads\/sites\/17\/2025\/04\/Nailner-logo.png","contentUrl":"https:\/\/nailner.com\/app\/uploads\/sites\/17\/2025\/04\/Nailner-logo.png","width":134,"height":32,"caption":"Nailner"},"image":{"@id":"https:\/\/nailner.com\/pt\/#\/schema\/logo\/image\/"}}]}},"_links":{"self":[{"href":"https:\/\/nailner.com\/pt\/wp-json\/wp\/v2\/pages\/137","targetHints":{"allow":["GET"]}}],"collection":[{"href":"https:\/\/nailner.com\/pt\/wp-json\/wp\/v2\/pages"}],"about":[{"href":"https:\/\/nailner.com\/pt\/wp-json\/wp\/v2\/types\/page"}],"author":[{"embeddable":true,"href":"https:\/\/nailner.com\/pt\/wp-json\/wp\/v2\/users\/3"}],"replies":[{"embeddable":true,"href":"https:\/\/nailner.com\/pt\/wp-json\/wp\/v2\/comments?post=137"}],"version-history":[{"count":2,"href":"https:\/\/nailner.com\/pt\/wp-json\/wp\/v2\/pages\/137\/revisions"}],"predecessor-version":[{"id":308,"href":"https:\/\/nailner.com\/pt\/wp-json\/wp\/v2\/pages\/137\/revisions\/308"}],"up":[{"embeddable":true,"href":"https:\/\/nailner.com\/pt\/wp-json\/wp\/v2\/pages\/82"}],"wp:attachment":[{"href":"https:\/\/nailner.com\/pt\/wp-json\/wp\/v2\/media?parent=137"}],"wp:term":[{"taxonomy":"from-article-database","embeddable":true,"href":"https:\/\/nailner.com\/pt\/wp-json\/wp\/v2\/from-article-database?post=137"}],"curies":[{"name":"wp","href":"https:\/\/api.w.org\/{rel}","templated":true}]}}