{"id":140,"date":"2022-12-30T07:56:03","date_gmt":"2022-12-30T07:56:03","guid":{"rendered":"https:\/\/nailner.com\/pt\/?page_id=140"},"modified":"2025-06-18T07:52:50","modified_gmt":"2025-06-18T06:52:50","slug":"unhas-partidas-e-quebradicas","status":"publish","type":"page","link":"https:\/\/nailner.com\/pt\/acerca-da-infecao-fungica-da-unha\/unhas-partidas-e-quebradicas\/","title":{"rendered":"Unhas partidas e quebradi\u00e7as"},"content":{"rendered":"\n<div class=\"wp-block-karopharma-free-text pt-medium pb-medium bg-center bg-cover bg-no-repeat  is-style-secondary\" style=\"background-image:url()\"><div class=\"free-text-wrapper container max-w-medium text-left\">\n<h1 class=\"wp-block-heading\">Unhas partidas e quebradi\u00e7as<\/h1>\n\n\n\n<p>As unUnhas quebradi\u00e7as podem ser causadas pela exposi\u00e7\u00e3o prolongada \u00e0 \u00e1gua ou a qu\u00edmicos, como o verniz para unhas.<\/p>\n<\/div><\/div>\n\n\n\n<div class=\"wp-block-karopharma-free-text pt-medium pb-medium bg-center bg-cover bg-no-repeat\" style=\"background-image:url()\"><div class=\"free-text-wrapper container max-w-medium text-left\">\n<p>S\u00e3o tamb\u00e9m um sinal de envelhecimento. Por este motivo, adultos e pessoas mais idosas sofrem mais com infe\u00e7\u00f5es f\u00fangicas que se infiltram atrav\u00e9s das fissuras nas unhas.<\/p>\n\n\n\n<p>Muitas condi\u00e7\u00f5es m\u00e9dicas podem afetar a integridade da unha, o que significa que a unha pode facilmente partir, lascar, descolar ou pelar. Unhas fr\u00e1geis e quebradi\u00e7as, condi\u00e7\u00e3o normalmente chamada de onicosquizia, podem ser tamb\u00e9m sinal de hipotiroidismo. Tomar suplementos de biotina pode ajudar em alguns casos e aplicar um hidratante depois de as mergulhar em \u00e1gua tamb\u00e9m pode ser ben\u00e9fico.<\/p>\n\n\n\n<p>Nailner \u00e9 utilizado para prevenir a penetra\u00e7\u00e3o dos fungos na unha uma vez que cria um ambiente in\u00f3spito para a sobreviv\u00eancia dos fungos. Nailner tamb\u00e9m cont\u00e9m hidratantes que ajudam \u00e0 recupera\u00e7\u00e3o das unhas fr\u00e1geis e quebradi\u00e7as.<\/p>\n<\/div><\/div>\n","protected":false},"excerpt":{"rendered":"","protected":false},"author":3,"featured_media":0,"parent":82,"menu_order":0,"comment_status":"closed","ping_status":"closed","template":"","meta":{"_acf_changed":false,"footnotes":""},"from-article-database":[],"class_list":["post-140","page","type-page","status-publish","hentry"],"acf":[],"yoast_head":"<!-- This site is optimized with the Yoast SEO plugin v26.6 - https:\/\/yoast.com\/wordpress\/plugins\/seo\/ -->\n<title>Unhas partidas e quebradi\u00e7as - Nailner<\/title>\n<meta name=\"description\" content=\"Nailner \u00e9 utilizado para prevenir a penetra\u00e7\u00e3o dos fungos na unha uma vez que cria um ambiente in\u00f3spito para a sobreviv\u00eancia dos fungos.\" \/>\n<meta name=\"robots\" content=\"index, follow, max-snippet:-1, max-image-preview:large, max-video-preview:-1\" \/>\n<link rel=\"canonical\" href=\"https:\/\/nailner.com\/pt\/acerca-da-infecao-fungica-da-unha\/unhas-partidas-e-quebradicas\/\" \/>\n<meta property=\"og:locale\" content=\"pt_PT\" \/>\n<meta property=\"og:type\" content=\"article\" \/>\n<meta property=\"og:title\" content=\"Unhas partidas e quebradi\u00e7as - Nailner\" \/>\n<meta property=\"og:description\" content=\"Nailner \u00e9 utilizado para prevenir a penetra\u00e7\u00e3o dos fungos na unha uma vez que cria um ambiente in\u00f3spito para a sobreviv\u00eancia dos fungos.\" \/>\n<meta property=\"og:url\" content=\"https:\/\/nailner.com\/pt\/acerca-da-infecao-fungica-da-unha\/unhas-partidas-e-quebradicas\/\" \/>\n<meta property=\"og:site_name\" content=\"Nailner\" \/>\n<meta property=\"article:modified_time\" content=\"2025-06-18T06:52:50+00:00\" \/>\n<meta name=\"twitter:card\" content=\"summary_large_image\" \/>\n<meta name=\"twitter:label1\" content=\"Tempo estimado de leitura\" \/>\n\t<meta name=\"twitter:data1\" content=\"1 minuto\" \/>\n<script type=\"application\/ld+json\" class=\"yoast-schema-graph\">{\"@context\":\"https:\/\/schema.org\",\"@graph\":[{\"@type\":\"WebPage\",\"@id\":\"https:\/\/nailner.com\/pt\/acerca-da-infecao-fungica-da-unha\/unhas-partidas-e-quebradicas\/\",\"url\":\"https:\/\/nailner.com\/pt\/acerca-da-infecao-fungica-da-unha\/unhas-partidas-e-quebradicas\/\",\"name\":\"Unhas partidas e quebradi\u00e7as - Nailner\",\"isPartOf\":{\"@id\":\"https:\/\/nailner.com\/pt\/#website\"},\"datePublished\":\"2022-12-30T07:56:03+00:00\",\"dateModified\":\"2025-06-18T06:52:50+00:00\",\"description\":\"Nailner \u00e9 utilizado para prevenir a penetra\u00e7\u00e3o dos fungos na unha uma vez que cria um ambiente in\u00f3spito para a sobreviv\u00eancia dos fungos.\",\"breadcrumb\":{\"@id\":\"https:\/\/nailner.com\/pt\/acerca-da-infecao-fungica-da-unha\/unhas-partidas-e-quebradicas\/#breadcrumb\"},\"inLanguage\":\"pt-PT\",\"potentialAction\":[{\"@type\":\"ReadAction\",\"target\":[\"https:\/\/nailner.com\/pt\/acerca-da-infecao-fungica-da-unha\/unhas-partidas-e-quebradicas\/\"]}]},{\"@type\":\"BreadcrumbList\",\"@id\":\"https:\/\/nailner.com\/pt\/acerca-da-infecao-fungica-da-unha\/unhas-partidas-e-quebradicas\/#breadcrumb\",\"itemListElement\":[{\"@type\":\"ListItem\",\"position\":1,\"name\":\"Home\",\"item\":\"https:\/\/nailner.com\/pt\/\"},{\"@type\":\"ListItem\",\"position\":2,\"name\":\"Acerca da infe\u00e7\u00e3o f\u00fangica da unha\",\"item\":\"https:\/\/nailner.com\/pt\/acerca-da-infecao-fungica-da-unha\/\"},{\"@type\":\"ListItem\",\"position\":3,\"name\":\"Unhas partidas e quebradi\u00e7as\"}]},{\"@type\":\"WebSite\",\"@id\":\"https:\/\/nailner.com\/pt\/#website\",\"url\":\"https:\/\/nailner.com\/pt\/\",\"name\":\"Nailner\",\"description\":\"\",\"publisher\":{\"@id\":\"https:\/\/nailner.com\/pt\/#organization\"},\"potentialAction\":[{\"@type\":\"SearchAction\",\"target\":{\"@type\":\"EntryPoint\",\"urlTemplate\":\"https:\/\/nailner.com\/pt\/?s={search_term_string}\"},\"query-input\":{\"@type\":\"PropertyValueSpecification\",\"valueRequired\":true,\"valueName\":\"search_term_string\"}}],\"inLanguage\":\"pt-PT\"},{\"@type\":\"Organization\",\"@id\":\"https:\/\/nailner.com\/pt\/#organization\",\"name\":\"Nailner\",\"url\":\"https:\/\/nailner.com\/pt\/\",\"logo\":{\"@type\":\"ImageObject\",\"inLanguage\":\"pt-PT\",\"@id\":\"https:\/\/nailner.com\/pt\/#\/schema\/logo\/image\/\",\"url\":\"https:\/\/nailner.com\/app\/uploads\/sites\/17\/2025\/04\/Nailner-logo.png\",\"contentUrl\":\"https:\/\/nailner.com\/app\/uploads\/sites\/17\/2025\/04\/Nailner-logo.png\",\"width\":134,\"height\":32,\"caption\":\"Nailner\"},\"image\":{\"@id\":\"https:\/\/nailner.com\/pt\/#\/schema\/logo\/image\/\"}}]}<\/script>\n<!-- \/ Yoast SEO plugin. -->","yoast_head_json":{"title":"Unhas partidas e quebradi\u00e7as - Nailner","description":"Nailner \u00e9 utilizado para prevenir a penetra\u00e7\u00e3o dos fungos na unha uma vez que cria um ambiente in\u00f3spito para a sobreviv\u00eancia dos fungos.","robots":{"index":"index","follow":"follow","max-snippet":"max-snippet:-1","max-image-preview":"max-image-preview:large","max-video-preview":"max-video-preview:-1"},"canonical":"https:\/\/nailner.com\/pt\/acerca-da-infecao-fungica-da-unha\/unhas-partidas-e-quebradicas\/","og_locale":"pt_PT","og_type":"article","og_title":"Unhas partidas e quebradi\u00e7as - Nailner","og_description":"Nailner \u00e9 utilizado para prevenir a penetra\u00e7\u00e3o dos fungos na unha uma vez que cria um ambiente in\u00f3spito para a sobreviv\u00eancia dos fungos.","og_url":"https:\/\/nailner.com\/pt\/acerca-da-infecao-fungica-da-unha\/unhas-partidas-e-quebradicas\/","og_site_name":"Nailner","article_modified_time":"2025-06-18T06:52:50+00:00","twitter_card":"summary_large_image","twitter_misc":{"Tempo estimado de leitura":"1 minuto"},"schema":{"@context":"https:\/\/schema.org","@graph":[{"@type":"WebPage","@id":"https:\/\/nailner.com\/pt\/acerca-da-infecao-fungica-da-unha\/unhas-partidas-e-quebradicas\/","url":"https:\/\/nailner.com\/pt\/acerca-da-infecao-fungica-da-unha\/unhas-partidas-e-quebradicas\/","name":"Unhas partidas e quebradi\u00e7as - Nailner","isPartOf":{"@id":"https:\/\/nailner.com\/pt\/#website"},"datePublished":"2022-12-30T07:56:03+00:00","dateModified":"2025-06-18T06:52:50+00:00","description":"Nailner \u00e9 utilizado para prevenir a penetra\u00e7\u00e3o dos fungos na unha uma vez que cria um ambiente in\u00f3spito para a sobreviv\u00eancia dos fungos.","breadcrumb":{"@id":"https:\/\/nailner.com\/pt\/acerca-da-infecao-fungica-da-unha\/unhas-partidas-e-quebradicas\/#breadcrumb"},"inLanguage":"pt-PT","potentialAction":[{"@type":"ReadAction","target":["https:\/\/nailner.com\/pt\/acerca-da-infecao-fungica-da-unha\/unhas-partidas-e-quebradicas\/"]}]},{"@type":"BreadcrumbList","@id":"https:\/\/nailner.com\/pt\/acerca-da-infecao-fungica-da-unha\/unhas-partidas-e-quebradicas\/#breadcrumb","itemListElement":[{"@type":"ListItem","position":1,"name":"Home","item":"https:\/\/nailner.com\/pt\/"},{"@type":"ListItem","position":2,"name":"Acerca da infe\u00e7\u00e3o f\u00fangica da unha","item":"https:\/\/nailner.com\/pt\/acerca-da-infecao-fungica-da-unha\/"},{"@type":"ListItem","position":3,"name":"Unhas partidas e quebradi\u00e7as"}]},{"@type":"WebSite","@id":"https:\/\/nailner.com\/pt\/#website","url":"https:\/\/nailner.com\/pt\/","name":"Nailner","description":"","publisher":{"@id":"https:\/\/nailner.com\/pt\/#organization"},"potentialAction":[{"@type":"SearchAction","target":{"@type":"EntryPoint","urlTemplate":"https:\/\/nailner.com\/pt\/?s={search_term_string}"},"query-input":{"@type":"PropertyValueSpecification","valueRequired":true,"valueName":"search_term_string"}}],"inLanguage":"pt-PT"},{"@type":"Organization","@id":"https:\/\/nailner.com\/pt\/#organization","name":"Nailner","url":"https:\/\/nailner.com\/pt\/","logo":{"@type":"ImageObject","inLanguage":"pt-PT","@id":"https:\/\/nailner.com\/pt\/#\/schema\/logo\/image\/","url":"https:\/\/nailner.com\/app\/uploads\/sites\/17\/2025\/04\/Nailner-logo.png","contentUrl":"https:\/\/nailner.com\/app\/uploads\/sites\/17\/2025\/04\/Nailner-logo.png","width":134,"height":32,"caption":"Nailner"},"image":{"@id":"https:\/\/nailner.com\/pt\/#\/schema\/logo\/image\/"}}]}},"_links":{"self":[{"href":"https:\/\/nailner.com\/pt\/wp-json\/wp\/v2\/pages\/140","targetHints":{"allow":["GET"]}}],"collection":[{"href":"https:\/\/nailner.com\/pt\/wp-json\/wp\/v2\/pages"}],"about":[{"href":"https:\/\/nailner.com\/pt\/wp-json\/wp\/v2\/types\/page"}],"author":[{"embeddable":true,"href":"https:\/\/nailner.com\/pt\/wp-json\/wp\/v2\/users\/3"}],"replies":[{"embeddable":true,"href":"https:\/\/nailner.com\/pt\/wp-json\/wp\/v2\/comments?post=140"}],"version-history":[{"count":2,"href":"https:\/\/nailner.com\/pt\/wp-json\/wp\/v2\/pages\/140\/revisions"}],"predecessor-version":[{"id":317,"href":"https:\/\/nailner.com\/pt\/wp-json\/wp\/v2\/pages\/140\/revisions\/317"}],"up":[{"embeddable":true,"href":"https:\/\/nailner.com\/pt\/wp-json\/wp\/v2\/pages\/82"}],"wp:attachment":[{"href":"https:\/\/nailner.com\/pt\/wp-json\/wp\/v2\/media?parent=140"}],"wp:term":[{"taxonomy":"from-article-database","embeddable":true,"href":"https:\/\/nailner.com\/pt\/wp-json\/wp\/v2\/from-article-database?post=140"}],"curies":[{"name":"wp","href":"https:\/\/api.w.org\/{rel}","templated":true}]}}