{"id":157,"date":"2022-12-30T08:22:11","date_gmt":"2022-12-30T08:22:11","guid":{"rendered":"https:\/\/nailner.com\/pt\/?page_id=157"},"modified":"2025-06-18T07:53:53","modified_gmt":"2025-06-18T06:53:53","slug":"tratamentos-para-a-infecao-fungica-da-unha","status":"publish","type":"page","link":"https:\/\/nailner.com\/pt\/tratamentos-antifungicos\/tratamentos-para-a-infecao-fungica-da-unha\/","title":{"rendered":"Tratamentos para a infe\u00e7\u00e3o f\u00fangica da unha"},"content":{"rendered":"\n<div class=\"wp-block-karopharma-free-text pt-medium pb-medium bg-center bg-cover bg-no-repeat  is-style-secondary\" style=\"background-image:url()\"><div class=\"free-text-wrapper container max-w-medium text-left\">\n<h1 class=\"wp-block-heading\">Tratamentos para a infe\u00e7\u00e3o f\u00fangica da unha<\/h1>\n\n\n\n<p>Os fungos das unhas podem ser tratados com produtos de venda livre. As infe\u00e7\u00f5es n\u00e3o tratadas podem levar a outras complica\u00e7\u00f5es dolorosas e desconfort\u00e1veis e por isso devemos agir o quanto antes!<\/p>\n<\/div><\/div>\n\n\n\n<div class=\"wp-block-karopharma-free-text pt-medium pb-medium bg-center bg-cover bg-no-repeat\" style=\"background-image:url()\"><div class=\"free-text-wrapper container max-w-medium text-left\">\n<p>O tratamento depender\u00e1 sempre do qu\u00e3o depressa a unha cresce, o que normalmente leva 6 a 12 meses. Devido \u00e0 dura\u00e7\u00e3o do tratamento, \u00e9 muito importante que a sua aplica\u00e7\u00e3o seja f\u00e1cil. Os produtos Nailner apresentam op\u00e7\u00f5es f\u00e1ceis e convenientes atrav\u00e9s do formato Caneta e Verniz. Demora apenas 1-2 minutos por dia e n\u00e3o necessita limar a unha antes de aplicar.<\/p>\n\n\n\n<p>Nailner \u00e9 comprovadamente eficaz no tratamento dos fungos das unhas. As solu\u00e7\u00f5es 2 EM 1 apresentam resultados vis\u00edveis muito rapidamente pois abrilhantam a unha e melhoram a sua apar\u00eancia em apenas uma semana.<\/p>\n\n\n\n<p>Existem v\u00e1rias propriedades, essenciais para o tratamento t\u00f3pico dos fungos das unhas, que foram experimentadas, testadas e comprovadas nos produtos Nailner.&nbsp;<\/p>\n\n\n\n<h2 class=\"wp-block-heading is-style-heading-h3\"><strong>O tratamento Nailner<\/strong><\/h2>\n\n\n\n<p>Nailner \u00e9 um produto de venda livre com efic\u00e1cia comprovada no tratamento dos fungos das unhas. Estudos cl\u00ednicos demonstraram que os utilizadores conseguiram tratar os fungos das unhas quando utilizaram Nailner todos os dias, durante 12 semanas.<\/p>\n\n\n\n<p>Nailner utiliza ingredientes que n\u00e3o danificam a unha e que podem ser utilizados para o tratamento e para preven\u00e7\u00e3o dos fungos nas unhas.<\/p>\n\n\n\n<p>Nailner 2 EM 1 cont\u00e9m ingredientes hidratantes e abrilhantadores que melhoram rapidamente a apar\u00eancia saud\u00e1vel das unhas, apresentando resultados vis\u00edveis mais rapidamente do que qualquer outro produto de venda livre.<\/p>\n\n\n\n<h3 class=\"wp-block-heading is-style-heading-h3\"><strong>Como \u00e9 que Nailner trata a infe\u00e7\u00e3o f\u00fangica?<\/strong><\/h3>\n\n\n\n<p>Nailner trata a infe\u00e7\u00e3o f\u00fangica atrav\u00e9s de 2 a\u00e7\u00f5es essenciais:<\/p>\n\n\n\n<p><strong>&#8211; Impregna\u00e7\u00e3o total da unha<\/strong><\/p>\n\n\n\n<p>Os fungos existem em toda a estrutura da unha e n\u00e3o apenas na superf\u00edcie. Nailner consegue penetrar na unha e impregnar a unha por completo removendo assim os fungos. Os seus ingredientes ativos atuam n\u00e3o s\u00f3 na superf\u00edcie da unha mas tamb\u00e9m nas camadas mais profundas da unha.<\/p>\n\n\n\n<p><strong>&#8211; Diminui\u00e7\u00e3o do pH da unha para combater os fungos no seu \u00e2mago<\/strong><\/p>\n\n\n\n<p>Os fungos preferem ambientes com pH alcalino. Estes libertam agentes que invadem a queratina da unha e causam os danos vis\u00edveis t\u00e3o frequentemente associados \u00e0s infe\u00e7\u00f5es f\u00fangicas das unhas. Nailner cont\u00e9m \u00e1cido l\u00e1ctico que diminui os n\u00edveis de pH criando um ambiente desfavor\u00e1vel \u00e0 sobreviv\u00eancia dos fungos.<\/p>\n<\/div><\/div>\n","protected":false},"excerpt":{"rendered":"","protected":false},"author":3,"featured_media":0,"parent":80,"menu_order":0,"comment_status":"closed","ping_status":"closed","template":"","meta":{"_acf_changed":false,"footnotes":""},"from-article-database":[],"class_list":["post-157","page","type-page","status-publish","hentry"],"acf":[],"yoast_head":"<!-- This site is optimized with the Yoast SEO plugin v26.6 - https:\/\/yoast.com\/wordpress\/plugins\/seo\/ -->\n<title>Tratamentos para a infe\u00e7\u00e3o f\u00fangica da unha - Nailner<\/title>\n<meta name=\"description\" content=\"Os fungos das unhas podem ser tratados com produtos de venda livre. As infe\u00e7\u00f5es n\u00e3o tratadas podem levar a outras complica\u00e7\u00f5es dolorosas e desconfort\u00e1veis e por isso devemos agir o quanto antes!\" \/>\n<meta name=\"robots\" content=\"index, follow, max-snippet:-1, max-image-preview:large, max-video-preview:-1\" \/>\n<link rel=\"canonical\" href=\"https:\/\/nailner.com\/pt\/tratamentos-antifungicos\/tratamentos-para-a-infecao-fungica-da-unha\/\" \/>\n<meta property=\"og:locale\" content=\"pt_PT\" \/>\n<meta property=\"og:type\" content=\"article\" \/>\n<meta property=\"og:title\" content=\"Tratamentos para a infe\u00e7\u00e3o f\u00fangica da unha - Nailner\" \/>\n<meta property=\"og:description\" content=\"Os fungos das unhas podem ser tratados com produtos de venda livre. As infe\u00e7\u00f5es n\u00e3o tratadas podem levar a outras complica\u00e7\u00f5es dolorosas e desconfort\u00e1veis e por isso devemos agir o quanto antes!\" \/>\n<meta property=\"og:url\" content=\"https:\/\/nailner.com\/pt\/tratamentos-antifungicos\/tratamentos-para-a-infecao-fungica-da-unha\/\" \/>\n<meta property=\"og:site_name\" content=\"Nailner\" \/>\n<meta property=\"article:modified_time\" content=\"2025-06-18T06:53:53+00:00\" \/>\n<meta name=\"twitter:card\" content=\"summary_large_image\" \/>\n<meta name=\"twitter:label1\" content=\"Tempo estimado de leitura\" \/>\n\t<meta name=\"twitter:data1\" content=\"3 minutos\" \/>\n<script type=\"application\/ld+json\" class=\"yoast-schema-graph\">{\"@context\":\"https:\/\/schema.org\",\"@graph\":[{\"@type\":\"WebPage\",\"@id\":\"https:\/\/nailner.com\/pt\/tratamentos-antifungicos\/tratamentos-para-a-infecao-fungica-da-unha\/\",\"url\":\"https:\/\/nailner.com\/pt\/tratamentos-antifungicos\/tratamentos-para-a-infecao-fungica-da-unha\/\",\"name\":\"Tratamentos para a infe\u00e7\u00e3o f\u00fangica da unha - Nailner\",\"isPartOf\":{\"@id\":\"https:\/\/nailner.com\/pt\/#website\"},\"datePublished\":\"2022-12-30T08:22:11+00:00\",\"dateModified\":\"2025-06-18T06:53:53+00:00\",\"description\":\"Os fungos das unhas podem ser tratados com produtos de venda livre. As infe\u00e7\u00f5es n\u00e3o tratadas podem levar a outras complica\u00e7\u00f5es dolorosas e desconfort\u00e1veis e por isso devemos agir o quanto antes!\",\"breadcrumb\":{\"@id\":\"https:\/\/nailner.com\/pt\/tratamentos-antifungicos\/tratamentos-para-a-infecao-fungica-da-unha\/#breadcrumb\"},\"inLanguage\":\"pt-PT\",\"potentialAction\":[{\"@type\":\"ReadAction\",\"target\":[\"https:\/\/nailner.com\/pt\/tratamentos-antifungicos\/tratamentos-para-a-infecao-fungica-da-unha\/\"]}]},{\"@type\":\"BreadcrumbList\",\"@id\":\"https:\/\/nailner.com\/pt\/tratamentos-antifungicos\/tratamentos-para-a-infecao-fungica-da-unha\/#breadcrumb\",\"itemListElement\":[{\"@type\":\"ListItem\",\"position\":1,\"name\":\"Home\",\"item\":\"https:\/\/nailner.com\/pt\/\"},{\"@type\":\"ListItem\",\"position\":2,\"name\":\"Tratamentos antif\u00fangicos\",\"item\":\"https:\/\/nailner.com\/pt\/tratamentos-antifungicos\/\"},{\"@type\":\"ListItem\",\"position\":3,\"name\":\"Tratamentos para a infe\u00e7\u00e3o f\u00fangica da unha\"}]},{\"@type\":\"WebSite\",\"@id\":\"https:\/\/nailner.com\/pt\/#website\",\"url\":\"https:\/\/nailner.com\/pt\/\",\"name\":\"Nailner\",\"description\":\"\",\"publisher\":{\"@id\":\"https:\/\/nailner.com\/pt\/#organization\"},\"potentialAction\":[{\"@type\":\"SearchAction\",\"target\":{\"@type\":\"EntryPoint\",\"urlTemplate\":\"https:\/\/nailner.com\/pt\/?s={search_term_string}\"},\"query-input\":{\"@type\":\"PropertyValueSpecification\",\"valueRequired\":true,\"valueName\":\"search_term_string\"}}],\"inLanguage\":\"pt-PT\"},{\"@type\":\"Organization\",\"@id\":\"https:\/\/nailner.com\/pt\/#organization\",\"name\":\"Nailner\",\"url\":\"https:\/\/nailner.com\/pt\/\",\"logo\":{\"@type\":\"ImageObject\",\"inLanguage\":\"pt-PT\",\"@id\":\"https:\/\/nailner.com\/pt\/#\/schema\/logo\/image\/\",\"url\":\"https:\/\/nailner.com\/app\/uploads\/sites\/17\/2025\/04\/Nailner-logo.png\",\"contentUrl\":\"https:\/\/nailner.com\/app\/uploads\/sites\/17\/2025\/04\/Nailner-logo.png\",\"width\":134,\"height\":32,\"caption\":\"Nailner\"},\"image\":{\"@id\":\"https:\/\/nailner.com\/pt\/#\/schema\/logo\/image\/\"}}]}<\/script>\n<!-- \/ Yoast SEO plugin. -->","yoast_head_json":{"title":"Tratamentos para a infe\u00e7\u00e3o f\u00fangica da unha - Nailner","description":"Os fungos das unhas podem ser tratados com produtos de venda livre. As infe\u00e7\u00f5es n\u00e3o tratadas podem levar a outras complica\u00e7\u00f5es dolorosas e desconfort\u00e1veis e por isso devemos agir o quanto antes!","robots":{"index":"index","follow":"follow","max-snippet":"max-snippet:-1","max-image-preview":"max-image-preview:large","max-video-preview":"max-video-preview:-1"},"canonical":"https:\/\/nailner.com\/pt\/tratamentos-antifungicos\/tratamentos-para-a-infecao-fungica-da-unha\/","og_locale":"pt_PT","og_type":"article","og_title":"Tratamentos para a infe\u00e7\u00e3o f\u00fangica da unha - Nailner","og_description":"Os fungos das unhas podem ser tratados com produtos de venda livre. As infe\u00e7\u00f5es n\u00e3o tratadas podem levar a outras complica\u00e7\u00f5es dolorosas e desconfort\u00e1veis e por isso devemos agir o quanto antes!","og_url":"https:\/\/nailner.com\/pt\/tratamentos-antifungicos\/tratamentos-para-a-infecao-fungica-da-unha\/","og_site_name":"Nailner","article_modified_time":"2025-06-18T06:53:53+00:00","twitter_card":"summary_large_image","twitter_misc":{"Tempo estimado de leitura":"3 minutos"},"schema":{"@context":"https:\/\/schema.org","@graph":[{"@type":"WebPage","@id":"https:\/\/nailner.com\/pt\/tratamentos-antifungicos\/tratamentos-para-a-infecao-fungica-da-unha\/","url":"https:\/\/nailner.com\/pt\/tratamentos-antifungicos\/tratamentos-para-a-infecao-fungica-da-unha\/","name":"Tratamentos para a infe\u00e7\u00e3o f\u00fangica da unha - Nailner","isPartOf":{"@id":"https:\/\/nailner.com\/pt\/#website"},"datePublished":"2022-12-30T08:22:11+00:00","dateModified":"2025-06-18T06:53:53+00:00","description":"Os fungos das unhas podem ser tratados com produtos de venda livre. As infe\u00e7\u00f5es n\u00e3o tratadas podem levar a outras complica\u00e7\u00f5es dolorosas e desconfort\u00e1veis e por isso devemos agir o quanto antes!","breadcrumb":{"@id":"https:\/\/nailner.com\/pt\/tratamentos-antifungicos\/tratamentos-para-a-infecao-fungica-da-unha\/#breadcrumb"},"inLanguage":"pt-PT","potentialAction":[{"@type":"ReadAction","target":["https:\/\/nailner.com\/pt\/tratamentos-antifungicos\/tratamentos-para-a-infecao-fungica-da-unha\/"]}]},{"@type":"BreadcrumbList","@id":"https:\/\/nailner.com\/pt\/tratamentos-antifungicos\/tratamentos-para-a-infecao-fungica-da-unha\/#breadcrumb","itemListElement":[{"@type":"ListItem","position":1,"name":"Home","item":"https:\/\/nailner.com\/pt\/"},{"@type":"ListItem","position":2,"name":"Tratamentos antif\u00fangicos","item":"https:\/\/nailner.com\/pt\/tratamentos-antifungicos\/"},{"@type":"ListItem","position":3,"name":"Tratamentos para a infe\u00e7\u00e3o f\u00fangica da unha"}]},{"@type":"WebSite","@id":"https:\/\/nailner.com\/pt\/#website","url":"https:\/\/nailner.com\/pt\/","name":"Nailner","description":"","publisher":{"@id":"https:\/\/nailner.com\/pt\/#organization"},"potentialAction":[{"@type":"SearchAction","target":{"@type":"EntryPoint","urlTemplate":"https:\/\/nailner.com\/pt\/?s={search_term_string}"},"query-input":{"@type":"PropertyValueSpecification","valueRequired":true,"valueName":"search_term_string"}}],"inLanguage":"pt-PT"},{"@type":"Organization","@id":"https:\/\/nailner.com\/pt\/#organization","name":"Nailner","url":"https:\/\/nailner.com\/pt\/","logo":{"@type":"ImageObject","inLanguage":"pt-PT","@id":"https:\/\/nailner.com\/pt\/#\/schema\/logo\/image\/","url":"https:\/\/nailner.com\/app\/uploads\/sites\/17\/2025\/04\/Nailner-logo.png","contentUrl":"https:\/\/nailner.com\/app\/uploads\/sites\/17\/2025\/04\/Nailner-logo.png","width":134,"height":32,"caption":"Nailner"},"image":{"@id":"https:\/\/nailner.com\/pt\/#\/schema\/logo\/image\/"}}]}},"_links":{"self":[{"href":"https:\/\/nailner.com\/pt\/wp-json\/wp\/v2\/pages\/157","targetHints":{"allow":["GET"]}}],"collection":[{"href":"https:\/\/nailner.com\/pt\/wp-json\/wp\/v2\/pages"}],"about":[{"href":"https:\/\/nailner.com\/pt\/wp-json\/wp\/v2\/types\/page"}],"author":[{"embeddable":true,"href":"https:\/\/nailner.com\/pt\/wp-json\/wp\/v2\/users\/3"}],"replies":[{"embeddable":true,"href":"https:\/\/nailner.com\/pt\/wp-json\/wp\/v2\/comments?post=157"}],"version-history":[{"count":3,"href":"https:\/\/nailner.com\/pt\/wp-json\/wp\/v2\/pages\/157\/revisions"}],"predecessor-version":[{"id":319,"href":"https:\/\/nailner.com\/pt\/wp-json\/wp\/v2\/pages\/157\/revisions\/319"}],"up":[{"embeddable":true,"href":"https:\/\/nailner.com\/pt\/wp-json\/wp\/v2\/pages\/80"}],"wp:attachment":[{"href":"https:\/\/nailner.com\/pt\/wp-json\/wp\/v2\/media?parent=157"}],"wp:term":[{"taxonomy":"from-article-database","embeddable":true,"href":"https:\/\/nailner.com\/pt\/wp-json\/wp\/v2\/from-article-database?post=157"}],"curies":[{"name":"wp","href":"https:\/\/api.w.org\/{rel}","templated":true}]}}