{"id":160,"date":"2022-12-30T08:23:51","date_gmt":"2022-12-30T08:23:51","guid":{"rendered":"https:\/\/nailner.com\/pt\/?page_id=160"},"modified":"2025-06-18T07:53:49","modified_gmt":"2025-06-18T06:53:49","slug":"tratamentos-caseiros-para-tratar-as-infecoes-fungicas-das-unhas","status":"publish","type":"page","link":"https:\/\/nailner.com\/pt\/tratamentos-antifungicos\/tratamentos-caseiros-para-tratar-as-infecoes-fungicas-das-unhas\/","title":{"rendered":"Tratamentos caseiros"},"content":{"rendered":"\n<div class=\"wp-block-karopharma-free-text pt-medium pb-medium bg-center bg-cover bg-no-repeat  is-style-secondary\" style=\"background-image:url()\"><div class=\"free-text-wrapper container max-w-medium text-left\">\n<h1 class=\"wp-block-heading\">Tratamentos caseiros para tratar as infe\u00e7\u00f5es f\u00fangicas das unhas<\/h1>\n\n\n\n<p>Existem in\u00fameros m\u00e9todos tidos como rem\u00e9dios caseiros para as infe\u00e7\u00f5es f\u00fangicas das unhas dos p\u00e9s. Os rem\u00e9dios caseiros baseiam-se tipicamente num \u00fanico produto ou ingrediente para tentar combater a infe\u00e7\u00f5es f\u00fangicas das unhas dos p\u00e9s. Algumas das mezinhas mais comuns s\u00e3o:<\/p>\n<\/div><\/div>\n\n\n\n<div class=\"wp-block-karopharma-free-text pt-medium pb-medium bg-center bg-cover bg-no-repeat\" style=\"background-image:url()\"><div class=\"free-text-wrapper container max-w-medium text-left\">\n<p><strong>Algumas das mezinhas mais comuns s\u00e3o:<\/strong><\/p>\n\n\n\n<ul class=\"wp-block-list is-style-icon\">\n<li>\u00d3leo da \u00e1rvore do ch\u00e1<\/li>\n\n\n\n<li>Mergulhar em vinagre<\/li>\n\n\n\n<li>Bicarbonato de s\u00f3dio e vinagre de sidra de ma\u00e7\u00e3<\/li>\n<\/ul>\n\n\n\n<p>Os fungos em geral podem ser tratados e prevenidos atrav\u00e9s de ingredientes \u00e1cidos. No entanto, \u00e9 necess\u00e1rio e vital que estes ingredientes consigam penetrar na unha, o que n\u00e3o acontece com a maior parte destes rem\u00e9dios caseiros.<\/p>\n\n\n\n<p>O&nbsp;<strong>\u00d3leo da \u00c1rvore do Ch\u00e1<\/strong>&nbsp;\u00e9 um fungicida natural e providencia uma defesa qu\u00edmica contra os fungos, presente no \u00f3leo. No entanto, ao contr\u00e1rio de Nailner, n\u00e3o penetra por completo a unha pelo que os fungos conseguem sobreviver no \u00e2mago da unha. Esta mezinha caseira necessita de um longo per\u00edodo de tempo antes de apresentar resultados.<\/p>\n\n\n\n<p>O&nbsp;<strong>Vinagre&nbsp;<\/strong>tem n\u00edveis de acidez que podem ajudar a prevenir a infe\u00e7\u00e3o mas n\u00e3o tem for\u00e7a suficiente para matar os fungos das unhas dos p\u00e9s que j\u00e1 se encontrem instalados. Para que o vinagre fosse eficaz teria que ser utilizado durante um longo per\u00edodo de tempo, durante muitos meses. Contrariamente, Nailner cont\u00e9m \u00e1cidos que evitam que os fungos continuem a viver na unha. Nailner tem ainda na sua composi\u00e7\u00e3o um agente penetrante que permite a impregna\u00e7\u00e3o completa da unha, assegurando que o fungo n\u00e3o consegue sobreviver nas camadas mais profundas da unha.<\/p>\n\n\n\n<p>O&nbsp;<strong>Bicarbonato de s\u00f3dio<\/strong>&nbsp;\u00e9 adicionado \u00e0 \u00e1gua para criar uma pasta. Consta que se a pasta for aplicada duas vezes por dia, mergulhando posteriormente os p\u00e9s durante 15 minutos, se observa uma melhoria. O bicarbonato de&nbsp;s\u00f3dio tem limita\u00e7\u00f5es semelhantes ao vinagre no que diz respeito a tratar a infe\u00e7\u00e3o f\u00fangica eficazmente. Do mesmo modo, 30 minutos de tratamento por dia \u00e9 extremamente inconveniente. A aplica\u00e7\u00e3o de Nailner necessita apenas de 10 a 60 segundos por dia!<\/p>\n\n\n\n<p>Ao contr\u00e1rio do que acontece com Nailner, a efic\u00e1cia destes rem\u00e9dios caseiros n\u00e3o foi comprovada por estudos cl\u00ednicos. Algumas destas mezinhas podem at\u00e9 ter ingredientes que danificam a unha sendo que todos eles apenas tratam os sintomas, n\u00e3o prevenindo a infe\u00e7\u00e3o a longo prazo.<\/p>\n<\/div><\/div>\n","protected":false},"excerpt":{"rendered":"","protected":false},"author":3,"featured_media":0,"parent":80,"menu_order":0,"comment_status":"closed","ping_status":"closed","template":"","meta":{"_acf_changed":false,"footnotes":""},"from-article-database":[],"class_list":["post-160","page","type-page","status-publish","hentry"],"acf":[],"yoast_head":"<!-- This site is optimized with the Yoast SEO plugin v26.6 - https:\/\/yoast.com\/wordpress\/plugins\/seo\/ -->\n<title>Tratamentos caseiros - Nailner<\/title>\n<meta name=\"description\" content=\"Existem in\u00fameros m\u00e9todos tidos como rem\u00e9dios caseiros para as infe\u00e7\u00f5es f\u00fangicas das unhas dos p\u00e9s. Algumas das mezinhas mais comuns s\u00e3o:\" \/>\n<meta name=\"robots\" content=\"index, follow, max-snippet:-1, max-image-preview:large, max-video-preview:-1\" \/>\n<link rel=\"canonical\" href=\"https:\/\/nailner.com\/pt\/tratamentos-antifungicos\/tratamentos-caseiros-para-tratar-as-infecoes-fungicas-das-unhas\/\" \/>\n<meta property=\"og:locale\" content=\"pt_PT\" \/>\n<meta property=\"og:type\" content=\"article\" \/>\n<meta property=\"og:title\" content=\"Tratamentos caseiros - Nailner\" \/>\n<meta property=\"og:description\" content=\"Existem in\u00fameros m\u00e9todos tidos como rem\u00e9dios caseiros para as infe\u00e7\u00f5es f\u00fangicas das unhas dos p\u00e9s. Algumas das mezinhas mais comuns s\u00e3o:\" \/>\n<meta property=\"og:url\" content=\"https:\/\/nailner.com\/pt\/tratamentos-antifungicos\/tratamentos-caseiros-para-tratar-as-infecoes-fungicas-das-unhas\/\" \/>\n<meta property=\"og:site_name\" content=\"Nailner\" \/>\n<meta property=\"article:modified_time\" content=\"2025-06-18T06:53:49+00:00\" \/>\n<meta name=\"twitter:card\" content=\"summary_large_image\" \/>\n<meta name=\"twitter:label1\" content=\"Tempo estimado de leitura\" \/>\n\t<meta name=\"twitter:data1\" content=\"3 minutos\" \/>\n<script type=\"application\/ld+json\" class=\"yoast-schema-graph\">{\"@context\":\"https:\/\/schema.org\",\"@graph\":[{\"@type\":\"WebPage\",\"@id\":\"https:\/\/nailner.com\/pt\/tratamentos-antifungicos\/tratamentos-caseiros-para-tratar-as-infecoes-fungicas-das-unhas\/\",\"url\":\"https:\/\/nailner.com\/pt\/tratamentos-antifungicos\/tratamentos-caseiros-para-tratar-as-infecoes-fungicas-das-unhas\/\",\"name\":\"Tratamentos caseiros - Nailner\",\"isPartOf\":{\"@id\":\"https:\/\/nailner.com\/pt\/#website\"},\"datePublished\":\"2022-12-30T08:23:51+00:00\",\"dateModified\":\"2025-06-18T06:53:49+00:00\",\"description\":\"Existem in\u00fameros m\u00e9todos tidos como rem\u00e9dios caseiros para as infe\u00e7\u00f5es f\u00fangicas das unhas dos p\u00e9s. Algumas das mezinhas mais comuns s\u00e3o:\",\"breadcrumb\":{\"@id\":\"https:\/\/nailner.com\/pt\/tratamentos-antifungicos\/tratamentos-caseiros-para-tratar-as-infecoes-fungicas-das-unhas\/#breadcrumb\"},\"inLanguage\":\"pt-PT\",\"potentialAction\":[{\"@type\":\"ReadAction\",\"target\":[\"https:\/\/nailner.com\/pt\/tratamentos-antifungicos\/tratamentos-caseiros-para-tratar-as-infecoes-fungicas-das-unhas\/\"]}]},{\"@type\":\"BreadcrumbList\",\"@id\":\"https:\/\/nailner.com\/pt\/tratamentos-antifungicos\/tratamentos-caseiros-para-tratar-as-infecoes-fungicas-das-unhas\/#breadcrumb\",\"itemListElement\":[{\"@type\":\"ListItem\",\"position\":1,\"name\":\"Home\",\"item\":\"https:\/\/nailner.com\/pt\/\"},{\"@type\":\"ListItem\",\"position\":2,\"name\":\"Tratamentos antif\u00fangicos\",\"item\":\"https:\/\/nailner.com\/pt\/tratamentos-antifungicos\/\"},{\"@type\":\"ListItem\",\"position\":3,\"name\":\"Tratamentos caseiros\"}]},{\"@type\":\"WebSite\",\"@id\":\"https:\/\/nailner.com\/pt\/#website\",\"url\":\"https:\/\/nailner.com\/pt\/\",\"name\":\"Nailner\",\"description\":\"\",\"publisher\":{\"@id\":\"https:\/\/nailner.com\/pt\/#organization\"},\"potentialAction\":[{\"@type\":\"SearchAction\",\"target\":{\"@type\":\"EntryPoint\",\"urlTemplate\":\"https:\/\/nailner.com\/pt\/?s={search_term_string}\"},\"query-input\":{\"@type\":\"PropertyValueSpecification\",\"valueRequired\":true,\"valueName\":\"search_term_string\"}}],\"inLanguage\":\"pt-PT\"},{\"@type\":\"Organization\",\"@id\":\"https:\/\/nailner.com\/pt\/#organization\",\"name\":\"Nailner\",\"url\":\"https:\/\/nailner.com\/pt\/\",\"logo\":{\"@type\":\"ImageObject\",\"inLanguage\":\"pt-PT\",\"@id\":\"https:\/\/nailner.com\/pt\/#\/schema\/logo\/image\/\",\"url\":\"https:\/\/nailner.com\/app\/uploads\/sites\/17\/2025\/04\/Nailner-logo.png\",\"contentUrl\":\"https:\/\/nailner.com\/app\/uploads\/sites\/17\/2025\/04\/Nailner-logo.png\",\"width\":134,\"height\":32,\"caption\":\"Nailner\"},\"image\":{\"@id\":\"https:\/\/nailner.com\/pt\/#\/schema\/logo\/image\/\"}}]}<\/script>\n<!-- \/ Yoast SEO plugin. -->","yoast_head_json":{"title":"Tratamentos caseiros - Nailner","description":"Existem in\u00fameros m\u00e9todos tidos como rem\u00e9dios caseiros para as infe\u00e7\u00f5es f\u00fangicas das unhas dos p\u00e9s. Algumas das mezinhas mais comuns s\u00e3o:","robots":{"index":"index","follow":"follow","max-snippet":"max-snippet:-1","max-image-preview":"max-image-preview:large","max-video-preview":"max-video-preview:-1"},"canonical":"https:\/\/nailner.com\/pt\/tratamentos-antifungicos\/tratamentos-caseiros-para-tratar-as-infecoes-fungicas-das-unhas\/","og_locale":"pt_PT","og_type":"article","og_title":"Tratamentos caseiros - Nailner","og_description":"Existem in\u00fameros m\u00e9todos tidos como rem\u00e9dios caseiros para as infe\u00e7\u00f5es f\u00fangicas das unhas dos p\u00e9s. Algumas das mezinhas mais comuns s\u00e3o:","og_url":"https:\/\/nailner.com\/pt\/tratamentos-antifungicos\/tratamentos-caseiros-para-tratar-as-infecoes-fungicas-das-unhas\/","og_site_name":"Nailner","article_modified_time":"2025-06-18T06:53:49+00:00","twitter_card":"summary_large_image","twitter_misc":{"Tempo estimado de leitura":"3 minutos"},"schema":{"@context":"https:\/\/schema.org","@graph":[{"@type":"WebPage","@id":"https:\/\/nailner.com\/pt\/tratamentos-antifungicos\/tratamentos-caseiros-para-tratar-as-infecoes-fungicas-das-unhas\/","url":"https:\/\/nailner.com\/pt\/tratamentos-antifungicos\/tratamentos-caseiros-para-tratar-as-infecoes-fungicas-das-unhas\/","name":"Tratamentos caseiros - Nailner","isPartOf":{"@id":"https:\/\/nailner.com\/pt\/#website"},"datePublished":"2022-12-30T08:23:51+00:00","dateModified":"2025-06-18T06:53:49+00:00","description":"Existem in\u00fameros m\u00e9todos tidos como rem\u00e9dios caseiros para as infe\u00e7\u00f5es f\u00fangicas das unhas dos p\u00e9s. Algumas das mezinhas mais comuns s\u00e3o:","breadcrumb":{"@id":"https:\/\/nailner.com\/pt\/tratamentos-antifungicos\/tratamentos-caseiros-para-tratar-as-infecoes-fungicas-das-unhas\/#breadcrumb"},"inLanguage":"pt-PT","potentialAction":[{"@type":"ReadAction","target":["https:\/\/nailner.com\/pt\/tratamentos-antifungicos\/tratamentos-caseiros-para-tratar-as-infecoes-fungicas-das-unhas\/"]}]},{"@type":"BreadcrumbList","@id":"https:\/\/nailner.com\/pt\/tratamentos-antifungicos\/tratamentos-caseiros-para-tratar-as-infecoes-fungicas-das-unhas\/#breadcrumb","itemListElement":[{"@type":"ListItem","position":1,"name":"Home","item":"https:\/\/nailner.com\/pt\/"},{"@type":"ListItem","position":2,"name":"Tratamentos antif\u00fangicos","item":"https:\/\/nailner.com\/pt\/tratamentos-antifungicos\/"},{"@type":"ListItem","position":3,"name":"Tratamentos caseiros"}]},{"@type":"WebSite","@id":"https:\/\/nailner.com\/pt\/#website","url":"https:\/\/nailner.com\/pt\/","name":"Nailner","description":"","publisher":{"@id":"https:\/\/nailner.com\/pt\/#organization"},"potentialAction":[{"@type":"SearchAction","target":{"@type":"EntryPoint","urlTemplate":"https:\/\/nailner.com\/pt\/?s={search_term_string}"},"query-input":{"@type":"PropertyValueSpecification","valueRequired":true,"valueName":"search_term_string"}}],"inLanguage":"pt-PT"},{"@type":"Organization","@id":"https:\/\/nailner.com\/pt\/#organization","name":"Nailner","url":"https:\/\/nailner.com\/pt\/","logo":{"@type":"ImageObject","inLanguage":"pt-PT","@id":"https:\/\/nailner.com\/pt\/#\/schema\/logo\/image\/","url":"https:\/\/nailner.com\/app\/uploads\/sites\/17\/2025\/04\/Nailner-logo.png","contentUrl":"https:\/\/nailner.com\/app\/uploads\/sites\/17\/2025\/04\/Nailner-logo.png","width":134,"height":32,"caption":"Nailner"},"image":{"@id":"https:\/\/nailner.com\/pt\/#\/schema\/logo\/image\/"}}]}},"_links":{"self":[{"href":"https:\/\/nailner.com\/pt\/wp-json\/wp\/v2\/pages\/160","targetHints":{"allow":["GET"]}}],"collection":[{"href":"https:\/\/nailner.com\/pt\/wp-json\/wp\/v2\/pages"}],"about":[{"href":"https:\/\/nailner.com\/pt\/wp-json\/wp\/v2\/types\/page"}],"author":[{"embeddable":true,"href":"https:\/\/nailner.com\/pt\/wp-json\/wp\/v2\/users\/3"}],"replies":[{"embeddable":true,"href":"https:\/\/nailner.com\/pt\/wp-json\/wp\/v2\/comments?post=160"}],"version-history":[{"count":3,"href":"https:\/\/nailner.com\/pt\/wp-json\/wp\/v2\/pages\/160\/revisions"}],"predecessor-version":[{"id":318,"href":"https:\/\/nailner.com\/pt\/wp-json\/wp\/v2\/pages\/160\/revisions\/318"}],"up":[{"embeddable":true,"href":"https:\/\/nailner.com\/pt\/wp-json\/wp\/v2\/pages\/80"}],"wp:attachment":[{"href":"https:\/\/nailner.com\/pt\/wp-json\/wp\/v2\/media?parent=160"}],"wp:term":[{"taxonomy":"from-article-database","embeddable":true,"href":"https:\/\/nailner.com\/pt\/wp-json\/wp\/v2\/from-article-database?post=160"}],"curies":[{"name":"wp","href":"https:\/\/api.w.org\/{rel}","templated":true}]}}