{"id":76,"date":"2022-12-30T07:22:50","date_gmt":"2022-12-30T07:22:50","guid":{"rendered":"https:\/\/nailner.com\/pt\/?page_id=76"},"modified":"2025-06-18T07:40:38","modified_gmt":"2025-06-18T06:40:38","slug":"faq","status":"publish","type":"page","link":"https:\/\/nailner.com\/pt\/faq\/","title":{"rendered":"FAQ"},"content":{"rendered":"\n<div class=\"wp-block-karopharma-free-text pt-large pb-large bg-center bg-cover bg-no-repeat  is-style-secondary\" style=\"background-image:url()\"><div class=\"free-text-wrapper container max-w-medium text-left\">\n<h1 class=\"wp-block-heading has-text-align-center\">Perguntas mais frequentes<\/h1>\n<\/div><\/div>\n\n\n\n<div class=\"wp-block-karopharma-accordions\"><div class=\"container\">\n<details class=\"wp-block-karopharma-accordion\"><summary><h2 class=\"accordion-title\">Como se desenvolvem os fungos das unhas?<\/h2><\/summary><div class=\"accordion-content\">\n<p>Os fungos das unhas ou onicomicoses s\u00e3o infec\u00e7\u00f5es f\u00fangicas das unhas ou das cut\u00edculas. As onicomicoses podem ser causadas por diferentes esp\u00e9cies de fungos (sendo que a esp\u00e9cie mais prevalente \u00e9 a do dermat\u00f3fito T. rubrum). Os fungos s\u00e3o capazes de penetrar na unha atrav\u00e9s de porosidades microsc\u00f3picas ou de descontinuidades provocadas por eventuais danos que as unhas ou os tecidos circundantes possam sofrer. Uma vez no interior ou por baixo da unha, estes fungos alimentam-se de nutrientes libertados pela desagrega\u00e7\u00e3o da queratina da unha, conseguindo, assim, substrato para se desenvolverem e multiplicarem. Esta separa\u00e7\u00e3o das camadas de queratina da unha altera visivelmente a apar\u00eancia da unha. Em estados mais avan\u00e7ados da infec\u00e7\u00e3o da base da unha, esta pode vir a ficar totalmente preta e, inclusivamente, descolar-se.<\/p>\n<\/div><\/details>\n\n\n\n<details class=\"wp-block-karopharma-accordion\"><summary><h2 class=\"accordion-title\">Ser\u00e1 que tenho fungos nas unhas?<\/h2><\/summary><div class=\"accordion-content\">\n<p>Unhas espessas e com a colora\u00e7\u00e3o alterada:&nbsp;<\/p>\n\n\n\n<p>Na maioria das infec\u00e7\u00f5es das unhas por fungos (onicomicoses distais\/proximais subungueais), a unha come\u00e7a por escurecer, depois vai-se espessando e \u201cesfarelando\u201d. Por vezes, a unha descola-se da sua base.<\/p>\n<\/div><\/details>\n\n\n\n<details class=\"wp-block-karopharma-accordion\"><summary><h2 class=\"accordion-title\">Como funcionam os produtos Nailner?<\/h2><\/summary><div class=\"accordion-content\">\n<p>Os produtos Nailner foram desenvolvidos para tratar onicomicoses (infe\u00e7\u00f5es por fungos nas unhas). Os produtos Nailner cont\u00eam um sistema de transporte exclusivo e patenteado, que permite a penetra\u00e7\u00e3o efetiva dos ingredientes ativos. Com a diminui\u00e7\u00e3o do pH da unha, Nailner impede o desenvolvimento dos fungos, elimina-os na sua origem.<\/p>\n<\/div><\/details>\n\n\n\n<details class=\"wp-block-karopharma-accordion\"><summary><h2 class=\"accordion-title\">O Nailner tamb\u00e9m resulta nas \u201cunhas brancas\u201d?<\/h2><\/summary><div class=\"accordion-content\">\n<p>Designam-se de \u201cunhas brancas\u201d as unhas que apresentam pontos brancos, que podem ter v\u00e1rias causas, uma das quais a infec\u00e7\u00e3o f\u00fangica (onicomicose branca superficial). Cerca de 10% das infec\u00e7\u00f5es f\u00fangicas das unhas s\u00e3o deste tipo e podem ser tratadas com a utiliza\u00e7\u00e3o de Nailner.&nbsp;<\/p>\n\n\n\n<p>No entanto, as \u201cunhas brancas\u201d podem ter outras causas como falta de vitaminas, c\u00e1lcio ou outros nutrientes. Se tiver d\u00favidas quanto \u00e0 origem desta condi\u00e7\u00e3o, dever\u00e1 consultar o seu m\u00e9dico ou podologista.<\/p>\n<\/div><\/details>\n\n\n\n<details class=\"wp-block-karopharma-accordion\"><summary><h2 class=\"accordion-title\">Como funciona Nailner Verniz 2 em 1?<\/h2><\/summary><div class=\"accordion-content\">\n<p>Nailner Verniz 2 em 1 tem uma formula\u00e7\u00e3o completa, que n\u00e3o s\u00f3 trata fungos nas unhas, mas tamb\u00e9m melhora a apar\u00eancia da unha infetada em apenas 7 dias:&nbsp;<\/p>\n\n\n\n<ul class=\"wp-block-list is-style-icon\">\n<li>Um sistema exclusivo de transporte, que permite a penetra\u00e7\u00e3o efetiva dos ingredientes ativos, eliminando os fungos na sua origem e alterando o ambiente da unha para impedir o seu desenvolvimento.<\/li>\n\n\n\n<li>Nailner Verniz 2 em 1 tamb\u00e9m cont\u00e9m um ingrediente especial, que ajuda a melhorar a apar\u00eancia da unha infetada, possibilitando resultados vis\u00edveis em apenas 7 dias.<\/li>\n\n\n\n<li>Protege a unha rec\u00e9m-formada de uma nova infe\u00e7\u00e3o<\/li>\n<\/ul>\n<\/div><\/details>\n\n\n\n<details class=\"wp-block-karopharma-accordion\"><summary><h2 class=\"accordion-title\">Como e durante quanto tempo devo utilizar o Nailner?<\/h2><\/summary><div class=\"accordion-content\">\n<p>O Nailner deve ser utilizado nas unhas infectadas por fungos, duas vezes por dia, durante 4 semanas consecutivas. Deve-se continuar a aplica\u00e7\u00e3o uma vez por dia, durante mais 4 semanas ou mais (at\u00e9 que a unha tenha recuperado totalmente), para prevenir recidivas, isto \u00e9, para evitar que os fungos voltem a contaminar as unhas tratadas.&nbsp;<\/p>\n\n\n\n<p>Depois da unha estar saud\u00e1vel, deve-se continuar a usar Nailner uma vez por semana, para prevenir re-infec\u00e7\u00f5es.<\/p>\n<\/div><\/details>\n\n\n\n<details class=\"wp-block-karopharma-accordion\"><summary><h2 class=\"accordion-title\">N\u00e3o corro o risco de infectar unhas saud\u00e1veis usando a mesma caneta?<\/h2><\/summary><div class=\"accordion-content\">\n<p>Nailner cont\u00e9m subst\u00e2ncias que combatem os fungos das unhas. Isto significa que a caneta, por si pr\u00f3pria, nunca ficar\u00e1 contaminada por fungos, ou seja, n\u00e3o h\u00e1 risco de transporte de fungos para as unhas saud\u00e1veis. Por isso, n\u00e3o \u00e9 necess\u00e1rio usar canetas diferentes para unhas saud\u00e1veis e unhas infectadas.<\/p>\n<\/div><\/details>\n\n\n\n<details class=\"wp-block-karopharma-accordion\"><summary><h2 class=\"accordion-title\">As gr\u00e1vidas e as mulheres a amamentar podem usar Nailner?<\/h2><\/summary><div class=\"accordion-content\">\n<p>Os ingredientes que fazem parte da composi\u00e7\u00e3o do Nailner n\u00e3o constituem perigo para as mulheres gr\u00e1vidas ou a amamentar. No entanto, aconselha-se, por uma quest\u00e3o de prud\u00eancia, que consulte o seu m\u00e9dico antes de iniciar o tratamento.<\/p>\n<\/div><\/details>\n\n\n\n<details class=\"wp-block-karopharma-accordion\"><summary><h2 class=\"accordion-title\">Posso pintar as unhas enquanto uso Nailner?<\/h2><\/summary><div class=\"accordion-content\">\n<p>Pode colocar verniz nas unhas mas s\u00f3 depois de aplicar o Nailner. Deve esperar 1 a 2 minutos para que este penetre completamente antes de pintar a unha. Recomenda-se que remova o verniz antes da pr\u00f3xima aplica\u00e7\u00e3o de Nailner.&nbsp;<\/p>\n\n\n\n<p>O verniz impede a hidrata\u00e7\u00e3o e a oxigena\u00e7\u00e3o normal da unha; como resultado, retarda e dificulta a recupera\u00e7\u00e3o da unha infectada. Por isso, enquanto faz o tratamento, deve evitar ao m\u00e1ximo pintar as unhas.<\/p>\n<\/div><\/details>\n\n\n\n<details class=\"wp-block-karopharma-accordion\"><summary><h2 class=\"accordion-title\">Posso utilizar o Nailner em combina\u00e7\u00e3o com outros produtos?<\/h2><\/summary><div class=\"accordion-content\">\n<p>N\u00e3o se conhecem interac\u00e7\u00f5es entre Nailner Repair e outros medicamentos. Mas sobre esta quest\u00e3o, ter\u00e1 sempre que consultar o seu m\u00e9dico ou farmac\u00eautico.<\/p>\n<\/div><\/details>\n\n\n\n<details class=\"wp-block-karopharma-accordion\"><summary><h2 class=\"accordion-title\">O Nailner trata mesmo os fungos das unhas?<\/h2><\/summary><div class=\"accordion-content\">\n<p>Se for usado correctamente e durante o tempo necess\u00e1rio, sim! O re-crescimento de uma unha totalmente nova pode demorar meses ou em alguns casos, um ano. O fungo que causou a onicomicose pode sempre voltar a infectar a unha se entrar em contacto com \u00e1reas\/superf\u00edcies infectadas, como por exemplo, piscinas p\u00fablicas. Por esta raz\u00e3o, Nailner deve ser igualmente utilizado como preven\u00e7\u00e3o.<\/p>\n<\/div><\/details>\n\n\n\n<details class=\"wp-block-karopharma-accordion\"><summary><h2 class=\"accordion-title\">O que posso fazer para prevenir os fungos das unhas?<\/h2><\/summary><div class=\"accordion-content\">\n<p>Segue-se um conjunto de dicas que reduzem a probabilidade de contrair uma onicomicose:&nbsp;<\/p>\n\n\n\n<ul class=\"wp-block-list is-style-icon\">\n<li>Lave as suas meias e toalhas a mais de 60 graus;\u00a0<\/li>\n\n\n\n<li>Use uma toalha separada para secar os p\u00e9s;<\/li>\n\n\n\n<li>Evite cal\u00e7ado apertado ou que n\u00e3o deixe os p\u00e9s respirarem livremente;<\/li>\n\n\n\n<li>Lave o cal\u00e7ado lav\u00e1vel;<\/li>\n\n\n\n<li>Se cal\u00e7ar meias, assegure-se que o tecido \u00e9 perme\u00e1vel e tire-as assim que chegar a casa, para ventilar os p\u00e9s;<\/li>\n\n\n\n<li>Use Nailner duas vezes por dia, durante as primeiras 4 semanas de tratamento;<\/li>\n\n\n\n<li>Se n\u00e3o tem nenhum problema de fungos, uma aplica\u00e7\u00e3o semanal ser\u00e1 suficiente para prevenir eficazmente as onicomicoses;<\/li>\n\n\n\n<li>Para prevenir que as unhas saud\u00e1veis venham a ser infectadas, dever\u00e1 aplicar Nailner n\u00e3o s\u00f3 nas unhas afectadas, como tamb\u00e9m nas unhas vizinhas.<\/li>\n<\/ul>\n<\/div><\/details>\n\n\n\n<details class=\"wp-block-karopharma-accordion\"><summary><h2 class=\"accordion-title\">Quantas canetas v\u00e3o ser necess\u00e1rias para o tratamento?<\/h2><\/summary><div class=\"accordion-content\">\n<p>O n\u00famero de canetas necess\u00e1rio vai depender do n\u00famero de unhas a tratar. O tratamento tamb\u00e9m dever\u00e1 ser tanto mais prolongado quanto mais extensa e antiga for a infec\u00e7\u00e3o. No caso de algumas onicomicoses das unhas dos p\u00e9s, o tratamento pode demorar cerca de um ano, at\u00e9 que toda a unha afectada seja substitu\u00edda por uma nova. Uma caneta de Nailner \u00e9 suficiente para cerca de 400 aplica\u00e7\u00f5es. Considerando uma utiliza\u00e7\u00e3o m\u00e9dia, uma caneta poder\u00e1 ser suficiente para o tratamento completo de uma unha.<\/p>\n<\/div><\/details>\n\n\n\n<details class=\"wp-block-karopharma-accordion\"><summary><h2 class=\"accordion-title\">Como funciona Nailner tratamento &amp; Cor?<\/h2><\/summary><div class=\"accordion-content\">\n<p>A efic\u00e1cia da f\u00f3rmula de Nailner Tratamento &amp; Cor est\u00e1 clinicamente comprovada para o tratamento e preven\u00e7\u00e3o da infe\u00e7\u00e3o f\u00fangica das unhas devido a uma combina\u00e7\u00e3o \u00fanica de ingredientes.<\/p>\n\n\n\n<p>Nailner Pincel Antif\u00fangico combate a infe\u00e7\u00e3o f\u00fangica de tr\u00eas maneiras:<\/p>\n\n\n\n<ul class=\"wp-block-list is-style-icon\">\n<li>Impregna\u00e7\u00e3o da unha: ingredientes \u00fanicos penetram por completo a unha e combatem o fungo no seu \u00e2mago<\/li>\n\n\n\n<li>Remo\u00e7\u00e3o da infe\u00e7\u00e3o: ao diminuir o pH da unha, Nailner restaura o seu ambiente saud\u00e1vel e mata os fungos.<\/li>\n\n\n\n<li>Preven\u00e7\u00e3o de uma nova infe\u00e7\u00e3o: Nailner protege a nova unha da infe\u00e7\u00e3o quando aplicado diariamente como manuten\u00e7\u00e3o.<\/li>\n<\/ul>\n\n\n\n<p>Nailner Verniz Respir\u00e1vel disfar\u00e7a danos inest\u00e9ticos com uma cor natural atrativa. \u00c9 a solu\u00e7\u00e3o ideal para utilizar sapatos abertos. Esta f\u00f3rmula respir\u00e1vel pode ser utilizada em todas as unhas, infetadas ou saud\u00e1veis.<\/p>\n<\/div><\/details>\n\n\n\n<details class=\"wp-block-karopharma-accordion\"><summary><h2 class=\"accordion-title\">Como utilizar Nailner Tratamento &amp; Cor?<\/h2><\/summary><div class=\"accordion-content\">\n<p>Nailner Tratamento &amp; Cor deve ser aplicado do seguinte modo:<\/p>\n\n\n\n<ol class=\"wp-block-list is-style-icon\">\n<li>Antes de cada aplica\u00e7\u00e3o remover o verniz das unhas que necessitam tratamento<\/li>\n\n\n\n<li>Aplicar Nailner Pincel Antif\u00fangico (l\u00edquido transparente) em toda superf\u00edcie da unha infectada, incluindo a parte distal.<\/li>\n\n\n\n<li>Deixar a solu\u00e7\u00e3o secar 1-2 minutos<\/li>\n\n\n\n<li>Pintar as unhas com Nailner Verniz Respir\u00e1vel e deixar secar (normalmente 2-3 minutos). Pode pintar todas as unhas.<\/li>\n<\/ol>\n\n\n\n<p>Antes da aplica\u00e7\u00e3o seguinte remover o verniz da unha a tratar com produto pr\u00f3prio (de prefer\u00eancia sem acetona) e repetir o processo acima. As unhas saud\u00e1veis podem permanecer pintadas (recomenda-se, no entanto, limpar e deixar respirar as unhas de duas em duas semanas)<\/p>\n<\/div><\/details>\n\n\n\n<details class=\"wp-block-karopharma-accordion\"><summary><h2 class=\"accordion-title\">Quais os ingredients de Nailner Tratamento &amp; Cor?<\/h2><\/summary><div class=\"accordion-content\">\n<p><strong>Lista de ingredientes de Nailner Pincel Antif\u00fangico (Dispositivo M\u00e9dico):&nbsp;<\/strong>Lactato de etilo, Glicerina, \u00c1gua, \u00c1cido l\u00e1ctico, \u00c1cido c\u00edtrico.<\/p>\n\n\n\n<p><strong>Lista de ingredientes de Nailner Verniz Respir\u00e1vel (Produto Cosm\u00e9tico):<\/strong><\/p>\n\n\n\n<p>Butyl Acetate, Ethyl Acetate, Nitrocellulose, Acetyl Tributyl Citrate, Isopropyl Alcohol, Adipic Acid\/Neopentyl Glycol\/Trimellitic Anhydride&nbsp; Copolymer, CI 77891, Polyethylmethacrylate, Sucrose Acetate Isobutyrate,&nbsp; Stearalkonium Bentonite, Silica, Diacetone Alcohol, Benzophenone-1,&nbsp; CI 77491, CI 77499, N-Butyl Alcohol, Trimethylpentanediyl Dibenzoate,&nbsp; CI 19140, Polyurethane-67, Dimethicone, Methoxyisopropyl Acetate, Trimethylsiloxysilicate, Decyl Alcohol, Phosphoric Acid.<\/p>\n<\/div><\/details>\n\n\n\n<details class=\"wp-block-karopharma-accordion\"><summary><h2 class=\"accordion-title\">Os produtos Nailner s\u00e3o seguros para crian\u00e7as?<\/h2><\/summary><div class=\"accordion-content\">\n<p>As infe\u00e7\u00f5es f\u00fangicas s\u00e3o raras nas crian\u00e7as. As crian\u00e7as t\u00eam unhas muito flex\u00edveis, que n\u00e3o partem facilmente deixando os fungos entrar na unha. A descolora\u00e7\u00e3o da unha numa crian\u00e7a pode tamb\u00e9m ser causada por psor\u00edase, traumatismos f\u00edsico ou falta de vitaminas, amino\u00e1cidos e\/ou c\u00e1lcio. Recomenda-se que consulte o seu m\u00e9dico de fam\u00edlia antes de tratar qualquer anomalia na unha de uma crian\u00e7a. Se o seu m\u00e9dico de fam\u00edlia concluir que a crian\u00e7a tem uma infe\u00e7\u00e3o f\u00fangica os produtos Nailner podem ser utilizados para tratamento da infe\u00e7\u00e3o. A seguran\u00e7a de Nailner nas crian\u00e7as n\u00e3o foi testada separadamente. Recomenda-se a utiliza\u00e7\u00e3o numa s\u00f3 unha primeiro. As crian\u00e7as s\u00e3o mais propensas a alergias a alguns ingredientes em geral devido \u00e0 sua pele muito sens\u00edvel.<\/p>\n<\/div><\/details>\n\n\n\n<details class=\"wp-block-karopharma-accordion\"><summary><h2 class=\"accordion-title\">Por quanto tempo e qu\u00e3o frequentemente \u00e9 necess\u00e1rio utilizar os produtos Nailner?<\/h2><\/summary><div class=\"accordion-content\">\n<p>Tratar as unhas infetadas duas vezes ao dia durante as primeiras quatro semanas e, posteriormente, uma vez por dia at\u00e9 que a unha saud\u00e1vel tenha substitu\u00eddo a unha infetada. Durante o tratamento utilize os produtos Nailner preventivamente, nas unhas saud\u00e1veis (uma vez por dia \u00e9 suficiente) para evitar que a infe\u00e7\u00e3o f\u00fangica alastre \u00e0s outras unhas. Quando a unha estiver curada pode continuar a utilizar os produtos Nailner para prevenir o reaparecimento da infe\u00e7\u00e3o. Leia as instru\u00e7\u00f5es neste website, nas instru\u00e7\u00f5es de utiliza\u00e7\u00e3o ou na rotulagem.<\/p>\n<\/div><\/details>\n\n\n\n<details class=\"wp-block-karopharma-accordion\"><summary><h2 class=\"accordion-title\">Como funcionam os produtos da gama Nailner?<\/h2><\/summary><div class=\"accordion-content\">\n<p>Os produtos Nailner foram concebidos para tratar as onicomicoses (infe\u00e7\u00f5es f\u00fangicas da unha). Os produtos Nailner cont\u00eam um sistema de transporte patenteado que permite que a solu\u00e7\u00e3o impregne por completo a camada espessa de queratina da unha. Ao diminuir o pH, os produtos Nailner alteram localmente o ambiente da unha infetada em desvantagem do fungo permitindo que a unha recupere da infe\u00e7\u00e3o f\u00fangica.<\/p>\n<\/div><\/details>\n\n\n\n<details class=\"wp-block-karopharma-accordion\"><summary><h2 class=\"accordion-title\">Como funciona Nailner 2 EM 1?<\/h2><\/summary><div class=\"accordion-content\">\n<p>A f\u00f3rmula de Nailner 2 EM 1 trata a infe\u00e7\u00e3o f\u00fangica e melhora a apar\u00eancia da unha infetada:<\/p>\n\n\n\n<ul class=\"wp-block-list is-style-icon\">\n<li>Sistema de transporte \u00fanico e exclusivo que permite que os ingredientes impregnem a unha e combatam o fungo no seu \u00e2mago, ao alterarem o ambiente da unha tornando-o hostil aos fungos.<\/li>\n\n\n\n<li>Nailner 2 EM 1 cont\u00e9m ainda um ingrediente abrilhantador que ajuda a melhorar a apar\u00eancia da unha infetada em apenas 7 dias.<\/li>\n\n\n\n<li>Protege a nova unha da infe\u00e7\u00e3o f\u00fangica.<\/li>\n<\/ul>\n<\/div><\/details>\n\n\n\n<details class=\"wp-block-karopharma-accordion\"><summary><h2 class=\"accordion-title\">Quais os ingredients dos produtos da gama Nailner?<\/h2><\/summary><div class=\"accordion-content\">\n<p><strong>Nailner Caneta 2 EM 1 e Nailner Verniz 2 EM 1<\/strong><\/p>\n\n\n\n<p>Lactato de etilo, Glicerina, \u00c1gua, \u00c1cido l\u00e1ctico, Resacetofenona, \u00c1cido c\u00edtrico<\/p>\n<\/div><\/details>\n\n\n\n<details class=\"wp-block-karopharma-accordion\"><summary><h2 class=\"accordion-title\">Estou a utilizar Nailner. Quanto tempo vai demorar at\u00e9 come\u00e7ar a ter umas unhas apresent\u00e1veis?<\/h2><\/summary><div class=\"accordion-content\">\n<p>Nailner assegura que a infe\u00e7\u00e3o f\u00fangica desaparece em 12 semanas. Algumas semanas ap\u00f3s ter come\u00e7ado a utilizar Nailner ir\u00e1 observar uma melhoria no aspeto visual da unha. No entanto, mesmo quando a infe\u00e7\u00e3o estiver tratada, a recupera\u00e7\u00e3o completa da unha a nivel visual pode levar algum tempo uma vez que a unha infetada ter\u00e1 que ser substitu\u00edda pela unha saud\u00e1vel. O tempo que demora depende do tamanho da unha e do estado da infe\u00e7\u00e3o quando come\u00e7ou o tratamento. O per\u00edodo de crescimento completo da unha do p\u00e9 pode levar at\u00e9 12 meses.<\/p>\n<\/div><\/details>\n\n\n\n<details class=\"wp-block-karopharma-accordion\"><summary><h2 class=\"accordion-title\">Como sei que Nailner Caneta est\u00e1 vazio?<\/h2><\/summary><div class=\"accordion-content\">\n<p>Quando estiver a aplicar o produto vai notar uma camada fina brilhante de l\u00edquido na superf\u00edcie da unha. O l\u00edquido impregna-se na unha muito rapidamente deixando-a como antes da aplica\u00e7\u00e3o. Desde que consiga ver esta camada fina de l\u00edquido ao aplicar o tratamento, a caneta ainda n\u00e3o est\u00e1 vazia. Pode tamb\u00e9m testar a caneta numa folha de papel: caso observe uma linha h\u00famida no papel a caneta ainda n\u00e3o se encontra vazia.<\/p>\n<\/div><\/details>\n<\/div><\/div>\n","protected":false},"excerpt":{"rendered":"","protected":false},"author":3,"featured_media":0,"parent":0,"menu_order":0,"comment_status":"closed","ping_status":"closed","template":"","meta":{"_acf_changed":false,"footnotes":""},"from-article-database":[],"class_list":["post-76","page","type-page","status-publish","hentry"],"acf":[],"yoast_head":"<!-- This site is optimized with the Yoast SEO plugin v26.6 - https:\/\/yoast.com\/wordpress\/plugins\/seo\/ -->\n<title>FAQ - Nailner<\/title>\n<meta name=\"description\" content=\"Perguntas mais frequentes: Como se desenvolvem os fungos das unhas? Ser\u00e1 que tenho fungos nas unhas? Como funcionam os produtos Nailner?\" \/>\n<meta name=\"robots\" content=\"index, follow, max-snippet:-1, max-image-preview:large, max-video-preview:-1\" \/>\n<link rel=\"canonical\" href=\"https:\/\/nailner.com\/pt\/faq\/\" \/>\n<meta property=\"og:locale\" content=\"pt_PT\" \/>\n<meta property=\"og:type\" content=\"article\" \/>\n<meta property=\"og:title\" content=\"FAQ - Nailner\" \/>\n<meta property=\"og:description\" content=\"Perguntas mais frequentes: Como se desenvolvem os fungos das unhas? Ser\u00e1 que tenho fungos nas unhas? Como funcionam os produtos Nailner?\" \/>\n<meta property=\"og:url\" content=\"https:\/\/nailner.com\/pt\/faq\/\" \/>\n<meta property=\"og:site_name\" content=\"Nailner\" \/>\n<meta property=\"article:modified_time\" content=\"2025-06-18T06:40:38+00:00\" \/>\n<meta name=\"twitter:card\" content=\"summary_large_image\" \/>\n<meta name=\"twitter:label1\" content=\"Tempo estimado de leitura\" \/>\n\t<meta name=\"twitter:data1\" content=\"11 minutos\" \/>\n<script type=\"application\/ld+json\" class=\"yoast-schema-graph\">{\"@context\":\"https:\/\/schema.org\",\"@graph\":[{\"@type\":\"WebPage\",\"@id\":\"https:\/\/nailner.com\/pt\/faq\/\",\"url\":\"https:\/\/nailner.com\/pt\/faq\/\",\"name\":\"FAQ - Nailner\",\"isPartOf\":{\"@id\":\"https:\/\/nailner.com\/pt\/#website\"},\"datePublished\":\"2022-12-30T07:22:50+00:00\",\"dateModified\":\"2025-06-18T06:40:38+00:00\",\"description\":\"Perguntas mais frequentes: Como se desenvolvem os fungos das unhas? Ser\u00e1 que tenho fungos nas unhas? Como funcionam os produtos Nailner?\",\"breadcrumb\":{\"@id\":\"https:\/\/nailner.com\/pt\/faq\/#breadcrumb\"},\"inLanguage\":\"pt-PT\",\"potentialAction\":[{\"@type\":\"ReadAction\",\"target\":[\"https:\/\/nailner.com\/pt\/faq\/\"]}]},{\"@type\":\"BreadcrumbList\",\"@id\":\"https:\/\/nailner.com\/pt\/faq\/#breadcrumb\",\"itemListElement\":[{\"@type\":\"ListItem\",\"position\":1,\"name\":\"Home\",\"item\":\"https:\/\/nailner.com\/pt\/\"},{\"@type\":\"ListItem\",\"position\":2,\"name\":\"FAQ\"}]},{\"@type\":\"WebSite\",\"@id\":\"https:\/\/nailner.com\/pt\/#website\",\"url\":\"https:\/\/nailner.com\/pt\/\",\"name\":\"Nailner\",\"description\":\"\",\"publisher\":{\"@id\":\"https:\/\/nailner.com\/pt\/#organization\"},\"potentialAction\":[{\"@type\":\"SearchAction\",\"target\":{\"@type\":\"EntryPoint\",\"urlTemplate\":\"https:\/\/nailner.com\/pt\/?s={search_term_string}\"},\"query-input\":{\"@type\":\"PropertyValueSpecification\",\"valueRequired\":true,\"valueName\":\"search_term_string\"}}],\"inLanguage\":\"pt-PT\"},{\"@type\":\"Organization\",\"@id\":\"https:\/\/nailner.com\/pt\/#organization\",\"name\":\"Nailner\",\"url\":\"https:\/\/nailner.com\/pt\/\",\"logo\":{\"@type\":\"ImageObject\",\"inLanguage\":\"pt-PT\",\"@id\":\"https:\/\/nailner.com\/pt\/#\/schema\/logo\/image\/\",\"url\":\"https:\/\/nailner.com\/app\/uploads\/sites\/17\/2025\/04\/Nailner-logo.png\",\"contentUrl\":\"https:\/\/nailner.com\/app\/uploads\/sites\/17\/2025\/04\/Nailner-logo.png\",\"width\":134,\"height\":32,\"caption\":\"Nailner\"},\"image\":{\"@id\":\"https:\/\/nailner.com\/pt\/#\/schema\/logo\/image\/\"}}]}<\/script>\n<!-- \/ Yoast SEO plugin. -->","yoast_head_json":{"title":"FAQ - Nailner","description":"Perguntas mais frequentes: Como se desenvolvem os fungos das unhas? Ser\u00e1 que tenho fungos nas unhas? Como funcionam os produtos Nailner?","robots":{"index":"index","follow":"follow","max-snippet":"max-snippet:-1","max-image-preview":"max-image-preview:large","max-video-preview":"max-video-preview:-1"},"canonical":"https:\/\/nailner.com\/pt\/faq\/","og_locale":"pt_PT","og_type":"article","og_title":"FAQ - Nailner","og_description":"Perguntas mais frequentes: Como se desenvolvem os fungos das unhas? Ser\u00e1 que tenho fungos nas unhas? Como funcionam os produtos Nailner?","og_url":"https:\/\/nailner.com\/pt\/faq\/","og_site_name":"Nailner","article_modified_time":"2025-06-18T06:40:38+00:00","twitter_card":"summary_large_image","twitter_misc":{"Tempo estimado de leitura":"11 minutos"},"schema":{"@context":"https:\/\/schema.org","@graph":[{"@type":"WebPage","@id":"https:\/\/nailner.com\/pt\/faq\/","url":"https:\/\/nailner.com\/pt\/faq\/","name":"FAQ - Nailner","isPartOf":{"@id":"https:\/\/nailner.com\/pt\/#website"},"datePublished":"2022-12-30T07:22:50+00:00","dateModified":"2025-06-18T06:40:38+00:00","description":"Perguntas mais frequentes: Como se desenvolvem os fungos das unhas? Ser\u00e1 que tenho fungos nas unhas? Como funcionam os produtos Nailner?","breadcrumb":{"@id":"https:\/\/nailner.com\/pt\/faq\/#breadcrumb"},"inLanguage":"pt-PT","potentialAction":[{"@type":"ReadAction","target":["https:\/\/nailner.com\/pt\/faq\/"]}]},{"@type":"BreadcrumbList","@id":"https:\/\/nailner.com\/pt\/faq\/#breadcrumb","itemListElement":[{"@type":"ListItem","position":1,"name":"Home","item":"https:\/\/nailner.com\/pt\/"},{"@type":"ListItem","position":2,"name":"FAQ"}]},{"@type":"WebSite","@id":"https:\/\/nailner.com\/pt\/#website","url":"https:\/\/nailner.com\/pt\/","name":"Nailner","description":"","publisher":{"@id":"https:\/\/nailner.com\/pt\/#organization"},"potentialAction":[{"@type":"SearchAction","target":{"@type":"EntryPoint","urlTemplate":"https:\/\/nailner.com\/pt\/?s={search_term_string}"},"query-input":{"@type":"PropertyValueSpecification","valueRequired":true,"valueName":"search_term_string"}}],"inLanguage":"pt-PT"},{"@type":"Organization","@id":"https:\/\/nailner.com\/pt\/#organization","name":"Nailner","url":"https:\/\/nailner.com\/pt\/","logo":{"@type":"ImageObject","inLanguage":"pt-PT","@id":"https:\/\/nailner.com\/pt\/#\/schema\/logo\/image\/","url":"https:\/\/nailner.com\/app\/uploads\/sites\/17\/2025\/04\/Nailner-logo.png","contentUrl":"https:\/\/nailner.com\/app\/uploads\/sites\/17\/2025\/04\/Nailner-logo.png","width":134,"height":32,"caption":"Nailner"},"image":{"@id":"https:\/\/nailner.com\/pt\/#\/schema\/logo\/image\/"}}]}},"_links":{"self":[{"href":"https:\/\/nailner.com\/pt\/wp-json\/wp\/v2\/pages\/76","targetHints":{"allow":["GET"]}}],"collection":[{"href":"https:\/\/nailner.com\/pt\/wp-json\/wp\/v2\/pages"}],"about":[{"href":"https:\/\/nailner.com\/pt\/wp-json\/wp\/v2\/types\/page"}],"author":[{"embeddable":true,"href":"https:\/\/nailner.com\/pt\/wp-json\/wp\/v2\/users\/3"}],"replies":[{"embeddable":true,"href":"https:\/\/nailner.com\/pt\/wp-json\/wp\/v2\/comments?post=76"}],"version-history":[{"count":3,"href":"https:\/\/nailner.com\/pt\/wp-json\/wp\/v2\/pages\/76\/revisions"}],"predecessor-version":[{"id":305,"href":"https:\/\/nailner.com\/pt\/wp-json\/wp\/v2\/pages\/76\/revisions\/305"}],"wp:attachment":[{"href":"https:\/\/nailner.com\/pt\/wp-json\/wp\/v2\/media?parent=76"}],"wp:term":[{"taxonomy":"from-article-database","embeddable":true,"href":"https:\/\/nailner.com\/pt\/wp-json\/wp\/v2\/from-article-database?post=76"}],"curies":[{"name":"wp","href":"https:\/\/api.w.org\/{rel}","templated":true}]}}