{"id":80,"date":"2022-12-30T07:31:53","date_gmt":"2022-12-30T07:31:53","guid":{"rendered":"https:\/\/nailner.com\/pt\/?page_id=80"},"modified":"2025-06-18T07:53:58","modified_gmt":"2025-06-18T06:53:58","slug":"tratamentos-antifungicos","status":"publish","type":"page","link":"https:\/\/nailner.com\/pt\/tratamentos-antifungicos\/","title":{"rendered":"Tratamentos antif\u00fangicos"},"content":{"rendered":"\n<div class=\"wp-block-karopharma-free-text pt-medium pb-medium bg-center bg-cover bg-no-repeat  is-style-secondary\" style=\"background-image:url()\"><div class=\"free-text-wrapper container max-w-medium text-left\">\n<h1 class=\"wp-block-heading\">Tratamentos antif\u00fangicos<\/h1>\n\n\n\n<p>Existem in\u00fameros m\u00e9todos tidos como rem\u00e9dios caseiros para as infe\u00e7\u00f5es f\u00fangicas das unhas dos p\u00e9s. Os rem\u00e9dios caseiros baseiam-se tipicamente num \u00fanico produto ou ingrediente para tentar combater a infe\u00e7\u00f5es f\u00fangicas das unhas dos p\u00e9s<\/p>\n<\/div><\/div>\n\n\n\n<div class=\"wp-block-karopharma-free-text pt-large pb-large bg-center bg-cover bg-no-repeat\" style=\"background-image:url()\"><div class=\"free-text-wrapper container max-w-medium text-left\"><div class=\"menu-nav-list widget widget_nav_menu\">\n            <h3 class=\"widget_title\">Tratamentos antif\u00fangicos:<\/h3>\n                <ul class=\"menu\">\n                            <li class=\"menu-item\">\n                    <a href=\"https:\/\/nailner.com\/pt\/tratamentos-antifungicos\/tratamentos-caseiros-para-tratar-as-infecoes-fungicas-das-unhas\/\" title=\"Tratamentos caseiros\">Tratamentos caseiros<\/a>\n                <\/li>\n                            <li class=\"menu-item\">\n                    <a href=\"https:\/\/nailner.com\/pt\/tratamentos-antifungicos\/tratamentos-para-a-infecao-fungica-da-unha\/\" title=\"Tratamentos para a infe\u00e7\u00e3o f\u00fangica da unha\">Tratamentos para a infe\u00e7\u00e3o f\u00fangica da unha<\/a>\n                <\/li>\n                    <\/ul>\n    <\/div>\n<\/div><\/div>\n","protected":false},"excerpt":{"rendered":"","protected":false},"author":3,"featured_media":0,"parent":0,"menu_order":0,"comment_status":"closed","ping_status":"closed","template":"","meta":{"_acf_changed":false,"footnotes":""},"from-article-database":[],"class_list":["post-80","page","type-page","status-publish","hentry"],"acf":[],"yoast_head":"<!-- This site is optimized with the Yoast SEO plugin v26.6 - https:\/\/yoast.com\/wordpress\/plugins\/seo\/ -->\n<title>Tratamentos antif\u00fangicos - Nailner<\/title>\n<meta name=\"description\" content=\"Existem in\u00fameros m\u00e9todos tidos como rem\u00e9dios caseiros para as infe\u00e7\u00f5es f\u00fangicas das unhas dos p\u00e9s.\" \/>\n<meta name=\"robots\" content=\"index, follow, max-snippet:-1, max-image-preview:large, max-video-preview:-1\" \/>\n<link rel=\"canonical\" href=\"https:\/\/nailner.com\/pt\/tratamentos-antifungicos\/\" \/>\n<meta property=\"og:locale\" content=\"pt_PT\" \/>\n<meta property=\"og:type\" content=\"article\" \/>\n<meta property=\"og:title\" content=\"Tratamentos antif\u00fangicos - Nailner\" \/>\n<meta property=\"og:description\" content=\"Existem in\u00fameros m\u00e9todos tidos como rem\u00e9dios caseiros para as infe\u00e7\u00f5es f\u00fangicas das unhas dos p\u00e9s.\" \/>\n<meta property=\"og:url\" content=\"https:\/\/nailner.com\/pt\/tratamentos-antifungicos\/\" \/>\n<meta property=\"og:site_name\" content=\"Nailner\" \/>\n<meta property=\"article:modified_time\" content=\"2025-06-18T06:53:58+00:00\" \/>\n<meta name=\"twitter:card\" content=\"summary_large_image\" \/>\n<meta name=\"twitter:label1\" content=\"Tempo estimado de leitura\" \/>\n\t<meta name=\"twitter:data1\" content=\"1 minuto\" \/>\n<script type=\"application\/ld+json\" class=\"yoast-schema-graph\">{\"@context\":\"https:\/\/schema.org\",\"@graph\":[{\"@type\":\"WebPage\",\"@id\":\"https:\/\/nailner.com\/pt\/tratamentos-antifungicos\/\",\"url\":\"https:\/\/nailner.com\/pt\/tratamentos-antifungicos\/\",\"name\":\"Tratamentos antif\u00fangicos - Nailner\",\"isPartOf\":{\"@id\":\"https:\/\/nailner.com\/pt\/#website\"},\"datePublished\":\"2022-12-30T07:31:53+00:00\",\"dateModified\":\"2025-06-18T06:53:58+00:00\",\"description\":\"Existem in\u00fameros m\u00e9todos tidos como rem\u00e9dios caseiros para as infe\u00e7\u00f5es f\u00fangicas das unhas dos p\u00e9s.\",\"breadcrumb\":{\"@id\":\"https:\/\/nailner.com\/pt\/tratamentos-antifungicos\/#breadcrumb\"},\"inLanguage\":\"pt-PT\",\"potentialAction\":[{\"@type\":\"ReadAction\",\"target\":[\"https:\/\/nailner.com\/pt\/tratamentos-antifungicos\/\"]}]},{\"@type\":\"BreadcrumbList\",\"@id\":\"https:\/\/nailner.com\/pt\/tratamentos-antifungicos\/#breadcrumb\",\"itemListElement\":[{\"@type\":\"ListItem\",\"position\":1,\"name\":\"Home\",\"item\":\"https:\/\/nailner.com\/pt\/\"},{\"@type\":\"ListItem\",\"position\":2,\"name\":\"Tratamentos antif\u00fangicos\"}]},{\"@type\":\"WebSite\",\"@id\":\"https:\/\/nailner.com\/pt\/#website\",\"url\":\"https:\/\/nailner.com\/pt\/\",\"name\":\"Nailner\",\"description\":\"\",\"publisher\":{\"@id\":\"https:\/\/nailner.com\/pt\/#organization\"},\"potentialAction\":[{\"@type\":\"SearchAction\",\"target\":{\"@type\":\"EntryPoint\",\"urlTemplate\":\"https:\/\/nailner.com\/pt\/?s={search_term_string}\"},\"query-input\":{\"@type\":\"PropertyValueSpecification\",\"valueRequired\":true,\"valueName\":\"search_term_string\"}}],\"inLanguage\":\"pt-PT\"},{\"@type\":\"Organization\",\"@id\":\"https:\/\/nailner.com\/pt\/#organization\",\"name\":\"Nailner\",\"url\":\"https:\/\/nailner.com\/pt\/\",\"logo\":{\"@type\":\"ImageObject\",\"inLanguage\":\"pt-PT\",\"@id\":\"https:\/\/nailner.com\/pt\/#\/schema\/logo\/image\/\",\"url\":\"https:\/\/nailner.com\/app\/uploads\/sites\/17\/2025\/04\/Nailner-logo.png\",\"contentUrl\":\"https:\/\/nailner.com\/app\/uploads\/sites\/17\/2025\/04\/Nailner-logo.png\",\"width\":134,\"height\":32,\"caption\":\"Nailner\"},\"image\":{\"@id\":\"https:\/\/nailner.com\/pt\/#\/schema\/logo\/image\/\"}}]}<\/script>\n<!-- \/ Yoast SEO plugin. -->","yoast_head_json":{"title":"Tratamentos antif\u00fangicos - Nailner","description":"Existem in\u00fameros m\u00e9todos tidos como rem\u00e9dios caseiros para as infe\u00e7\u00f5es f\u00fangicas das unhas dos p\u00e9s.","robots":{"index":"index","follow":"follow","max-snippet":"max-snippet:-1","max-image-preview":"max-image-preview:large","max-video-preview":"max-video-preview:-1"},"canonical":"https:\/\/nailner.com\/pt\/tratamentos-antifungicos\/","og_locale":"pt_PT","og_type":"article","og_title":"Tratamentos antif\u00fangicos - Nailner","og_description":"Existem in\u00fameros m\u00e9todos tidos como rem\u00e9dios caseiros para as infe\u00e7\u00f5es f\u00fangicas das unhas dos p\u00e9s.","og_url":"https:\/\/nailner.com\/pt\/tratamentos-antifungicos\/","og_site_name":"Nailner","article_modified_time":"2025-06-18T06:53:58+00:00","twitter_card":"summary_large_image","twitter_misc":{"Tempo estimado de leitura":"1 minuto"},"schema":{"@context":"https:\/\/schema.org","@graph":[{"@type":"WebPage","@id":"https:\/\/nailner.com\/pt\/tratamentos-antifungicos\/","url":"https:\/\/nailner.com\/pt\/tratamentos-antifungicos\/","name":"Tratamentos antif\u00fangicos - Nailner","isPartOf":{"@id":"https:\/\/nailner.com\/pt\/#website"},"datePublished":"2022-12-30T07:31:53+00:00","dateModified":"2025-06-18T06:53:58+00:00","description":"Existem in\u00fameros m\u00e9todos tidos como rem\u00e9dios caseiros para as infe\u00e7\u00f5es f\u00fangicas das unhas dos p\u00e9s.","breadcrumb":{"@id":"https:\/\/nailner.com\/pt\/tratamentos-antifungicos\/#breadcrumb"},"inLanguage":"pt-PT","potentialAction":[{"@type":"ReadAction","target":["https:\/\/nailner.com\/pt\/tratamentos-antifungicos\/"]}]},{"@type":"BreadcrumbList","@id":"https:\/\/nailner.com\/pt\/tratamentos-antifungicos\/#breadcrumb","itemListElement":[{"@type":"ListItem","position":1,"name":"Home","item":"https:\/\/nailner.com\/pt\/"},{"@type":"ListItem","position":2,"name":"Tratamentos antif\u00fangicos"}]},{"@type":"WebSite","@id":"https:\/\/nailner.com\/pt\/#website","url":"https:\/\/nailner.com\/pt\/","name":"Nailner","description":"","publisher":{"@id":"https:\/\/nailner.com\/pt\/#organization"},"potentialAction":[{"@type":"SearchAction","target":{"@type":"EntryPoint","urlTemplate":"https:\/\/nailner.com\/pt\/?s={search_term_string}"},"query-input":{"@type":"PropertyValueSpecification","valueRequired":true,"valueName":"search_term_string"}}],"inLanguage":"pt-PT"},{"@type":"Organization","@id":"https:\/\/nailner.com\/pt\/#organization","name":"Nailner","url":"https:\/\/nailner.com\/pt\/","logo":{"@type":"ImageObject","inLanguage":"pt-PT","@id":"https:\/\/nailner.com\/pt\/#\/schema\/logo\/image\/","url":"https:\/\/nailner.com\/app\/uploads\/sites\/17\/2025\/04\/Nailner-logo.png","contentUrl":"https:\/\/nailner.com\/app\/uploads\/sites\/17\/2025\/04\/Nailner-logo.png","width":134,"height":32,"caption":"Nailner"},"image":{"@id":"https:\/\/nailner.com\/pt\/#\/schema\/logo\/image\/"}}]}},"_links":{"self":[{"href":"https:\/\/nailner.com\/pt\/wp-json\/wp\/v2\/pages\/80","targetHints":{"allow":["GET"]}}],"collection":[{"href":"https:\/\/nailner.com\/pt\/wp-json\/wp\/v2\/pages"}],"about":[{"href":"https:\/\/nailner.com\/pt\/wp-json\/wp\/v2\/types\/page"}],"author":[{"embeddable":true,"href":"https:\/\/nailner.com\/pt\/wp-json\/wp\/v2\/users\/3"}],"replies":[{"embeddable":true,"href":"https:\/\/nailner.com\/pt\/wp-json\/wp\/v2\/comments?post=80"}],"version-history":[{"count":5,"href":"https:\/\/nailner.com\/pt\/wp-json\/wp\/v2\/pages\/80\/revisions"}],"predecessor-version":[{"id":320,"href":"https:\/\/nailner.com\/pt\/wp-json\/wp\/v2\/pages\/80\/revisions\/320"}],"wp:attachment":[{"href":"https:\/\/nailner.com\/pt\/wp-json\/wp\/v2\/media?parent=80"}],"wp:term":[{"taxonomy":"from-article-database","embeddable":true,"href":"https:\/\/nailner.com\/pt\/wp-json\/wp\/v2\/from-article-database?post=80"}],"curies":[{"name":"wp","href":"https:\/\/api.w.org\/{rel}","templated":true}]}}