{"id":82,"date":"2022-12-30T07:32:23","date_gmt":"2022-12-30T07:32:23","guid":{"rendered":"https:\/\/nailner.com\/pt\/?page_id=82"},"modified":"2025-06-18T07:46:41","modified_gmt":"2025-06-18T06:46:41","slug":"acerca-da-infecao-fungica-da-unha","status":"publish","type":"page","link":"https:\/\/nailner.com\/pt\/acerca-da-infecao-fungica-da-unha\/","title":{"rendered":"Acerca da infe\u00e7\u00e3o f\u00fangica da unha"},"content":{"rendered":"\n<div class=\"wp-block-karopharma-free-text pt-medium pb-medium bg-center bg-cover bg-no-repeat  is-style-secondary\" style=\"background-image:url()\"><div class=\"free-text-wrapper container max-w-medium text-left\">\n<h1 class=\"wp-block-heading\">Acerca da infe\u00e7\u00e3o f\u00fangica da unha<\/h1>\n\n\n\n<p>A infe\u00e7\u00e3o f\u00fangica da unha \u00e9 uma infe\u00e7\u00e3o na unha causada por fungos. \u00c9 um problema comum nos adultos, afetando tanto homens como mulheres sendo que a incid\u00eancia aumenta com a idade. A infe\u00e7\u00e3o f\u00fangica \u00e9 a situa\u00e7\u00e3o que mais frequentemente afeta as unhas e, ainda que a maioria dos casos aconte\u00e7a com as unhas dos p\u00e9s, as unhas das m\u00e3os tamb\u00e9m podem ser infetadas.<a href=\"https:\/\/nailner.pt\/artigos\/acerca-da-infe%C3%A7%C3%A3o-f%C3%BAngica-da-unha\/acerca-da-infe%C3%A7%C3%A3o-f%C3%BAngica-da-unha\/\"><\/a><\/p>\n<\/div><\/div>\n\n\n\n<div class=\"wp-block-karopharma-free-text pt-large pb-large bg-center bg-cover bg-no-repeat\" style=\"background-image:url()\"><div class=\"free-text-wrapper container max-w-medium text-left\"><div class=\"menu-nav-list widget widget_nav_menu\">\n            <h3 class=\"widget_title\">Acerca da infe\u00e7\u00e3o f\u00fangica da unha:<\/h3>\n                <ul class=\"menu\">\n                            <li class=\"menu-item\">\n                    <a href=\"https:\/\/nailner.com\/pt\/acerca-da-infecao-fungica-da-unha\/complicacoes\/\" title=\"Complica\u00e7\u00f5es\">Complica\u00e7\u00f5es<\/a>\n                <\/li>\n                            <li class=\"menu-item\">\n                    <a href=\"https:\/\/nailner.com\/pt\/acerca-da-infecao-fungica-da-unha\/espessamento-das-unhas-do-pe\/\" title=\"Espessamento das unhas do p\u00e9\">Espessamento das unhas do p\u00e9<\/a>\n                <\/li>\n                            <li class=\"menu-item\">\n                    <a href=\"https:\/\/nailner.com\/pt\/acerca-da-infecao-fungica-da-unha\/manchas-ou-linhas-brancas-na-superficie-da-unha\/\" title=\"Manchas ou linhas brancas na superf\u00edcie da unha\">Manchas ou linhas brancas na superf\u00edcie da unha<\/a>\n                <\/li>\n                            <li class=\"menu-item\">\n                    <a href=\"https:\/\/nailner.com\/pt\/acerca-da-infecao-fungica-da-unha\/o-que-e-uma-infecao-fungica-da-unha-por-que-surge-quem-pode-apanhar\/\" title=\"O que \u00e9 uma infe\u00e7\u00e3o f\u00fangica da unha?\">O que \u00e9 uma infe\u00e7\u00e3o f\u00fangica da unha?<\/a>\n                <\/li>\n                            <li class=\"menu-item\">\n                    <a href=\"https:\/\/nailner.com\/pt\/acerca-da-infecao-fungica-da-unha\/prevencao-e-unhas-saudaveis\/\" title=\"Preven\u00e7\u00e3o e unhas saud\u00e1veis\">Preven\u00e7\u00e3o e unhas saud\u00e1veis<\/a>\n                <\/li>\n                            <li class=\"menu-item\">\n                    <a href=\"https:\/\/nailner.com\/pt\/acerca-da-infecao-fungica-da-unha\/quais-as-causas-das-infecoes-fungicas-e-quais-os-fatores-de-risco\/\" title=\"Quais as causas das infe\u00e7\u00f5es f\u00fangicas e quais os fatores de risco?\">Quais as causas das infe\u00e7\u00f5es f\u00fangicas e quais os fatores de risco?<\/a>\n                <\/li>\n                            <li class=\"menu-item\">\n                    <a href=\"https:\/\/nailner.com\/pt\/acerca-da-infecao-fungica-da-unha\/sintomas-da-infecao-fungica\/\" title=\"Sintomas da infe\u00e7\u00e3o f\u00fangica\">Sintomas da infe\u00e7\u00e3o f\u00fangica<\/a>\n                <\/li>\n                            <li class=\"menu-item\">\n                    <a href=\"https:\/\/nailner.com\/pt\/acerca-da-infecao-fungica-da-unha\/unhas-amareladas-pes-e-maos\/\" title=\"Unhas amareladas (p\u00e9s e m\u00e3os)\">Unhas amareladas (p\u00e9s e m\u00e3os)<\/a>\n                <\/li>\n                            <li class=\"menu-item\">\n                    <a href=\"https:\/\/nailner.com\/pt\/acerca-da-infecao-fungica-da-unha\/unhas-do-pe-dolorosas\/\" title=\"Unhas do p\u00e9 dolorosas\">Unhas do p\u00e9 dolorosas<\/a>\n                <\/li>\n                            <li class=\"menu-item\">\n                    <a href=\"https:\/\/nailner.com\/pt\/acerca-da-infecao-fungica-da-unha\/unhas-negras-pes-e-maos\/\" title=\"Unhas negras (p\u00e9s e m\u00e3os)\">Unhas negras (p\u00e9s e m\u00e3os)<\/a>\n                <\/li>\n                            <li class=\"menu-item\">\n                    <a href=\"https:\/\/nailner.com\/pt\/acerca-da-infecao-fungica-da-unha\/unhas-partidas-e-quebradicas\/\" title=\"Unhas partidas e quebradi\u00e7as\">Unhas partidas e quebradi\u00e7as<\/a>\n                <\/li>\n                    <\/ul>\n    <\/div>\n<\/div><\/div>\n","protected":false},"excerpt":{"rendered":"","protected":false},"author":3,"featured_media":0,"parent":0,"menu_order":0,"comment_status":"closed","ping_status":"closed","template":"","meta":{"_acf_changed":false,"footnotes":""},"from-article-database":[],"class_list":["post-82","page","type-page","status-publish","hentry"],"acf":[],"yoast_head":"<!-- This site is optimized with the Yoast SEO plugin v26.6 - https:\/\/yoast.com\/wordpress\/plugins\/seo\/ -->\n<title>Acerca da infe\u00e7\u00e3o f\u00fangica da unha - Nailner<\/title>\n<meta name=\"description\" content=\"A infe\u00e7\u00e3o f\u00fangica \u00e9 a situa\u00e7\u00e3o que mais frequentemente afeta as unhas e, ainda que a maioria dos casos aconte\u00e7a com as unhas dos p\u00e9s, as unhas das m\u00e3os tamb\u00e9m podem ser infetadas.\" \/>\n<meta name=\"robots\" content=\"index, follow, max-snippet:-1, max-image-preview:large, max-video-preview:-1\" \/>\n<link rel=\"canonical\" href=\"https:\/\/nailner.com\/pt\/acerca-da-infecao-fungica-da-unha\/\" \/>\n<meta property=\"og:locale\" content=\"pt_PT\" \/>\n<meta property=\"og:type\" content=\"article\" \/>\n<meta property=\"og:title\" content=\"Acerca da infe\u00e7\u00e3o f\u00fangica da unha - Nailner\" \/>\n<meta property=\"og:description\" content=\"A infe\u00e7\u00e3o f\u00fangica \u00e9 a situa\u00e7\u00e3o que mais frequentemente afeta as unhas e, ainda que a maioria dos casos aconte\u00e7a com as unhas dos p\u00e9s, as unhas das m\u00e3os tamb\u00e9m podem ser infetadas.\" \/>\n<meta property=\"og:url\" content=\"https:\/\/nailner.com\/pt\/acerca-da-infecao-fungica-da-unha\/\" \/>\n<meta property=\"og:site_name\" content=\"Nailner\" \/>\n<meta property=\"article:modified_time\" content=\"2025-06-18T06:46:41+00:00\" \/>\n<meta name=\"twitter:card\" content=\"summary_large_image\" \/>\n<meta name=\"twitter:label1\" content=\"Tempo estimado de leitura\" \/>\n\t<meta name=\"twitter:data1\" content=\"1 minuto\" \/>\n<script type=\"application\/ld+json\" class=\"yoast-schema-graph\">{\"@context\":\"https:\/\/schema.org\",\"@graph\":[{\"@type\":\"WebPage\",\"@id\":\"https:\/\/nailner.com\/pt\/acerca-da-infecao-fungica-da-unha\/\",\"url\":\"https:\/\/nailner.com\/pt\/acerca-da-infecao-fungica-da-unha\/\",\"name\":\"Acerca da infe\u00e7\u00e3o f\u00fangica da unha - Nailner\",\"isPartOf\":{\"@id\":\"https:\/\/nailner.com\/pt\/#website\"},\"datePublished\":\"2022-12-30T07:32:23+00:00\",\"dateModified\":\"2025-06-18T06:46:41+00:00\",\"description\":\"A infe\u00e7\u00e3o f\u00fangica \u00e9 a situa\u00e7\u00e3o que mais frequentemente afeta as unhas e, ainda que a maioria dos casos aconte\u00e7a com as unhas dos p\u00e9s, as unhas das m\u00e3os tamb\u00e9m podem ser infetadas.\",\"breadcrumb\":{\"@id\":\"https:\/\/nailner.com\/pt\/acerca-da-infecao-fungica-da-unha\/#breadcrumb\"},\"inLanguage\":\"pt-PT\",\"potentialAction\":[{\"@type\":\"ReadAction\",\"target\":[\"https:\/\/nailner.com\/pt\/acerca-da-infecao-fungica-da-unha\/\"]}]},{\"@type\":\"BreadcrumbList\",\"@id\":\"https:\/\/nailner.com\/pt\/acerca-da-infecao-fungica-da-unha\/#breadcrumb\",\"itemListElement\":[{\"@type\":\"ListItem\",\"position\":1,\"name\":\"Home\",\"item\":\"https:\/\/nailner.com\/pt\/\"},{\"@type\":\"ListItem\",\"position\":2,\"name\":\"Acerca da infe\u00e7\u00e3o f\u00fangica da unha\"}]},{\"@type\":\"WebSite\",\"@id\":\"https:\/\/nailner.com\/pt\/#website\",\"url\":\"https:\/\/nailner.com\/pt\/\",\"name\":\"Nailner\",\"description\":\"\",\"publisher\":{\"@id\":\"https:\/\/nailner.com\/pt\/#organization\"},\"potentialAction\":[{\"@type\":\"SearchAction\",\"target\":{\"@type\":\"EntryPoint\",\"urlTemplate\":\"https:\/\/nailner.com\/pt\/?s={search_term_string}\"},\"query-input\":{\"@type\":\"PropertyValueSpecification\",\"valueRequired\":true,\"valueName\":\"search_term_string\"}}],\"inLanguage\":\"pt-PT\"},{\"@type\":\"Organization\",\"@id\":\"https:\/\/nailner.com\/pt\/#organization\",\"name\":\"Nailner\",\"url\":\"https:\/\/nailner.com\/pt\/\",\"logo\":{\"@type\":\"ImageObject\",\"inLanguage\":\"pt-PT\",\"@id\":\"https:\/\/nailner.com\/pt\/#\/schema\/logo\/image\/\",\"url\":\"https:\/\/nailner.com\/app\/uploads\/sites\/17\/2025\/04\/Nailner-logo.png\",\"contentUrl\":\"https:\/\/nailner.com\/app\/uploads\/sites\/17\/2025\/04\/Nailner-logo.png\",\"width\":134,\"height\":32,\"caption\":\"Nailner\"},\"image\":{\"@id\":\"https:\/\/nailner.com\/pt\/#\/schema\/logo\/image\/\"}}]}<\/script>\n<!-- \/ Yoast SEO plugin. -->","yoast_head_json":{"title":"Acerca da infe\u00e7\u00e3o f\u00fangica da unha - Nailner","description":"A infe\u00e7\u00e3o f\u00fangica \u00e9 a situa\u00e7\u00e3o que mais frequentemente afeta as unhas e, ainda que a maioria dos casos aconte\u00e7a com as unhas dos p\u00e9s, as unhas das m\u00e3os tamb\u00e9m podem ser infetadas.","robots":{"index":"index","follow":"follow","max-snippet":"max-snippet:-1","max-image-preview":"max-image-preview:large","max-video-preview":"max-video-preview:-1"},"canonical":"https:\/\/nailner.com\/pt\/acerca-da-infecao-fungica-da-unha\/","og_locale":"pt_PT","og_type":"article","og_title":"Acerca da infe\u00e7\u00e3o f\u00fangica da unha - Nailner","og_description":"A infe\u00e7\u00e3o f\u00fangica \u00e9 a situa\u00e7\u00e3o que mais frequentemente afeta as unhas e, ainda que a maioria dos casos aconte\u00e7a com as unhas dos p\u00e9s, as unhas das m\u00e3os tamb\u00e9m podem ser infetadas.","og_url":"https:\/\/nailner.com\/pt\/acerca-da-infecao-fungica-da-unha\/","og_site_name":"Nailner","article_modified_time":"2025-06-18T06:46:41+00:00","twitter_card":"summary_large_image","twitter_misc":{"Tempo estimado de leitura":"1 minuto"},"schema":{"@context":"https:\/\/schema.org","@graph":[{"@type":"WebPage","@id":"https:\/\/nailner.com\/pt\/acerca-da-infecao-fungica-da-unha\/","url":"https:\/\/nailner.com\/pt\/acerca-da-infecao-fungica-da-unha\/","name":"Acerca da infe\u00e7\u00e3o f\u00fangica da unha - Nailner","isPartOf":{"@id":"https:\/\/nailner.com\/pt\/#website"},"datePublished":"2022-12-30T07:32:23+00:00","dateModified":"2025-06-18T06:46:41+00:00","description":"A infe\u00e7\u00e3o f\u00fangica \u00e9 a situa\u00e7\u00e3o que mais frequentemente afeta as unhas e, ainda que a maioria dos casos aconte\u00e7a com as unhas dos p\u00e9s, as unhas das m\u00e3os tamb\u00e9m podem ser infetadas.","breadcrumb":{"@id":"https:\/\/nailner.com\/pt\/acerca-da-infecao-fungica-da-unha\/#breadcrumb"},"inLanguage":"pt-PT","potentialAction":[{"@type":"ReadAction","target":["https:\/\/nailner.com\/pt\/acerca-da-infecao-fungica-da-unha\/"]}]},{"@type":"BreadcrumbList","@id":"https:\/\/nailner.com\/pt\/acerca-da-infecao-fungica-da-unha\/#breadcrumb","itemListElement":[{"@type":"ListItem","position":1,"name":"Home","item":"https:\/\/nailner.com\/pt\/"},{"@type":"ListItem","position":2,"name":"Acerca da infe\u00e7\u00e3o f\u00fangica da unha"}]},{"@type":"WebSite","@id":"https:\/\/nailner.com\/pt\/#website","url":"https:\/\/nailner.com\/pt\/","name":"Nailner","description":"","publisher":{"@id":"https:\/\/nailner.com\/pt\/#organization"},"potentialAction":[{"@type":"SearchAction","target":{"@type":"EntryPoint","urlTemplate":"https:\/\/nailner.com\/pt\/?s={search_term_string}"},"query-input":{"@type":"PropertyValueSpecification","valueRequired":true,"valueName":"search_term_string"}}],"inLanguage":"pt-PT"},{"@type":"Organization","@id":"https:\/\/nailner.com\/pt\/#organization","name":"Nailner","url":"https:\/\/nailner.com\/pt\/","logo":{"@type":"ImageObject","inLanguage":"pt-PT","@id":"https:\/\/nailner.com\/pt\/#\/schema\/logo\/image\/","url":"https:\/\/nailner.com\/app\/uploads\/sites\/17\/2025\/04\/Nailner-logo.png","contentUrl":"https:\/\/nailner.com\/app\/uploads\/sites\/17\/2025\/04\/Nailner-logo.png","width":134,"height":32,"caption":"Nailner"},"image":{"@id":"https:\/\/nailner.com\/pt\/#\/schema\/logo\/image\/"}}]}},"_links":{"self":[{"href":"https:\/\/nailner.com\/pt\/wp-json\/wp\/v2\/pages\/82","targetHints":{"allow":["GET"]}}],"collection":[{"href":"https:\/\/nailner.com\/pt\/wp-json\/wp\/v2\/pages"}],"about":[{"href":"https:\/\/nailner.com\/pt\/wp-json\/wp\/v2\/types\/page"}],"author":[{"embeddable":true,"href":"https:\/\/nailner.com\/pt\/wp-json\/wp\/v2\/users\/3"}],"replies":[{"embeddable":true,"href":"https:\/\/nailner.com\/pt\/wp-json\/wp\/v2\/comments?post=82"}],"version-history":[{"count":5,"href":"https:\/\/nailner.com\/pt\/wp-json\/wp\/v2\/pages\/82\/revisions"}],"predecessor-version":[{"id":306,"href":"https:\/\/nailner.com\/pt\/wp-json\/wp\/v2\/pages\/82\/revisions\/306"}],"wp:attachment":[{"href":"https:\/\/nailner.com\/pt\/wp-json\/wp\/v2\/media?parent=82"}],"wp:term":[{"taxonomy":"from-article-database","embeddable":true,"href":"https:\/\/nailner.com\/pt\/wp-json\/wp\/v2\/from-article-database?post=82"}],"curies":[{"name":"wp","href":"https:\/\/api.w.org\/{rel}","templated":true}]}}