{"id":88,"date":"2022-12-30T07:38:55","date_gmt":"2022-12-30T07:38:55","guid":{"rendered":"https:\/\/nailner.com\/pt\/?page_id=88"},"modified":"2025-06-18T07:48:37","modified_gmt":"2025-06-18T06:48:37","slug":"o-que-e-uma-infecao-fungica-da-unha-por-que-surge-quem-pode-apanhar","status":"publish","type":"page","link":"https:\/\/nailner.com\/pt\/acerca-da-infecao-fungica-da-unha\/o-que-e-uma-infecao-fungica-da-unha-por-que-surge-quem-pode-apanhar\/","title":{"rendered":"O que \u00e9 uma infe\u00e7\u00e3o f\u00fangica da unha?"},"content":{"rendered":"\n<div class=\"wp-block-karopharma-free-text pt-medium pb-medium bg-center bg-cover bg-no-repeat  is-style-secondary\" style=\"background-image:url()\"><div class=\"free-text-wrapper container max-w-medium text-left\">\n<h1 class=\"wp-block-heading\">O que \u00e9 uma infe\u00e7\u00e3o f\u00fangica da unha? Por que surge? Quem pode apanhar?<\/h1>\n\n\n\n<p>As infe\u00e7\u00f5es f\u00fangicas podem ter um impacto significativo no bem-estar emocional, social e ocupacional das pessoas. Habitualmente a unha torna-se mais espessa e muda para uma cor amarelada ou acastanhada. Podem acumular-se res\u00edduos debaixo da unha que exalam mau cheiro. A infe\u00e7\u00e3o pode alastrar \u00e0s outras unhas ou mesmo \u00e0 pele.<\/p>\n<\/div><\/div>\n\n\n\n<div class=\"wp-block-karopharma-free-text pt-medium pb-medium bg-center bg-cover bg-no-repeat\" style=\"background-image:url()\"><div class=\"free-text-wrapper container max-w-medium text-left\">\n<p>A infe\u00e7\u00e3o f\u00fangica n\u00e3o s\u00f3 d\u00e1 um aspeto pouco higi\u00e9nico como tamb\u00e9m pode ser contagiosa, podendo alastrar de uma unha \u00e0 outra e de uma pessoa \u00e0 outra. Assim, \u00e9 essencial tratar o fungo assim que surgirem os primeiros sintomas e que a infe\u00e7\u00e3o seja diagnosticada.<\/p>\n<\/div><\/div>\n","protected":false},"excerpt":{"rendered":"","protected":false},"author":3,"featured_media":0,"parent":82,"menu_order":0,"comment_status":"closed","ping_status":"closed","template":"","meta":{"_acf_changed":false,"footnotes":""},"from-article-database":[],"class_list":["post-88","page","type-page","status-publish","hentry"],"acf":[],"yoast_head":"<!-- This site is optimized with the Yoast SEO plugin v26.6 - https:\/\/yoast.com\/wordpress\/plugins\/seo\/ -->\n<title>O que \u00e9 uma infe\u00e7\u00e3o f\u00fangica da unha? - Nailner<\/title>\n<meta name=\"description\" content=\"As infe\u00e7\u00f5es f\u00fangicas podem ter um impacto significativo no bem-estar emocional, social e ocupacional das pessoas.\" \/>\n<meta name=\"robots\" content=\"index, follow, max-snippet:-1, max-image-preview:large, max-video-preview:-1\" \/>\n<link rel=\"canonical\" href=\"https:\/\/nailner.com\/pt\/acerca-da-infecao-fungica-da-unha\/o-que-e-uma-infecao-fungica-da-unha-por-que-surge-quem-pode-apanhar\/\" \/>\n<meta property=\"og:locale\" content=\"pt_PT\" \/>\n<meta property=\"og:type\" content=\"article\" \/>\n<meta property=\"og:title\" content=\"O que \u00e9 uma infe\u00e7\u00e3o f\u00fangica da unha? - Nailner\" \/>\n<meta property=\"og:description\" content=\"As infe\u00e7\u00f5es f\u00fangicas podem ter um impacto significativo no bem-estar emocional, social e ocupacional das pessoas.\" \/>\n<meta property=\"og:url\" content=\"https:\/\/nailner.com\/pt\/acerca-da-infecao-fungica-da-unha\/o-que-e-uma-infecao-fungica-da-unha-por-que-surge-quem-pode-apanhar\/\" \/>\n<meta property=\"og:site_name\" content=\"Nailner\" \/>\n<meta property=\"article:modified_time\" content=\"2025-06-18T06:48:37+00:00\" \/>\n<meta name=\"twitter:card\" content=\"summary_large_image\" \/>\n<meta name=\"twitter:label1\" content=\"Tempo estimado de leitura\" \/>\n\t<meta name=\"twitter:data1\" content=\"1 minuto\" \/>\n<script type=\"application\/ld+json\" class=\"yoast-schema-graph\">{\"@context\":\"https:\/\/schema.org\",\"@graph\":[{\"@type\":\"WebPage\",\"@id\":\"https:\/\/nailner.com\/pt\/acerca-da-infecao-fungica-da-unha\/o-que-e-uma-infecao-fungica-da-unha-por-que-surge-quem-pode-apanhar\/\",\"url\":\"https:\/\/nailner.com\/pt\/acerca-da-infecao-fungica-da-unha\/o-que-e-uma-infecao-fungica-da-unha-por-que-surge-quem-pode-apanhar\/\",\"name\":\"O que \u00e9 uma infe\u00e7\u00e3o f\u00fangica da unha? - Nailner\",\"isPartOf\":{\"@id\":\"https:\/\/nailner.com\/pt\/#website\"},\"datePublished\":\"2022-12-30T07:38:55+00:00\",\"dateModified\":\"2025-06-18T06:48:37+00:00\",\"description\":\"As infe\u00e7\u00f5es f\u00fangicas podem ter um impacto significativo no bem-estar emocional, social e ocupacional das pessoas.\",\"breadcrumb\":{\"@id\":\"https:\/\/nailner.com\/pt\/acerca-da-infecao-fungica-da-unha\/o-que-e-uma-infecao-fungica-da-unha-por-que-surge-quem-pode-apanhar\/#breadcrumb\"},\"inLanguage\":\"pt-PT\",\"potentialAction\":[{\"@type\":\"ReadAction\",\"target\":[\"https:\/\/nailner.com\/pt\/acerca-da-infecao-fungica-da-unha\/o-que-e-uma-infecao-fungica-da-unha-por-que-surge-quem-pode-apanhar\/\"]}]},{\"@type\":\"BreadcrumbList\",\"@id\":\"https:\/\/nailner.com\/pt\/acerca-da-infecao-fungica-da-unha\/o-que-e-uma-infecao-fungica-da-unha-por-que-surge-quem-pode-apanhar\/#breadcrumb\",\"itemListElement\":[{\"@type\":\"ListItem\",\"position\":1,\"name\":\"Home\",\"item\":\"https:\/\/nailner.com\/pt\/\"},{\"@type\":\"ListItem\",\"position\":2,\"name\":\"Acerca da infe\u00e7\u00e3o f\u00fangica da unha\",\"item\":\"https:\/\/nailner.com\/pt\/acerca-da-infecao-fungica-da-unha\/\"},{\"@type\":\"ListItem\",\"position\":3,\"name\":\"O que \u00e9 uma infe\u00e7\u00e3o f\u00fangica da unha?\"}]},{\"@type\":\"WebSite\",\"@id\":\"https:\/\/nailner.com\/pt\/#website\",\"url\":\"https:\/\/nailner.com\/pt\/\",\"name\":\"Nailner\",\"description\":\"\",\"publisher\":{\"@id\":\"https:\/\/nailner.com\/pt\/#organization\"},\"potentialAction\":[{\"@type\":\"SearchAction\",\"target\":{\"@type\":\"EntryPoint\",\"urlTemplate\":\"https:\/\/nailner.com\/pt\/?s={search_term_string}\"},\"query-input\":{\"@type\":\"PropertyValueSpecification\",\"valueRequired\":true,\"valueName\":\"search_term_string\"}}],\"inLanguage\":\"pt-PT\"},{\"@type\":\"Organization\",\"@id\":\"https:\/\/nailner.com\/pt\/#organization\",\"name\":\"Nailner\",\"url\":\"https:\/\/nailner.com\/pt\/\",\"logo\":{\"@type\":\"ImageObject\",\"inLanguage\":\"pt-PT\",\"@id\":\"https:\/\/nailner.com\/pt\/#\/schema\/logo\/image\/\",\"url\":\"https:\/\/nailner.com\/app\/uploads\/sites\/17\/2025\/04\/Nailner-logo.png\",\"contentUrl\":\"https:\/\/nailner.com\/app\/uploads\/sites\/17\/2025\/04\/Nailner-logo.png\",\"width\":134,\"height\":32,\"caption\":\"Nailner\"},\"image\":{\"@id\":\"https:\/\/nailner.com\/pt\/#\/schema\/logo\/image\/\"}}]}<\/script>\n<!-- \/ Yoast SEO plugin. -->","yoast_head_json":{"title":"O que \u00e9 uma infe\u00e7\u00e3o f\u00fangica da unha? - Nailner","description":"As infe\u00e7\u00f5es f\u00fangicas podem ter um impacto significativo no bem-estar emocional, social e ocupacional das pessoas.","robots":{"index":"index","follow":"follow","max-snippet":"max-snippet:-1","max-image-preview":"max-image-preview:large","max-video-preview":"max-video-preview:-1"},"canonical":"https:\/\/nailner.com\/pt\/acerca-da-infecao-fungica-da-unha\/o-que-e-uma-infecao-fungica-da-unha-por-que-surge-quem-pode-apanhar\/","og_locale":"pt_PT","og_type":"article","og_title":"O que \u00e9 uma infe\u00e7\u00e3o f\u00fangica da unha? - Nailner","og_description":"As infe\u00e7\u00f5es f\u00fangicas podem ter um impacto significativo no bem-estar emocional, social e ocupacional das pessoas.","og_url":"https:\/\/nailner.com\/pt\/acerca-da-infecao-fungica-da-unha\/o-que-e-uma-infecao-fungica-da-unha-por-que-surge-quem-pode-apanhar\/","og_site_name":"Nailner","article_modified_time":"2025-06-18T06:48:37+00:00","twitter_card":"summary_large_image","twitter_misc":{"Tempo estimado de leitura":"1 minuto"},"schema":{"@context":"https:\/\/schema.org","@graph":[{"@type":"WebPage","@id":"https:\/\/nailner.com\/pt\/acerca-da-infecao-fungica-da-unha\/o-que-e-uma-infecao-fungica-da-unha-por-que-surge-quem-pode-apanhar\/","url":"https:\/\/nailner.com\/pt\/acerca-da-infecao-fungica-da-unha\/o-que-e-uma-infecao-fungica-da-unha-por-que-surge-quem-pode-apanhar\/","name":"O que \u00e9 uma infe\u00e7\u00e3o f\u00fangica da unha? - Nailner","isPartOf":{"@id":"https:\/\/nailner.com\/pt\/#website"},"datePublished":"2022-12-30T07:38:55+00:00","dateModified":"2025-06-18T06:48:37+00:00","description":"As infe\u00e7\u00f5es f\u00fangicas podem ter um impacto significativo no bem-estar emocional, social e ocupacional das pessoas.","breadcrumb":{"@id":"https:\/\/nailner.com\/pt\/acerca-da-infecao-fungica-da-unha\/o-que-e-uma-infecao-fungica-da-unha-por-que-surge-quem-pode-apanhar\/#breadcrumb"},"inLanguage":"pt-PT","potentialAction":[{"@type":"ReadAction","target":["https:\/\/nailner.com\/pt\/acerca-da-infecao-fungica-da-unha\/o-que-e-uma-infecao-fungica-da-unha-por-que-surge-quem-pode-apanhar\/"]}]},{"@type":"BreadcrumbList","@id":"https:\/\/nailner.com\/pt\/acerca-da-infecao-fungica-da-unha\/o-que-e-uma-infecao-fungica-da-unha-por-que-surge-quem-pode-apanhar\/#breadcrumb","itemListElement":[{"@type":"ListItem","position":1,"name":"Home","item":"https:\/\/nailner.com\/pt\/"},{"@type":"ListItem","position":2,"name":"Acerca da infe\u00e7\u00e3o f\u00fangica da unha","item":"https:\/\/nailner.com\/pt\/acerca-da-infecao-fungica-da-unha\/"},{"@type":"ListItem","position":3,"name":"O que \u00e9 uma infe\u00e7\u00e3o f\u00fangica da unha?"}]},{"@type":"WebSite","@id":"https:\/\/nailner.com\/pt\/#website","url":"https:\/\/nailner.com\/pt\/","name":"Nailner","description":"","publisher":{"@id":"https:\/\/nailner.com\/pt\/#organization"},"potentialAction":[{"@type":"SearchAction","target":{"@type":"EntryPoint","urlTemplate":"https:\/\/nailner.com\/pt\/?s={search_term_string}"},"query-input":{"@type":"PropertyValueSpecification","valueRequired":true,"valueName":"search_term_string"}}],"inLanguage":"pt-PT"},{"@type":"Organization","@id":"https:\/\/nailner.com\/pt\/#organization","name":"Nailner","url":"https:\/\/nailner.com\/pt\/","logo":{"@type":"ImageObject","inLanguage":"pt-PT","@id":"https:\/\/nailner.com\/pt\/#\/schema\/logo\/image\/","url":"https:\/\/nailner.com\/app\/uploads\/sites\/17\/2025\/04\/Nailner-logo.png","contentUrl":"https:\/\/nailner.com\/app\/uploads\/sites\/17\/2025\/04\/Nailner-logo.png","width":134,"height":32,"caption":"Nailner"},"image":{"@id":"https:\/\/nailner.com\/pt\/#\/schema\/logo\/image\/"}}]}},"_links":{"self":[{"href":"https:\/\/nailner.com\/pt\/wp-json\/wp\/v2\/pages\/88","targetHints":{"allow":["GET"]}}],"collection":[{"href":"https:\/\/nailner.com\/pt\/wp-json\/wp\/v2\/pages"}],"about":[{"href":"https:\/\/nailner.com\/pt\/wp-json\/wp\/v2\/types\/page"}],"author":[{"embeddable":true,"href":"https:\/\/nailner.com\/pt\/wp-json\/wp\/v2\/users\/3"}],"replies":[{"embeddable":true,"href":"https:\/\/nailner.com\/pt\/wp-json\/wp\/v2\/comments?post=88"}],"version-history":[{"count":3,"href":"https:\/\/nailner.com\/pt\/wp-json\/wp\/v2\/pages\/88\/revisions"}],"predecessor-version":[{"id":310,"href":"https:\/\/nailner.com\/pt\/wp-json\/wp\/v2\/pages\/88\/revisions\/310"}],"up":[{"embeddable":true,"href":"https:\/\/nailner.com\/pt\/wp-json\/wp\/v2\/pages\/82"}],"wp:attachment":[{"href":"https:\/\/nailner.com\/pt\/wp-json\/wp\/v2\/media?parent=88"}],"wp:term":[{"taxonomy":"from-article-database","embeddable":true,"href":"https:\/\/nailner.com\/pt\/wp-json\/wp\/v2\/from-article-database?post=88"}],"curies":[{"name":"wp","href":"https:\/\/api.w.org\/{rel}","templated":true}]}}