{"id":42,"date":"2022-12-29T09:31:57","date_gmt":"2022-12-29T09:31:57","guid":{"rendered":"https:\/\/nailner.com\/pt\/?post_type=product&#038;p=42"},"modified":"2025-04-30T08:43:42","modified_gmt":"2025-04-30T07:43:42","slug":"nailner-tratamento-cor","status":"publish","type":"product","link":"https:\/\/nailner.com\/pt\/produtos\/nailner-tratamento-cor\/","title":{"rendered":"Nailner Tratamento &#038; Cor"},"content":{"rendered":"","protected":false},"excerpt":{"rendered":"<p>Nailner Tratamento &#038; Cor combina tratamento antif\u00fangico com verniz respir\u00e1vel para umas unhas saud\u00e1veis e bonitas durante todo o ano.<\/p>\n","protected":false},"featured_media":45,"comment_status":"closed","ping_status":"closed","template":"","meta":{"_acf_changed":false,"footnotes":""},"product_brand":[],"product_cat":[16],"product_tag":[],"class_list":{"0":"post-42","1":"product","2":"type-product","3":"status-publish","4":"has-post-thumbnail","6":"product_cat-uncategorized","8":"first","9":"instock","10":"shipping-taxable","11":"product-type-simple"},"acf":[],"yoast_head":"<!-- This site is optimized with the Yoast SEO plugin v26.6 - https:\/\/yoast.com\/wordpress\/plugins\/seo\/ -->\n<title>Nailner Tratamento &amp; Cor - Nailner<\/title>\n<meta name=\"description\" content=\"Nailner Tratamento &amp; Cor combina tratamento antif\u00fangico com verniz respir\u00e1vel para umas unhas saud\u00e1veis e bonitas durante todo o ano.\" \/>\n<meta name=\"robots\" content=\"index, follow, max-snippet:-1, max-image-preview:large, max-video-preview:-1\" \/>\n<link rel=\"canonical\" href=\"https:\/\/nailner.com\/pt\/produtos\/nailner-tratamento-cor\/\" \/>\n<meta property=\"og:locale\" content=\"pt_PT\" \/>\n<meta property=\"og:type\" content=\"article\" \/>\n<meta property=\"og:title\" content=\"Nailner Tratamento &amp; Cor - Nailner\" \/>\n<meta property=\"og:description\" content=\"Nailner Tratamento &amp; Cor combina tratamento antif\u00fangico com verniz respir\u00e1vel para umas unhas saud\u00e1veis e bonitas durante todo o ano.\" \/>\n<meta property=\"og:url\" content=\"https:\/\/nailner.com\/pt\/produtos\/nailner-tratamento-cor\/\" \/>\n<meta property=\"og:site_name\" content=\"Nailner\" \/>\n<meta property=\"article:modified_time\" content=\"2025-04-30T07:43:42+00:00\" \/>\n<meta property=\"og:image\" content=\"https:\/\/nailner.com\/app\/uploads\/sites\/17\/2022\/12\/nailner-brush-treat-and-colour.png\" \/>\n\t<meta property=\"og:image:width\" content=\"496\" \/>\n\t<meta property=\"og:image:height\" content=\"1109\" \/>\n\t<meta property=\"og:image:type\" content=\"image\/png\" \/>\n<meta name=\"twitter:card\" content=\"summary_large_image\" \/>\n<meta name=\"twitter:label1\" content=\"Tempo estimado de leitura\" \/>\n\t<meta name=\"twitter:data1\" content=\"1 minuto\" \/>\n<script type=\"application\/ld+json\" class=\"yoast-schema-graph\">{\"@context\":\"https:\/\/schema.org\",\"@graph\":[{\"@type\":\"WebPage\",\"@id\":\"https:\/\/nailner.com\/pt\/produtos\/nailner-tratamento-cor\/\",\"url\":\"https:\/\/nailner.com\/pt\/produtos\/nailner-tratamento-cor\/\",\"name\":\"Nailner Tratamento & Cor - Nailner\",\"isPartOf\":{\"@id\":\"https:\/\/nailner.com\/pt\/#website\"},\"primaryImageOfPage\":{\"@id\":\"https:\/\/nailner.com\/pt\/produtos\/nailner-tratamento-cor\/#primaryimage\"},\"image\":{\"@id\":\"https:\/\/nailner.com\/pt\/produtos\/nailner-tratamento-cor\/#primaryimage\"},\"thumbnailUrl\":\"https:\/\/nailner.com\/app\/uploads\/sites\/17\/2022\/12\/nailner-brush-treat-and-colour.png\",\"datePublished\":\"2022-12-29T09:31:57+00:00\",\"dateModified\":\"2025-04-30T07:43:42+00:00\",\"description\":\"Nailner Tratamento & Cor combina tratamento antif\u00fangico com verniz respir\u00e1vel para umas unhas saud\u00e1veis e bonitas durante todo o ano.\",\"breadcrumb\":{\"@id\":\"https:\/\/nailner.com\/pt\/produtos\/nailner-tratamento-cor\/#breadcrumb\"},\"inLanguage\":\"pt-PT\",\"potentialAction\":[{\"@type\":\"ReadAction\",\"target\":[\"https:\/\/nailner.com\/pt\/produtos\/nailner-tratamento-cor\/\"]}]},{\"@type\":\"ImageObject\",\"inLanguage\":\"pt-PT\",\"@id\":\"https:\/\/nailner.com\/pt\/produtos\/nailner-tratamento-cor\/#primaryimage\",\"url\":\"https:\/\/nailner.com\/app\/uploads\/sites\/17\/2022\/12\/nailner-brush-treat-and-colour.png\",\"contentUrl\":\"https:\/\/nailner.com\/app\/uploads\/sites\/17\/2022\/12\/nailner-brush-treat-and-colour.png\",\"width\":496,\"height\":1109,\"caption\":\"nailner-brush-treat-and-colour\"},{\"@type\":\"BreadcrumbList\",\"@id\":\"https:\/\/nailner.com\/pt\/produtos\/nailner-tratamento-cor\/#breadcrumb\",\"itemListElement\":[{\"@type\":\"ListItem\",\"position\":1,\"name\":\"Home\",\"item\":\"https:\/\/nailner.com\/pt\/\"},{\"@type\":\"ListItem\",\"position\":2,\"name\":\"Produtos\",\"item\":\"https:\/\/nailner.com\/pt\/produtos\/\"},{\"@type\":\"ListItem\",\"position\":3,\"name\":\"Nailner Tratamento &#038; Cor\"}]},{\"@type\":\"WebSite\",\"@id\":\"https:\/\/nailner.com\/pt\/#website\",\"url\":\"https:\/\/nailner.com\/pt\/\",\"name\":\"Nailner\",\"description\":\"\",\"publisher\":{\"@id\":\"https:\/\/nailner.com\/pt\/#organization\"},\"potentialAction\":[{\"@type\":\"SearchAction\",\"target\":{\"@type\":\"EntryPoint\",\"urlTemplate\":\"https:\/\/nailner.com\/pt\/?s={search_term_string}\"},\"query-input\":{\"@type\":\"PropertyValueSpecification\",\"valueRequired\":true,\"valueName\":\"search_term_string\"}}],\"inLanguage\":\"pt-PT\"},{\"@type\":\"Organization\",\"@id\":\"https:\/\/nailner.com\/pt\/#organization\",\"name\":\"Nailner\",\"url\":\"https:\/\/nailner.com\/pt\/\",\"logo\":{\"@type\":\"ImageObject\",\"inLanguage\":\"pt-PT\",\"@id\":\"https:\/\/nailner.com\/pt\/#\/schema\/logo\/image\/\",\"url\":\"https:\/\/nailner.com\/app\/uploads\/sites\/17\/2025\/04\/Nailner-logo.png\",\"contentUrl\":\"https:\/\/nailner.com\/app\/uploads\/sites\/17\/2025\/04\/Nailner-logo.png\",\"width\":134,\"height\":32,\"caption\":\"Nailner\"},\"image\":{\"@id\":\"https:\/\/nailner.com\/pt\/#\/schema\/logo\/image\/\"}}]}<\/script>\n<!-- \/ Yoast SEO plugin. -->","yoast_head_json":{"title":"Nailner Tratamento & Cor - Nailner","description":"Nailner Tratamento & Cor combina tratamento antif\u00fangico com verniz respir\u00e1vel para umas unhas saud\u00e1veis e bonitas durante todo o ano.","robots":{"index":"index","follow":"follow","max-snippet":"max-snippet:-1","max-image-preview":"max-image-preview:large","max-video-preview":"max-video-preview:-1"},"canonical":"https:\/\/nailner.com\/pt\/produtos\/nailner-tratamento-cor\/","og_locale":"pt_PT","og_type":"article","og_title":"Nailner Tratamento & Cor - Nailner","og_description":"Nailner Tratamento & Cor combina tratamento antif\u00fangico com verniz respir\u00e1vel para umas unhas saud\u00e1veis e bonitas durante todo o ano.","og_url":"https:\/\/nailner.com\/pt\/produtos\/nailner-tratamento-cor\/","og_site_name":"Nailner","article_modified_time":"2025-04-30T07:43:42+00:00","og_image":[{"width":496,"height":1109,"url":"https:\/\/nailner.com\/app\/uploads\/sites\/17\/2022\/12\/nailner-brush-treat-and-colour.png","type":"image\/png"}],"twitter_card":"summary_large_image","twitter_misc":{"Tempo estimado de leitura":"1 minuto"},"schema":{"@context":"https:\/\/schema.org","@graph":[{"@type":"WebPage","@id":"https:\/\/nailner.com\/pt\/produtos\/nailner-tratamento-cor\/","url":"https:\/\/nailner.com\/pt\/produtos\/nailner-tratamento-cor\/","name":"Nailner Tratamento & Cor - Nailner","isPartOf":{"@id":"https:\/\/nailner.com\/pt\/#website"},"primaryImageOfPage":{"@id":"https:\/\/nailner.com\/pt\/produtos\/nailner-tratamento-cor\/#primaryimage"},"image":{"@id":"https:\/\/nailner.com\/pt\/produtos\/nailner-tratamento-cor\/#primaryimage"},"thumbnailUrl":"https:\/\/nailner.com\/app\/uploads\/sites\/17\/2022\/12\/nailner-brush-treat-and-colour.png","datePublished":"2022-12-29T09:31:57+00:00","dateModified":"2025-04-30T07:43:42+00:00","description":"Nailner Tratamento & Cor combina tratamento antif\u00fangico com verniz respir\u00e1vel para umas unhas saud\u00e1veis e bonitas durante todo o ano.","breadcrumb":{"@id":"https:\/\/nailner.com\/pt\/produtos\/nailner-tratamento-cor\/#breadcrumb"},"inLanguage":"pt-PT","potentialAction":[{"@type":"ReadAction","target":["https:\/\/nailner.com\/pt\/produtos\/nailner-tratamento-cor\/"]}]},{"@type":"ImageObject","inLanguage":"pt-PT","@id":"https:\/\/nailner.com\/pt\/produtos\/nailner-tratamento-cor\/#primaryimage","url":"https:\/\/nailner.com\/app\/uploads\/sites\/17\/2022\/12\/nailner-brush-treat-and-colour.png","contentUrl":"https:\/\/nailner.com\/app\/uploads\/sites\/17\/2022\/12\/nailner-brush-treat-and-colour.png","width":496,"height":1109,"caption":"nailner-brush-treat-and-colour"},{"@type":"BreadcrumbList","@id":"https:\/\/nailner.com\/pt\/produtos\/nailner-tratamento-cor\/#breadcrumb","itemListElement":[{"@type":"ListItem","position":1,"name":"Home","item":"https:\/\/nailner.com\/pt\/"},{"@type":"ListItem","position":2,"name":"Produtos","item":"https:\/\/nailner.com\/pt\/produtos\/"},{"@type":"ListItem","position":3,"name":"Nailner Tratamento &#038; Cor"}]},{"@type":"WebSite","@id":"https:\/\/nailner.com\/pt\/#website","url":"https:\/\/nailner.com\/pt\/","name":"Nailner","description":"","publisher":{"@id":"https:\/\/nailner.com\/pt\/#organization"},"potentialAction":[{"@type":"SearchAction","target":{"@type":"EntryPoint","urlTemplate":"https:\/\/nailner.com\/pt\/?s={search_term_string}"},"query-input":{"@type":"PropertyValueSpecification","valueRequired":true,"valueName":"search_term_string"}}],"inLanguage":"pt-PT"},{"@type":"Organization","@id":"https:\/\/nailner.com\/pt\/#organization","name":"Nailner","url":"https:\/\/nailner.com\/pt\/","logo":{"@type":"ImageObject","inLanguage":"pt-PT","@id":"https:\/\/nailner.com\/pt\/#\/schema\/logo\/image\/","url":"https:\/\/nailner.com\/app\/uploads\/sites\/17\/2025\/04\/Nailner-logo.png","contentUrl":"https:\/\/nailner.com\/app\/uploads\/sites\/17\/2025\/04\/Nailner-logo.png","width":134,"height":32,"caption":"Nailner"},"image":{"@id":"https:\/\/nailner.com\/pt\/#\/schema\/logo\/image\/"}}]}},"_links":{"self":[{"href":"https:\/\/nailner.com\/pt\/wp-json\/wp\/v2\/product\/42","targetHints":{"allow":["GET"]}}],"collection":[{"href":"https:\/\/nailner.com\/pt\/wp-json\/wp\/v2\/product"}],"about":[{"href":"https:\/\/nailner.com\/pt\/wp-json\/wp\/v2\/types\/product"}],"replies":[{"embeddable":true,"href":"https:\/\/nailner.com\/pt\/wp-json\/wp\/v2\/comments?post=42"}],"version-history":[{"count":6,"href":"https:\/\/nailner.com\/pt\/wp-json\/wp\/v2\/product\/42\/revisions"}],"predecessor-version":[{"id":295,"href":"https:\/\/nailner.com\/pt\/wp-json\/wp\/v2\/product\/42\/revisions\/295"}],"wp:featuredmedia":[{"embeddable":true,"href":"https:\/\/nailner.com\/pt\/wp-json\/wp\/v2\/media\/45"}],"wp:attachment":[{"href":"https:\/\/nailner.com\/pt\/wp-json\/wp\/v2\/media?parent=42"}],"wp:term":[{"taxonomy":"product_brand","embeddable":true,"href":"https:\/\/nailner.com\/pt\/wp-json\/wp\/v2\/product_brand?post=42"},{"taxonomy":"product_cat","embeddable":true,"href":"https:\/\/nailner.com\/pt\/wp-json\/wp\/v2\/product_cat?post=42"},{"taxonomy":"product_tag","embeddable":true,"href":"https:\/\/nailner.com\/pt\/wp-json\/wp\/v2\/product_tag?post=42"}],"curies":[{"name":"wp","href":"https:\/\/api.w.org\/{rel}","templated":true}]}}