{"id":49,"date":"2022-12-29T09:34:19","date_gmt":"2022-12-29T09:34:19","guid":{"rendered":"https:\/\/nailner.com\/pt\/?post_type=product&#038;p=49"},"modified":"2025-04-30T08:43:40","modified_gmt":"2025-04-30T07:43:40","slug":"nailner-verniz-2-em-1","status":"publish","type":"product","link":"https:\/\/nailner.com\/pt\/produtos\/nailner-verniz-2-em-1\/","title":{"rendered":"Nailner\u00a0Verniz 2 EM 1"},"content":{"rendered":"\n<div class=\"wp-block-karopharma-accordions is-style-secondary\"><div class=\"container\">\n<details class=\"wp-block-karopharma-accordion\"><summary><h2 class=\"accordion-title\">Como funciona Nailner 2 EM 1?<\/h2><\/summary><div class=\"accordion-content\">\n<p>A f\u00f3rmula de Nailner 2 EM 1 trata a infe\u00e7\u00e3o f\u00fangica e melhora a apar\u00eancia da unha infetada:<\/p>\n\n\n\n<ul class=\"is-style-icon wp-block-list\"><li>Sistema de transporte \u00fanico e exclusivo que permite que os ingredientes impregnem a unha e combatam o fungo no seu \u00e2mago, ao alterarem o ambiente da unha tornando-o hostil aos fungos.<\/li><\/ul>\n\n\n\n<ul class=\"is-style-icon wp-block-list\"><li>Nailner 2 EM 1 cont\u00e9m ainda um ingrediente abrilhantador que ajuda a melhorar a apar\u00eancia da unha infetada em apenas 7 dias.<\/li><\/ul>\n\n\n\n<ul class=\"is-style-icon wp-block-list\"><li>Protege a nova unha da infe\u00e7\u00e3o f\u00fangica.<\/li><\/ul>\n<\/div><\/details>\n\n\n\n<details class=\"wp-block-karopharma-accordion\"><summary><h2 class=\"accordion-title\">Ser\u00e1 que tenho fungos nas unhas?<\/h2><\/summary><div class=\"accordion-content\">\n<p>Unhas espessas e com a colora\u00e7\u00e3o alterada:&nbsp;<\/p>\n\n\n\n<ul class=\"is-style-icon wp-block-list\"><li>Na maioria das infec\u00e7\u00f5es das unhas por fungos (onicomicoses distais\/proximais subungueais), a unha come\u00e7a por escurecer, depois vai-se espessando e \u201cesfarelando\u201d. Por vezes, a unha descola-se da sua base.<a href=\"https:\/\/nailner.pt\/faq\/\">VER TUDO FAQ<\/a><\/li><\/ul>\n<\/div><\/details>\n<\/div><\/div>\n","protected":false},"excerpt":{"rendered":"<p>Unhas mais brilhantes em apenas 7 dias \u2013 Nailner Verniz 2 EM 1 cont\u00e9m um ingrediente abrilhantador que ajuda a melhorar a apar\u00eancia da unha infetada em apenas 7 dias.<\/p>\n","protected":false},"featured_media":50,"comment_status":"closed","ping_status":"closed","template":"","meta":{"_acf_changed":false,"footnotes":""},"product_brand":[],"product_cat":[16],"product_tag":[],"class_list":{"0":"post-49","1":"product","2":"type-product","3":"status-publish","4":"has-post-thumbnail","6":"product_cat-uncategorized","8":"first","9":"instock","10":"shipping-taxable","11":"product-type-simple"},"acf":[],"yoast_head":"<!-- This site is optimized with the Yoast SEO plugin v26.6 - https:\/\/yoast.com\/wordpress\/plugins\/seo\/ -->\n<title>Nailner\u00a0Verniz 2 EM 1 - Nailner<\/title>\n<meta name=\"description\" content=\"Efic\u00e1cia comprovada contra os fungos das unhas. Resultados vis\u00edveis ap\u00f3s 7 dias. Trata e previne a infe\u00e7\u00e3o f\u00fangica nas unhas\" \/>\n<meta name=\"robots\" content=\"index, follow, max-snippet:-1, max-image-preview:large, max-video-preview:-1\" \/>\n<link rel=\"canonical\" href=\"https:\/\/nailner.com\/pt\/produtos\/nailner-verniz-2-em-1\/\" \/>\n<meta property=\"og:locale\" content=\"pt_PT\" \/>\n<meta property=\"og:type\" content=\"article\" \/>\n<meta property=\"og:title\" content=\"Nailner\u00a0Verniz 2 EM 1 - Nailner\" \/>\n<meta property=\"og:description\" content=\"Efic\u00e1cia comprovada contra os fungos das unhas. Resultados vis\u00edveis ap\u00f3s 7 dias. Trata e previne a infe\u00e7\u00e3o f\u00fangica nas unhas\" \/>\n<meta property=\"og:url\" content=\"https:\/\/nailner.com\/pt\/produtos\/nailner-verniz-2-em-1\/\" \/>\n<meta property=\"og:site_name\" content=\"Nailner\" \/>\n<meta property=\"article:modified_time\" content=\"2025-04-30T07:43:40+00:00\" \/>\n<meta property=\"og:image\" content=\"https:\/\/nailner.com\/app\/uploads\/sites\/17\/2022\/12\/pos_nailner_2_brush_2in1.png\" \/>\n\t<meta property=\"og:image:width\" content=\"359\" \/>\n\t<meta property=\"og:image:height\" content=\"1000\" \/>\n\t<meta property=\"og:image:type\" content=\"image\/png\" \/>\n<meta name=\"twitter:card\" content=\"summary_large_image\" \/>\n<meta name=\"twitter:label1\" content=\"Tempo estimado de leitura\" \/>\n\t<meta name=\"twitter:data1\" content=\"1 minuto\" \/>\n<script type=\"application\/ld+json\" class=\"yoast-schema-graph\">{\"@context\":\"https:\/\/schema.org\",\"@graph\":[{\"@type\":\"WebPage\",\"@id\":\"https:\/\/nailner.com\/pt\/produtos\/nailner-verniz-2-em-1\/\",\"url\":\"https:\/\/nailner.com\/pt\/produtos\/nailner-verniz-2-em-1\/\",\"name\":\"Nailner\u00a0Verniz 2 EM 1 - Nailner\",\"isPartOf\":{\"@id\":\"https:\/\/nailner.com\/pt\/#website\"},\"primaryImageOfPage\":{\"@id\":\"https:\/\/nailner.com\/pt\/produtos\/nailner-verniz-2-em-1\/#primaryimage\"},\"image\":{\"@id\":\"https:\/\/nailner.com\/pt\/produtos\/nailner-verniz-2-em-1\/#primaryimage\"},\"thumbnailUrl\":\"https:\/\/nailner.com\/app\/uploads\/sites\/17\/2022\/12\/pos_nailner_2_brush_2in1.png\",\"datePublished\":\"2022-12-29T09:34:19+00:00\",\"dateModified\":\"2025-04-30T07:43:40+00:00\",\"description\":\"Efic\u00e1cia comprovada contra os fungos das unhas. Resultados vis\u00edveis ap\u00f3s 7 dias. Trata e previne a infe\u00e7\u00e3o f\u00fangica nas unhas\",\"breadcrumb\":{\"@id\":\"https:\/\/nailner.com\/pt\/produtos\/nailner-verniz-2-em-1\/#breadcrumb\"},\"inLanguage\":\"pt-PT\",\"potentialAction\":[{\"@type\":\"ReadAction\",\"target\":[\"https:\/\/nailner.com\/pt\/produtos\/nailner-verniz-2-em-1\/\"]}]},{\"@type\":\"ImageObject\",\"inLanguage\":\"pt-PT\",\"@id\":\"https:\/\/nailner.com\/pt\/produtos\/nailner-verniz-2-em-1\/#primaryimage\",\"url\":\"https:\/\/nailner.com\/app\/uploads\/sites\/17\/2022\/12\/pos_nailner_2_brush_2in1.png\",\"contentUrl\":\"https:\/\/nailner.com\/app\/uploads\/sites\/17\/2022\/12\/pos_nailner_2_brush_2in1.png\",\"width\":359,\"height\":1000},{\"@type\":\"BreadcrumbList\",\"@id\":\"https:\/\/nailner.com\/pt\/produtos\/nailner-verniz-2-em-1\/#breadcrumb\",\"itemListElement\":[{\"@type\":\"ListItem\",\"position\":1,\"name\":\"Home\",\"item\":\"https:\/\/nailner.com\/pt\/\"},{\"@type\":\"ListItem\",\"position\":2,\"name\":\"Produtos\",\"item\":\"https:\/\/nailner.com\/pt\/produtos\/\"},{\"@type\":\"ListItem\",\"position\":3,\"name\":\"Nailner\u00a0Verniz 2 EM 1\"}]},{\"@type\":\"WebSite\",\"@id\":\"https:\/\/nailner.com\/pt\/#website\",\"url\":\"https:\/\/nailner.com\/pt\/\",\"name\":\"Nailner\",\"description\":\"\",\"publisher\":{\"@id\":\"https:\/\/nailner.com\/pt\/#organization\"},\"potentialAction\":[{\"@type\":\"SearchAction\",\"target\":{\"@type\":\"EntryPoint\",\"urlTemplate\":\"https:\/\/nailner.com\/pt\/?s={search_term_string}\"},\"query-input\":{\"@type\":\"PropertyValueSpecification\",\"valueRequired\":true,\"valueName\":\"search_term_string\"}}],\"inLanguage\":\"pt-PT\"},{\"@type\":\"Organization\",\"@id\":\"https:\/\/nailner.com\/pt\/#organization\",\"name\":\"Nailner\",\"url\":\"https:\/\/nailner.com\/pt\/\",\"logo\":{\"@type\":\"ImageObject\",\"inLanguage\":\"pt-PT\",\"@id\":\"https:\/\/nailner.com\/pt\/#\/schema\/logo\/image\/\",\"url\":\"https:\/\/nailner.com\/app\/uploads\/sites\/17\/2025\/04\/Nailner-logo.png\",\"contentUrl\":\"https:\/\/nailner.com\/app\/uploads\/sites\/17\/2025\/04\/Nailner-logo.png\",\"width\":134,\"height\":32,\"caption\":\"Nailner\"},\"image\":{\"@id\":\"https:\/\/nailner.com\/pt\/#\/schema\/logo\/image\/\"}}]}<\/script>\n<!-- \/ Yoast SEO plugin. -->","yoast_head_json":{"title":"Nailner\u00a0Verniz 2 EM 1 - Nailner","description":"Efic\u00e1cia comprovada contra os fungos das unhas. Resultados vis\u00edveis ap\u00f3s 7 dias. Trata e previne a infe\u00e7\u00e3o f\u00fangica nas unhas","robots":{"index":"index","follow":"follow","max-snippet":"max-snippet:-1","max-image-preview":"max-image-preview:large","max-video-preview":"max-video-preview:-1"},"canonical":"https:\/\/nailner.com\/pt\/produtos\/nailner-verniz-2-em-1\/","og_locale":"pt_PT","og_type":"article","og_title":"Nailner\u00a0Verniz 2 EM 1 - Nailner","og_description":"Efic\u00e1cia comprovada contra os fungos das unhas. Resultados vis\u00edveis ap\u00f3s 7 dias. Trata e previne a infe\u00e7\u00e3o f\u00fangica nas unhas","og_url":"https:\/\/nailner.com\/pt\/produtos\/nailner-verniz-2-em-1\/","og_site_name":"Nailner","article_modified_time":"2025-04-30T07:43:40+00:00","og_image":[{"width":359,"height":1000,"url":"https:\/\/nailner.com\/app\/uploads\/sites\/17\/2022\/12\/pos_nailner_2_brush_2in1.png","type":"image\/png"}],"twitter_card":"summary_large_image","twitter_misc":{"Tempo estimado de leitura":"1 minuto"},"schema":{"@context":"https:\/\/schema.org","@graph":[{"@type":"WebPage","@id":"https:\/\/nailner.com\/pt\/produtos\/nailner-verniz-2-em-1\/","url":"https:\/\/nailner.com\/pt\/produtos\/nailner-verniz-2-em-1\/","name":"Nailner\u00a0Verniz 2 EM 1 - Nailner","isPartOf":{"@id":"https:\/\/nailner.com\/pt\/#website"},"primaryImageOfPage":{"@id":"https:\/\/nailner.com\/pt\/produtos\/nailner-verniz-2-em-1\/#primaryimage"},"image":{"@id":"https:\/\/nailner.com\/pt\/produtos\/nailner-verniz-2-em-1\/#primaryimage"},"thumbnailUrl":"https:\/\/nailner.com\/app\/uploads\/sites\/17\/2022\/12\/pos_nailner_2_brush_2in1.png","datePublished":"2022-12-29T09:34:19+00:00","dateModified":"2025-04-30T07:43:40+00:00","description":"Efic\u00e1cia comprovada contra os fungos das unhas. Resultados vis\u00edveis ap\u00f3s 7 dias. Trata e previne a infe\u00e7\u00e3o f\u00fangica nas unhas","breadcrumb":{"@id":"https:\/\/nailner.com\/pt\/produtos\/nailner-verniz-2-em-1\/#breadcrumb"},"inLanguage":"pt-PT","potentialAction":[{"@type":"ReadAction","target":["https:\/\/nailner.com\/pt\/produtos\/nailner-verniz-2-em-1\/"]}]},{"@type":"ImageObject","inLanguage":"pt-PT","@id":"https:\/\/nailner.com\/pt\/produtos\/nailner-verniz-2-em-1\/#primaryimage","url":"https:\/\/nailner.com\/app\/uploads\/sites\/17\/2022\/12\/pos_nailner_2_brush_2in1.png","contentUrl":"https:\/\/nailner.com\/app\/uploads\/sites\/17\/2022\/12\/pos_nailner_2_brush_2in1.png","width":359,"height":1000},{"@type":"BreadcrumbList","@id":"https:\/\/nailner.com\/pt\/produtos\/nailner-verniz-2-em-1\/#breadcrumb","itemListElement":[{"@type":"ListItem","position":1,"name":"Home","item":"https:\/\/nailner.com\/pt\/"},{"@type":"ListItem","position":2,"name":"Produtos","item":"https:\/\/nailner.com\/pt\/produtos\/"},{"@type":"ListItem","position":3,"name":"Nailner\u00a0Verniz 2 EM 1"}]},{"@type":"WebSite","@id":"https:\/\/nailner.com\/pt\/#website","url":"https:\/\/nailner.com\/pt\/","name":"Nailner","description":"","publisher":{"@id":"https:\/\/nailner.com\/pt\/#organization"},"potentialAction":[{"@type":"SearchAction","target":{"@type":"EntryPoint","urlTemplate":"https:\/\/nailner.com\/pt\/?s={search_term_string}"},"query-input":{"@type":"PropertyValueSpecification","valueRequired":true,"valueName":"search_term_string"}}],"inLanguage":"pt-PT"},{"@type":"Organization","@id":"https:\/\/nailner.com\/pt\/#organization","name":"Nailner","url":"https:\/\/nailner.com\/pt\/","logo":{"@type":"ImageObject","inLanguage":"pt-PT","@id":"https:\/\/nailner.com\/pt\/#\/schema\/logo\/image\/","url":"https:\/\/nailner.com\/app\/uploads\/sites\/17\/2025\/04\/Nailner-logo.png","contentUrl":"https:\/\/nailner.com\/app\/uploads\/sites\/17\/2025\/04\/Nailner-logo.png","width":134,"height":32,"caption":"Nailner"},"image":{"@id":"https:\/\/nailner.com\/pt\/#\/schema\/logo\/image\/"}}]}},"_links":{"self":[{"href":"https:\/\/nailner.com\/pt\/wp-json\/wp\/v2\/product\/49","targetHints":{"allow":["GET"]}}],"collection":[{"href":"https:\/\/nailner.com\/pt\/wp-json\/wp\/v2\/product"}],"about":[{"href":"https:\/\/nailner.com\/pt\/wp-json\/wp\/v2\/types\/product"}],"replies":[{"embeddable":true,"href":"https:\/\/nailner.com\/pt\/wp-json\/wp\/v2\/comments?post=49"}],"version-history":[{"count":10,"href":"https:\/\/nailner.com\/pt\/wp-json\/wp\/v2\/product\/49\/revisions"}],"predecessor-version":[{"id":215,"href":"https:\/\/nailner.com\/pt\/wp-json\/wp\/v2\/product\/49\/revisions\/215"}],"wp:featuredmedia":[{"embeddable":true,"href":"https:\/\/nailner.com\/pt\/wp-json\/wp\/v2\/media\/50"}],"wp:attachment":[{"href":"https:\/\/nailner.com\/pt\/wp-json\/wp\/v2\/media?parent=49"}],"wp:term":[{"taxonomy":"product_brand","embeddable":true,"href":"https:\/\/nailner.com\/pt\/wp-json\/wp\/v2\/product_brand?post=49"},{"taxonomy":"product_cat","embeddable":true,"href":"https:\/\/nailner.com\/pt\/wp-json\/wp\/v2\/product_cat?post=49"},{"taxonomy":"product_tag","embeddable":true,"href":"https:\/\/nailner.com\/pt\/wp-json\/wp\/v2\/product_tag?post=49"}],"curies":[{"name":"wp","href":"https:\/\/api.w.org\/{rel}","templated":true}]}}