{"id":104,"date":"2022-05-23T09:56:13","date_gmt":"2022-05-23T09:56:13","guid":{"rendered":"https:\/\/nailner.com\/se\/?page_id=104"},"modified":"2025-09-24T12:21:13","modified_gmt":"2025-09-24T10:21:13","slug":"faq","status":"publish","type":"page","link":"https:\/\/nailner.com\/se\/faq\/","title":{"rendered":"FAQ"},"content":{"rendered":"\n<div class=\"wp-block-karopharma-free-text pt-large pb-large bg-center bg-contain bg-no-repeat  undefined is-style-secondary\" style=\"background-image:url()\"><div class=\"free-text-wrapper container medium text-center\">\n<h1 class=\"is-style-heading-huge wp-block-heading\" id=\"frequently-asked-questions\">Vanliga fr\u00e5gor<\/h1>\n\n\n\n<p class=\"is-style-paragraph-preamble\">H\u00e4r \u00e4r n\u00e5gra av de vanligaste fr\u00e5gorna om Nailner.<\/p>\n<\/div><\/div>\n\n\n\n<div class=\"wp-block-karopharma-accordions\"><div class=\"container\">\n<details class=\"wp-block-karopharma-accordion\"><summary><h2 class=\"accordion-title\">Hur verkar Nailner?<\/h2><\/summary><div class=\"accordion-content\">\n<p>Nailners formuleringar behandlar effektivt och f\u00f6rebygger infektioner i naglarna, b\u00e5de fingernaglar och t\u00e5naglar.<br>Den unika sammans\u00e4ttningen i formuleringen g\u00f6r att de aktiva ingredienserna penetrerar ner i hela nageln och bek\u00e4mpar nagelsvampen genom att skapa en missgynnsam milj\u00f6 f\u00f6r svampen. Behandlingen skyddar v\u00e4xande ny nagel mot att infekteras.<\/p>\n<\/div><\/details>\n\n\n\n<details class=\"wp-block-karopharma-accordion\"><summary><h2 class=\"accordion-title\">Kan Nailner behandlingar appliceras p\u00e5 m\u00e5lade naglar?<\/h2><\/summary><div class=\"accordion-content\">\n<p>Nej, Nailner behandlingar b\u00f6r inte appliceras p\u00e5 m\u00e5lade naglar. Nagellack b\u00f6r tas bort innan behandlingen appliceras.<\/p>\n<\/div><\/details>\n\n\n\n<details class=\"wp-block-karopharma-accordion\"><summary><h2 class=\"accordion-title\">Kan diabetiker och de med minskad blodcirkulation anv\u00e4nda Nailner?<\/h2><\/summary><div class=\"accordion-content\">\n<p>Kontakta l\u00e4kare innan du anv\u00e4nder Nailner behandlingsprodukter om du \u00e4r diabetiker eller har nedsatt blodcirkulation.<\/p>\n<\/div><\/details>\n\n\n\n<details class=\"wp-block-karopharma-accordion\"><summary><h2 class=\"accordion-title\">Kan Nailner anv\u00e4ndas vid graviditet och amning?<\/h2><\/summary><div class=\"accordion-content\">\n<p>Nailner har inte testats specifikt f\u00f6r sin s\u00e4kerhet f\u00f6r kvinnor under graviditet eller amning. Gravida och ammande kvinnor som vill behandla nagelsvamp b\u00f6r i allm\u00e4nhet r\u00e5dfr\u00e5ga sin l\u00e4kare innan n\u00e5gon behandling p\u00e5b\u00f6rjas.<\/p>\n<\/div><\/details>\n\n\n\n<details class=\"wp-block-karopharma-accordion\"><summary><h2 class=\"accordion-title\">Kan barn anv\u00e4nda Nailners produkter?<\/h2><\/summary><div class=\"accordion-content\">\n<p>Det finns ingen \u00e5ldersbegr\u00e4nsning f\u00f6r att anv\u00e4nda Nailner-produkter. Eftersom, nagelsvamp \u00e4r s\u00e4llsynt hos barn rekommenderar vi konsultera med en l\u00e4kare f\u00f6re anv\u00e4ndning om barnet \u00e4r under 16\u00e5r. Om l\u00e4karen bekr\u00e4ftar att barnet har nagelsvamp, kan Nailner anv\u00e4ndas.<\/p>\n<\/div><\/details>\n\n\n\n<details class=\"wp-block-karopharma-accordion\"><summary><h2 class=\"accordion-title\">N\u00e4r du anv\u00e4nder behandlingen p\u00e5 flera naglar, kan de andra naglarna bli smittade?<\/h2><\/summary><div class=\"accordion-content\">\n<p>Nailner behandlingar inneh\u00e5ller ingredienser som k\u00e4mpar mot nagelsvamp, d\u00e4rf\u00f6r kan svampen inte spridas och infektera andra naglar n\u00e4r behandlingen till\u00e4mpas.<\/p>\n<\/div><\/details>\n\n\n\n<details class=\"wp-block-karopharma-accordion\"><summary><h2 class=\"accordion-title\">Hur l\u00e4nge beh\u00f6ver jag anv\u00e4nda Nailner?<\/h2><\/summary><div class=\"accordion-content\">\n<p>Behandla den infekterade nageln tv\u00e5 g\u00e5nger dagligen under de f\u00f6rsta fyra veckorna och en g\u00e5ng per dag d\u00e4refter, tills en frisk nagel har ersatt den skadadenageln. Under behandlingen kan du anv\u00e4nd Nailner produkter i f\u00f6rebyggande syfte p\u00e5 de friska naglarna (en g\u00e5ng om dagen \u00e4r r\u00e4cker).<\/p>\n<\/div><\/details>\n\n\n\n<details class=\"wp-block-karopharma-accordion\"><summary><h2 class=\"accordion-title\">Hur l\u00e5ng tid tar det tills naglarna ser friska ut?<\/h2><\/summary><div class=\"accordion-content\">\n<p>Detta beror p\u00e5 vilken Nailner produkt som anv\u00e4nds. Nailner 2in1 ger synliga resultat och f\u00f6rb\u00e4ttrar utseendet p\u00e5 den infekterade nageln efter bara 7 dagar.<br>F\u00f6r fullst\u00e4ndig synlig f\u00f6rb\u00e4ttring av nageln kr\u00e4vs att hela nageln ers\u00e4tts med en frisk nagel. Tiden det tar f\u00f6r en frisk nagel att v\u00e4xa ut beror p\u00e5 nagelns storlek och graden av infektion. F\u00f6r t\u00e5naglar kan detta ta upp till 12 m\u00e5nader. Fingernaglar kan tillfriskna snabbare.<\/p>\n<\/div><\/details>\n\n\n\n<details class=\"wp-block-karopharma-accordion\"><summary><h2 class=\"accordion-title\">Hur ska Nailners produkter f\u00f6rvaras?<\/h2><\/summary><div class=\"accordion-content\">\n<p>Nailner produkter ska f\u00f6rvaras i rumstemperatur och utom r\u00e4ckh\u00e5ll fr\u00e5n barn.<\/p>\n<\/div><\/details>\n\n\n\n<details class=\"wp-block-karopharma-accordion\"><summary><h2 class=\"accordion-title\">Inneh\u00e5ller Nailner produkter Tea tree-olja?<\/h2><\/summary><div class=\"accordion-content\">\n<p>Nailner produkter inneh\u00e5ller inte n\u00e5gon Tea tree-olja.<\/p>\n<\/div><\/details>\n<\/div><\/div>\n\n\n\n<script type=\"application\/ld+json\">\n{\n  \"@context\": \"https:\/\/schema.org\",\n  \"@type\": \"FAQPage\",\n  \"mainEntity\": [\n    {\n      \"@type\": \"Question\",\n      \"name\": \"Hur verkar Nailner?\",\n      \"acceptedAnswer\": {\n        \"@type\": \"Answer\",\n        \"text\": \"<p>Nailners formuleringar behandlar effektivt och f\u00f6rebygger infektioner i naglarna, b\u00e5de fingernaglar och t\u00e5naglar.<br>Den unika sammans\u00e4ttningen i formuleringen g\u00f6r att de aktiva ingredienserna penetrerar ner i hela nageln och bek\u00e4mpar nagelsvampen genom att skapa en missgynnsam milj\u00f6 f\u00f6r svampen. Behandlingen skyddar v\u00e4xande ny nagel mot att infekteras.<\/p>\"\n      }\n    },\n    {\n      \"@type\": \"Question\",\n      \"name\": \"Kan Nailner behandlingar appliceras p\u00e5 m\u00e5lade naglar?\",\n      \"acceptedAnswer\": {\n        \"@type\": \"Answer\",\n        \"text\": \"<p>Nej, Nailner behandlingar b\u00f6r inte appliceras p\u00e5 m\u00e5lade naglar. Nagellack b\u00f6r tas bort innan behandlingen appliceras.<\/p>\"\n      }\n    },\n    {\n      \"@type\": \"Question\",\n      \"name\": \"Kan diabetiker och de med minskad blodcirkulation anv\u00e4nda Nailner?\",\n      \"acceptedAnswer\": {\n        \"@type\": \"Answer\",\n        \"text\": \"<p>Kontakta l\u00e4kare innan du anv\u00e4nder Nailner behandlingsprodukter om du \u00e4r diabetiker eller har nedsatt blodcirkulation.<\/p>\"\n      }\n    },\n    {\n      \"@type\": \"Question\",\n      \"name\": \"Kan Nailner anv\u00e4ndas vid graviditet och amning?\",\n      \"acceptedAnswer\": {\n        \"@type\": \"Answer\",\n        \"text\": \"<p>Nailner har inte testats specifikt f\u00f6r sin s\u00e4kerhet f\u00f6r kvinnor under graviditet eller amning. Gravida och ammande kvinnor som vill behandla nagelsvamp b\u00f6r i allm\u00e4nhet r\u00e5dfr\u00e5ga sin l\u00e4kare innan n\u00e5gon behandling p\u00e5b\u00f6rjas.<\/p>\"\n      }\n    },\n    {\n      \"@type\": \"Question\",\n      \"name\": \"Kan barn anv\u00e4nda Nailners produkter?\",\n      \"acceptedAnswer\": {\n        \"@type\": \"Answer\",\n        \"text\": \"<p>Det finns ingen \u00e5ldersbegr\u00e4nsning f\u00f6r att anv\u00e4nda Nailner-produkter. Eftersom, nagelsvamp \u00e4r s\u00e4llsynt hos barn rekommenderar vi konsultera med en l\u00e4kare f\u00f6re anv\u00e4ndning om barnet \u00e4r under 16\u00e5r. Om l\u00e4karen bekr\u00e4ftar att barnet har nagelsvamp, kan Nailner anv\u00e4ndas.<\/p>\"\n      }\n    },\n    {\n      \"@type\": \"Question\",\n      \"name\": \"N\u00e4r du anv\u00e4nder behandlingen p\u00e5 flera naglar, kan de andra naglarna bli smittade?\",\n      \"acceptedAnswer\": {\n        \"@type\": \"Answer\",\n        \"text\": \"<p>Nailner behandlingar inneh\u00e5ller ingredienser som k\u00e4mpar mot nagelsvamp, d\u00e4rf\u00f6r kan svampen inte spridas och infektera andra naglar n\u00e4r behandlingen till\u00e4mpas.<\/p>\"\n      }\n    },\n    {\n      \"@type\": \"Question\",\n      \"name\": \"Hur l\u00e4nge beh\u00f6ver jag anv\u00e4nda Nailner?\",\n      \"acceptedAnswer\": {\n        \"@type\": \"Answer\",\n        \"text\": \"<p>Behandla den infekterade nageln tv\u00e5 g\u00e5nger dagligen under de f\u00f6rsta fyra veckorna och en g\u00e5ng per dag d\u00e4refter, tills en frisk nagel har ersatt den skadadenageln. Under behandlingen kan du anv\u00e4nd Nailner produkter i f\u00f6rebyggande syfte p\u00e5 de friska naglarna (en g\u00e5ng om dagen \u00e4r r\u00e4cker).<\/p>\"\n      }\n    },\n    {\n      \"@type\": \"Question\",\n      \"name\": \"Hur l\u00e5ng tid tar det tills naglarna ser friska ut?\",\n      \"acceptedAnswer\": {\n        \"@type\": \"Answer\",\n        \"text\": \"<p>Detta beror p\u00e5 vilken Nailner produkt som anv\u00e4nds. Nailner 2in1 ger synliga resultat och f\u00f6rb\u00e4ttrar utseendet p\u00e5 den infekterade nageln efter bara 7 dagar.\\nF\u00f6r fullst\u00e4ndig synlig f\u00f6rb\u00e4ttring av nageln kr\u00e4vs att hela nageln ers\u00e4tts med en frisk nagel. Tiden det tar f\u00f6r en frisk nagel att v\u00e4xa ut beror p\u00e5 nagelns storlek och graden av infektion. F\u00f6r t\u00e5naglar kan detta ta upp till 12 m\u00e5nader. Fingernaglar kan tillfriskna snabbare.<\/p>\"\n      }\n    },\n    {\n      \"@type\": \"Question\",\n      \"name\": \"Hur ska Nailners produkter f\u00f6rvaras?\",\n      \"acceptedAnswer\": {\n        \"@type\": \"Answer\",\n        \"text\": \"<p>Nailner produkter ska f\u00f6rvaras i rumstemperatur och utom r\u00e4ckh\u00e5ll fr\u00e5n barn.<\/p>\"\n      }\n    },\n    {\n      \"@type\": \"Question\",\n      \"name\": \"Inneh\u00e5ller Nailner produkter Tea tree-olja?\",\n      \"acceptedAnswer\": {\n        \"@type\": \"Answer\",\n        \"text\": \"<p>Nailner produkter inneh\u00e5ller inte n\u00e5gon Tea tree-olja.<\/p>\"\n      }\n    }\n  ]\n}\n<\/script>\n","protected":false},"excerpt":{"rendered":"","protected":false},"author":3,"featured_media":0,"parent":0,"menu_order":0,"comment_status":"closed","ping_status":"closed","template":"","meta":{"_acf_changed":false,"footnotes":""},"from-article-database":[],"class_list":["post-104","page","type-page","status-publish","hentry"],"acf":[],"yoast_head":"<!-- This site is optimized with the Yoast SEO plugin v26.6 - https:\/\/yoast.com\/wordpress\/plugins\/seo\/ -->\n<title>FAQ - Nailner<\/title>\n<meta name=\"description\" content=\"H\u00e4r \u00e4r n\u00e5gra av de vanligaste fr\u00e5gorna om Nailner.\" \/>\n<meta name=\"robots\" content=\"index, follow, max-snippet:-1, max-image-preview:large, max-video-preview:-1\" \/>\n<link rel=\"canonical\" href=\"https:\/\/nailner.com\/se\/faq\/\" \/>\n<meta property=\"og:locale\" content=\"sv_SE\" \/>\n<meta property=\"og:type\" content=\"article\" \/>\n<meta property=\"og:title\" content=\"FAQ - Nailner\" \/>\n<meta property=\"og:description\" content=\"H\u00e4r \u00e4r n\u00e5gra av de vanligaste fr\u00e5gorna om Nailner.\" \/>\n<meta property=\"og:url\" content=\"https:\/\/nailner.com\/se\/faq\/\" \/>\n<meta property=\"og:site_name\" content=\"Nailner\" \/>\n<meta property=\"article:modified_time\" content=\"2025-09-24T10:21:13+00:00\" \/>\n<meta name=\"twitter:card\" content=\"summary_large_image\" \/>\n<meta name=\"twitter:label1\" content=\"Ber\u00e4knad l\u00e4stid\" \/>\n\t<meta name=\"twitter:data1\" content=\"5 minuter\" \/>\n<script type=\"application\/ld+json\" class=\"yoast-schema-graph\">{\"@context\":\"https:\/\/schema.org\",\"@graph\":[{\"@type\":\"WebPage\",\"@id\":\"https:\/\/nailner.com\/se\/faq\/\",\"url\":\"https:\/\/nailner.com\/se\/faq\/\",\"name\":\"FAQ - Nailner\",\"isPartOf\":{\"@id\":\"https:\/\/multisite.nailner.com\/se\/#website\"},\"datePublished\":\"2022-05-23T09:56:13+00:00\",\"dateModified\":\"2025-09-24T10:21:13+00:00\",\"description\":\"H\u00e4r \u00e4r n\u00e5gra av de vanligaste fr\u00e5gorna om Nailner.\",\"breadcrumb\":{\"@id\":\"https:\/\/nailner.com\/se\/faq\/#breadcrumb\"},\"inLanguage\":\"sv-SE\",\"potentialAction\":[{\"@type\":\"ReadAction\",\"target\":[\"https:\/\/nailner.com\/se\/faq\/\"]}]},{\"@type\":\"BreadcrumbList\",\"@id\":\"https:\/\/nailner.com\/se\/faq\/#breadcrumb\",\"itemListElement\":[{\"@type\":\"ListItem\",\"position\":1,\"name\":\"Home\",\"item\":\"https:\/\/nailner.com\/se\/\"},{\"@type\":\"ListItem\",\"position\":2,\"name\":\"FAQ\"}]},{\"@type\":\"WebSite\",\"@id\":\"https:\/\/multisite.nailner.com\/se\/#website\",\"url\":\"https:\/\/multisite.nailner.com\/se\/\",\"name\":\"Nailner\",\"description\":\"\",\"publisher\":{\"@id\":\"https:\/\/multisite.nailner.com\/se\/#organization\"},\"potentialAction\":[{\"@type\":\"SearchAction\",\"target\":{\"@type\":\"EntryPoint\",\"urlTemplate\":\"https:\/\/multisite.nailner.com\/se\/?s={search_term_string}\"},\"query-input\":{\"@type\":\"PropertyValueSpecification\",\"valueRequired\":true,\"valueName\":\"search_term_string\"}}],\"inLanguage\":\"sv-SE\"},{\"@type\":\"Organization\",\"@id\":\"https:\/\/multisite.nailner.com\/se\/#organization\",\"name\":\"Nailner\",\"url\":\"https:\/\/multisite.nailner.com\/se\/\",\"logo\":{\"@type\":\"ImageObject\",\"inLanguage\":\"sv-SE\",\"@id\":\"https:\/\/multisite.nailner.com\/se\/#\/schema\/logo\/image\/\",\"url\":\"https:\/\/nailner.com\/app\/uploads\/sites\/5\/2025\/09\/Nailner-logo.png\",\"contentUrl\":\"https:\/\/nailner.com\/app\/uploads\/sites\/5\/2025\/09\/Nailner-logo.png\",\"width\":134,\"height\":32,\"caption\":\"Nailner\"},\"image\":{\"@id\":\"https:\/\/multisite.nailner.com\/se\/#\/schema\/logo\/image\/\"}}]}<\/script>\n<!-- \/ Yoast SEO plugin. -->","yoast_head_json":{"title":"FAQ - Nailner","description":"H\u00e4r \u00e4r n\u00e5gra av de vanligaste fr\u00e5gorna om Nailner.","robots":{"index":"index","follow":"follow","max-snippet":"max-snippet:-1","max-image-preview":"max-image-preview:large","max-video-preview":"max-video-preview:-1"},"canonical":"https:\/\/nailner.com\/se\/faq\/","og_locale":"sv_SE","og_type":"article","og_title":"FAQ - Nailner","og_description":"H\u00e4r \u00e4r n\u00e5gra av de vanligaste fr\u00e5gorna om Nailner.","og_url":"https:\/\/nailner.com\/se\/faq\/","og_site_name":"Nailner","article_modified_time":"2025-09-24T10:21:13+00:00","twitter_card":"summary_large_image","twitter_misc":{"Ber\u00e4knad l\u00e4stid":"5 minuter"},"schema":{"@context":"https:\/\/schema.org","@graph":[{"@type":"WebPage","@id":"https:\/\/nailner.com\/se\/faq\/","url":"https:\/\/nailner.com\/se\/faq\/","name":"FAQ - Nailner","isPartOf":{"@id":"https:\/\/multisite.nailner.com\/se\/#website"},"datePublished":"2022-05-23T09:56:13+00:00","dateModified":"2025-09-24T10:21:13+00:00","description":"H\u00e4r \u00e4r n\u00e5gra av de vanligaste fr\u00e5gorna om Nailner.","breadcrumb":{"@id":"https:\/\/nailner.com\/se\/faq\/#breadcrumb"},"inLanguage":"sv-SE","potentialAction":[{"@type":"ReadAction","target":["https:\/\/nailner.com\/se\/faq\/"]}]},{"@type":"BreadcrumbList","@id":"https:\/\/nailner.com\/se\/faq\/#breadcrumb","itemListElement":[{"@type":"ListItem","position":1,"name":"Home","item":"https:\/\/nailner.com\/se\/"},{"@type":"ListItem","position":2,"name":"FAQ"}]},{"@type":"WebSite","@id":"https:\/\/multisite.nailner.com\/se\/#website","url":"https:\/\/multisite.nailner.com\/se\/","name":"Nailner","description":"","publisher":{"@id":"https:\/\/multisite.nailner.com\/se\/#organization"},"potentialAction":[{"@type":"SearchAction","target":{"@type":"EntryPoint","urlTemplate":"https:\/\/multisite.nailner.com\/se\/?s={search_term_string}"},"query-input":{"@type":"PropertyValueSpecification","valueRequired":true,"valueName":"search_term_string"}}],"inLanguage":"sv-SE"},{"@type":"Organization","@id":"https:\/\/multisite.nailner.com\/se\/#organization","name":"Nailner","url":"https:\/\/multisite.nailner.com\/se\/","logo":{"@type":"ImageObject","inLanguage":"sv-SE","@id":"https:\/\/multisite.nailner.com\/se\/#\/schema\/logo\/image\/","url":"https:\/\/nailner.com\/app\/uploads\/sites\/5\/2025\/09\/Nailner-logo.png","contentUrl":"https:\/\/nailner.com\/app\/uploads\/sites\/5\/2025\/09\/Nailner-logo.png","width":134,"height":32,"caption":"Nailner"},"image":{"@id":"https:\/\/multisite.nailner.com\/se\/#\/schema\/logo\/image\/"}}]}},"_links":{"self":[{"href":"https:\/\/nailner.com\/se\/wp-json\/wp\/v2\/pages\/104","targetHints":{"allow":["GET"]}}],"collection":[{"href":"https:\/\/nailner.com\/se\/wp-json\/wp\/v2\/pages"}],"about":[{"href":"https:\/\/nailner.com\/se\/wp-json\/wp\/v2\/types\/page"}],"author":[{"embeddable":true,"href":"https:\/\/nailner.com\/se\/wp-json\/wp\/v2\/users\/3"}],"replies":[{"embeddable":true,"href":"https:\/\/nailner.com\/se\/wp-json\/wp\/v2\/comments?post=104"}],"version-history":[{"count":4,"href":"https:\/\/nailner.com\/se\/wp-json\/wp\/v2\/pages\/104\/revisions"}],"predecessor-version":[{"id":488,"href":"https:\/\/nailner.com\/se\/wp-json\/wp\/v2\/pages\/104\/revisions\/488"}],"wp:attachment":[{"href":"https:\/\/nailner.com\/se\/wp-json\/wp\/v2\/media?parent=104"}],"wp:term":[{"taxonomy":"from-article-database","embeddable":true,"href":"https:\/\/nailner.com\/se\/wp-json\/wp\/v2\/from-article-database?post=104"}],"curies":[{"name":"wp","href":"https:\/\/api.w.org\/{rel}","templated":true}]}}