{"id":140,"date":"2022-05-23T10:06:12","date_gmt":"2022-05-23T10:06:12","guid":{"rendered":"https:\/\/nailner.com\/se\/?post_type=product&#038;p=140"},"modified":"2025-09-29T15:33:11","modified_gmt":"2025-09-29T13:33:11","slug":"nailner-multi-action-pensel","status":"publish","type":"product","link":"https:\/\/nailner.com\/se\/produkt\/nailner-multi-action-pensel\/","title":{"rendered":"Nailner Multi-Action Pensel"},"content":{"rendered":"\n<section class=\"wp-block-karopharma-usp is-style-transparent usp is-style-transparent\"><div class=\"usp-wrapper\">\n<section class=\"wp-block-karopharma-usp-single usp-single undefined\"><div class=\"icon\"><svg width=\"21\" height=\"16\" viewBox=\"0 0 21 16\" fill=\"none\" xmlns=\"http:\/\/www.w3.org\/2000\/svg\"><path d=\"M19.2567 0.164742L6.13095 13.2905L1.49056 8.65006C1.2709 8.4304 0.914742 8.4304 0.695039 8.65006L0.164742 9.18036C-0.0549141 9.40001 -0.0549141 9.75617 0.164742 9.97587L5.73321 15.5443C5.95287 15.764 6.30903 15.764 6.52873 15.5443L20.5825 1.4906C20.8021 1.27095 20.8021 0.914789 20.5825 0.695086L20.0521 0.164742C19.8325 -0.0549141 19.4763 -0.0549141 19.2567 0.164742Z\" fill=\"white\"><\/path><\/svg><\/div>\n<h4 class=\"wp-block-heading has-text-align-center is-style-heading-h4\" id=\"step-1\">Steg 1<\/h4>\n\n\n\n<p class=\"has-text-align-center is-style-body-text\">Reng\u00f6r nageln och ta bort eventuell nagellack f\u00f6re varje anv\u00e4ndning. Ingen filande av nageln \u00e4r n\u00f6dv\u00e4ndig. Applicera tv\u00e5 g\u00e5nger om dagen de fyra f\u00f6rsta veckorna av anv\u00e4ndning.<\/p>\n<\/section>\n\n\n\n<section class=\"wp-block-karopharma-usp-single usp-single undefined\"><div class=\"icon\"><svg width=\"21\" height=\"16\" viewBox=\"0 0 21 16\" fill=\"none\" xmlns=\"http:\/\/www.w3.org\/2000\/svg\"><path d=\"M19.2567 0.164742L6.13095 13.2905L1.49056 8.65006C1.2709 8.4304 0.914742 8.4304 0.695039 8.65006L0.164742 9.18036C-0.0549141 9.40001 -0.0549141 9.75617 0.164742 9.97587L5.73321 15.5443C5.95287 15.764 6.30903 15.764 6.52873 15.5443L20.5825 1.4906C20.8021 1.27095 20.8021 0.914789 20.5825 0.695086L20.0521 0.164742C19.8325 -0.0549141 19.4763 -0.0549141 19.2567 0.164742Z\" fill=\"white\"><\/path><\/svg><\/div>\n<h4 class=\"wp-block-heading has-text-align-center is-style-heading-h4\" id=\"step-2\">Steg 2<\/h4>\n\n\n\n<p class=\"has-text-align-center is-style-body-text\">Applicera d\u00e4refter en g\u00e5ng per dag tills den friska nageln ers\u00e4tter den skadade. L\u00f6sningen m\u00e5ste appliceras p\u00e5 hela nageln inklusive undersidan av den fr\u00e4mre nagelkanten.<\/p>\n<\/section>\n\n\n\n<section class=\"wp-block-karopharma-usp-single usp-single undefined\"><div class=\"icon\"><svg width=\"21\" height=\"16\" viewBox=\"0 0 21 16\" fill=\"none\" xmlns=\"http:\/\/www.w3.org\/2000\/svg\"><path d=\"M19.2567 0.164742L6.13095 13.2905L1.49056 8.65006C1.2709 8.4304 0.914742 8.4304 0.695039 8.65006L0.164742 9.18036C-0.0549141 9.40001 -0.0549141 9.75617 0.164742 9.97587L5.73321 15.5443C5.95287 15.764 6.30903 15.764 6.52873 15.5443L20.5825 1.4906C20.8021 1.27095 20.8021 0.914789 20.5825 0.695086L20.0521 0.164742C19.8325 -0.0549141 19.4763 -0.0549141 19.2567 0.164742Z\" fill=\"white\"><\/path><\/svg><\/div>\n<h4 class=\"wp-block-heading has-text-align-center is-style-heading-h4\" id=\"step-3\">Steg 3<\/h4>\n\n\n\n<p class=\"has-text-align-center is-style-body-text\">Kom ih\u00e5g att st\u00e4ng flaskan t\u00e4tt efter varje anv\u00e4ndning. Nailner 2 i 1 produkter kan ocks\u00e5 anv\u00e4ndas i ett f\u00f6rebyggande syfte.  Applicera Nailner 2 i 1 produkter en g\u00e5ng om dagen f\u00f6r att f\u00f6rhindra svampinfektion av naglarna.<\/p>\n<\/section>\n<\/div><\/section>\n\n\n\n<div class=\"wp-block-karopharma-accordions is-style-secondary\"><div class=\"container\">\n<details class=\"wp-block-karopharma-accordion\"><summary><h2 class=\"accordion-title\">Hur m\u00e5nga applikationer inneh\u00e5ller Nailner Multi-Action Pensel?<\/h2><\/summary><div class=\"accordion-content\">\n<p>Nailner Pensel inneh\u00e5ller 5 ml, ca 300 applikationer.<\/p>\n<\/div><\/details>\n\n\n\n<details class=\"wp-block-karopharma-accordion\"><summary><h2 class=\"accordion-title\">Vad inneh\u00e5ller Nailner Multi-Action Pensel?<\/h2><\/summary><div class=\"accordion-content\">\n<p>Etyllaktat, vatten, glycerin, mj\u00f6lksyra, citronsyra, resacetofenon.<\/p>\n<\/div><\/details>\n<\/div><\/div>\n","protected":false},"excerpt":{"rendered":"<p>Behandlar &#038; ljusar upp naglar<\/p>\n","protected":false},"featured_media":582,"comment_status":"closed","ping_status":"closed","template":"","meta":{"_acf_changed":false,"footnotes":""},"product_brand":[],"product_cat":[],"product_tag":[],"class_list":{"0":"post-140","1":"product","2":"type-product","3":"status-publish","4":"has-post-thumbnail","7":"first","8":"instock","9":"shipping-taxable","10":"product-type-simple"},"acf":[],"yoast_head":"<!-- This site is optimized with the Yoast SEO plugin v26.6 - https:\/\/yoast.com\/wordpress\/plugins\/seo\/ -->\n<title>Nailner Multi-Action Pensel - Nailner<\/title>\n<meta name=\"description\" content=\"Behandlar och g\u00f6r nageln synligt ljusare p\u00e5 bara 7 dagar - Bevisat effektiv mot nagelsvamp\" \/>\n<meta name=\"robots\" content=\"index, follow, max-snippet:-1, max-image-preview:large, max-video-preview:-1\" \/>\n<link rel=\"canonical\" href=\"https:\/\/nailner.com\/se\/produkt\/nailner-multi-action-pensel\/\" \/>\n<meta property=\"og:locale\" content=\"sv_SE\" \/>\n<meta property=\"og:type\" content=\"article\" \/>\n<meta property=\"og:title\" content=\"Nailner Multi-Action Pensel - Nailner\" \/>\n<meta property=\"og:description\" content=\"Behandlar och g\u00f6r nageln synligt ljusare p\u00e5 bara 7 dagar - Bevisat effektiv mot nagelsvamp\" \/>\n<meta property=\"og:url\" content=\"https:\/\/nailner.com\/se\/produkt\/nailner-multi-action-pensel\/\" \/>\n<meta property=\"og:site_name\" content=\"Nailner\" \/>\n<meta property=\"article:modified_time\" content=\"2025-09-29T13:33:11+00:00\" \/>\n<meta property=\"og:image\" content=\"https:\/\/nailner.com\/app\/uploads\/sites\/5\/2022\/05\/Nailner-Multi-Action-Brush.png\" \/>\n\t<meta property=\"og:image:width\" content=\"800\" \/>\n\t<meta property=\"og:image:height\" content=\"800\" \/>\n\t<meta property=\"og:image:type\" content=\"image\/png\" \/>\n<meta name=\"twitter:card\" content=\"summary_large_image\" \/>\n<meta name=\"twitter:label1\" content=\"Ber\u00e4knad l\u00e4stid\" \/>\n\t<meta name=\"twitter:data1\" content=\"1 minut\" \/>\n<script type=\"application\/ld+json\" class=\"yoast-schema-graph\">{\"@context\":\"https:\/\/schema.org\",\"@graph\":[{\"@type\":\"WebPage\",\"@id\":\"https:\/\/nailner.com\/se\/produkt\/nailner-multi-action-pensel\/\",\"url\":\"https:\/\/nailner.com\/se\/produkt\/nailner-multi-action-pensel\/\",\"name\":\"Nailner Multi-Action Pensel - Nailner\",\"isPartOf\":{\"@id\":\"https:\/\/multisite.nailner.com\/se\/#website\"},\"primaryImageOfPage\":{\"@id\":\"https:\/\/nailner.com\/se\/produkt\/nailner-multi-action-pensel\/#primaryimage\"},\"image\":{\"@id\":\"https:\/\/nailner.com\/se\/produkt\/nailner-multi-action-pensel\/#primaryimage\"},\"thumbnailUrl\":\"https:\/\/nailner.com\/app\/uploads\/sites\/5\/2022\/05\/Nailner-Multi-Action-Brush.png\",\"datePublished\":\"2022-05-23T10:06:12+00:00\",\"dateModified\":\"2025-09-29T13:33:11+00:00\",\"description\":\"Behandlar och g\u00f6r nageln synligt ljusare p\u00e5 bara 7 dagar - Bevisat effektiv mot nagelsvamp\",\"breadcrumb\":{\"@id\":\"https:\/\/nailner.com\/se\/produkt\/nailner-multi-action-pensel\/#breadcrumb\"},\"inLanguage\":\"sv-SE\",\"potentialAction\":[{\"@type\":\"ReadAction\",\"target\":[\"https:\/\/nailner.com\/se\/produkt\/nailner-multi-action-pensel\/\"]}]},{\"@type\":\"ImageObject\",\"inLanguage\":\"sv-SE\",\"@id\":\"https:\/\/nailner.com\/se\/produkt\/nailner-multi-action-pensel\/#primaryimage\",\"url\":\"https:\/\/nailner.com\/app\/uploads\/sites\/5\/2022\/05\/Nailner-Multi-Action-Brush.png\",\"contentUrl\":\"https:\/\/nailner.com\/app\/uploads\/sites\/5\/2022\/05\/Nailner-Multi-Action-Brush.png\",\"width\":800,\"height\":800,\"caption\":\"Nailner-Multi-Action-Brush\"},{\"@type\":\"BreadcrumbList\",\"@id\":\"https:\/\/nailner.com\/se\/produkt\/nailner-multi-action-pensel\/#breadcrumb\",\"itemListElement\":[{\"@type\":\"ListItem\",\"position\":1,\"name\":\"Home\",\"item\":\"https:\/\/nailner.com\/se\/\"},{\"@type\":\"ListItem\",\"position\":2,\"name\":\"Produkter\",\"item\":\"https:\/\/nailner.com\/se\/produkter\/\"},{\"@type\":\"ListItem\",\"position\":3,\"name\":\"Nailner Multi-Action Pensel\"}]},{\"@type\":\"WebSite\",\"@id\":\"https:\/\/multisite.nailner.com\/se\/#website\",\"url\":\"https:\/\/multisite.nailner.com\/se\/\",\"name\":\"Nailner\",\"description\":\"\",\"publisher\":{\"@id\":\"https:\/\/multisite.nailner.com\/se\/#organization\"},\"potentialAction\":[{\"@type\":\"SearchAction\",\"target\":{\"@type\":\"EntryPoint\",\"urlTemplate\":\"https:\/\/multisite.nailner.com\/se\/?s={search_term_string}\"},\"query-input\":{\"@type\":\"PropertyValueSpecification\",\"valueRequired\":true,\"valueName\":\"search_term_string\"}}],\"inLanguage\":\"sv-SE\"},{\"@type\":\"Organization\",\"@id\":\"https:\/\/multisite.nailner.com\/se\/#organization\",\"name\":\"Nailner\",\"url\":\"https:\/\/multisite.nailner.com\/se\/\",\"logo\":{\"@type\":\"ImageObject\",\"inLanguage\":\"sv-SE\",\"@id\":\"https:\/\/multisite.nailner.com\/se\/#\/schema\/logo\/image\/\",\"url\":\"https:\/\/nailner.com\/app\/uploads\/sites\/5\/2025\/09\/Nailner-logo.png\",\"contentUrl\":\"https:\/\/nailner.com\/app\/uploads\/sites\/5\/2025\/09\/Nailner-logo.png\",\"width\":134,\"height\":32,\"caption\":\"Nailner\"},\"image\":{\"@id\":\"https:\/\/multisite.nailner.com\/se\/#\/schema\/logo\/image\/\"}}]}<\/script>\n<!-- \/ Yoast SEO plugin. -->","yoast_head_json":{"title":"Nailner Multi-Action Pensel - Nailner","description":"Behandlar och g\u00f6r nageln synligt ljusare p\u00e5 bara 7 dagar - Bevisat effektiv mot nagelsvamp","robots":{"index":"index","follow":"follow","max-snippet":"max-snippet:-1","max-image-preview":"max-image-preview:large","max-video-preview":"max-video-preview:-1"},"canonical":"https:\/\/nailner.com\/se\/produkt\/nailner-multi-action-pensel\/","og_locale":"sv_SE","og_type":"article","og_title":"Nailner Multi-Action Pensel - Nailner","og_description":"Behandlar och g\u00f6r nageln synligt ljusare p\u00e5 bara 7 dagar - Bevisat effektiv mot nagelsvamp","og_url":"https:\/\/nailner.com\/se\/produkt\/nailner-multi-action-pensel\/","og_site_name":"Nailner","article_modified_time":"2025-09-29T13:33:11+00:00","og_image":[{"width":800,"height":800,"url":"https:\/\/nailner.com\/app\/uploads\/sites\/5\/2022\/05\/Nailner-Multi-Action-Brush.png","type":"image\/png"}],"twitter_card":"summary_large_image","twitter_misc":{"Ber\u00e4knad l\u00e4stid":"1 minut"},"schema":{"@context":"https:\/\/schema.org","@graph":[{"@type":"WebPage","@id":"https:\/\/nailner.com\/se\/produkt\/nailner-multi-action-pensel\/","url":"https:\/\/nailner.com\/se\/produkt\/nailner-multi-action-pensel\/","name":"Nailner Multi-Action Pensel - Nailner","isPartOf":{"@id":"https:\/\/multisite.nailner.com\/se\/#website"},"primaryImageOfPage":{"@id":"https:\/\/nailner.com\/se\/produkt\/nailner-multi-action-pensel\/#primaryimage"},"image":{"@id":"https:\/\/nailner.com\/se\/produkt\/nailner-multi-action-pensel\/#primaryimage"},"thumbnailUrl":"https:\/\/nailner.com\/app\/uploads\/sites\/5\/2022\/05\/Nailner-Multi-Action-Brush.png","datePublished":"2022-05-23T10:06:12+00:00","dateModified":"2025-09-29T13:33:11+00:00","description":"Behandlar och g\u00f6r nageln synligt ljusare p\u00e5 bara 7 dagar - Bevisat effektiv mot nagelsvamp","breadcrumb":{"@id":"https:\/\/nailner.com\/se\/produkt\/nailner-multi-action-pensel\/#breadcrumb"},"inLanguage":"sv-SE","potentialAction":[{"@type":"ReadAction","target":["https:\/\/nailner.com\/se\/produkt\/nailner-multi-action-pensel\/"]}]},{"@type":"ImageObject","inLanguage":"sv-SE","@id":"https:\/\/nailner.com\/se\/produkt\/nailner-multi-action-pensel\/#primaryimage","url":"https:\/\/nailner.com\/app\/uploads\/sites\/5\/2022\/05\/Nailner-Multi-Action-Brush.png","contentUrl":"https:\/\/nailner.com\/app\/uploads\/sites\/5\/2022\/05\/Nailner-Multi-Action-Brush.png","width":800,"height":800,"caption":"Nailner-Multi-Action-Brush"},{"@type":"BreadcrumbList","@id":"https:\/\/nailner.com\/se\/produkt\/nailner-multi-action-pensel\/#breadcrumb","itemListElement":[{"@type":"ListItem","position":1,"name":"Home","item":"https:\/\/nailner.com\/se\/"},{"@type":"ListItem","position":2,"name":"Produkter","item":"https:\/\/nailner.com\/se\/produkter\/"},{"@type":"ListItem","position":3,"name":"Nailner Multi-Action Pensel"}]},{"@type":"WebSite","@id":"https:\/\/multisite.nailner.com\/se\/#website","url":"https:\/\/multisite.nailner.com\/se\/","name":"Nailner","description":"","publisher":{"@id":"https:\/\/multisite.nailner.com\/se\/#organization"},"potentialAction":[{"@type":"SearchAction","target":{"@type":"EntryPoint","urlTemplate":"https:\/\/multisite.nailner.com\/se\/?s={search_term_string}"},"query-input":{"@type":"PropertyValueSpecification","valueRequired":true,"valueName":"search_term_string"}}],"inLanguage":"sv-SE"},{"@type":"Organization","@id":"https:\/\/multisite.nailner.com\/se\/#organization","name":"Nailner","url":"https:\/\/multisite.nailner.com\/se\/","logo":{"@type":"ImageObject","inLanguage":"sv-SE","@id":"https:\/\/multisite.nailner.com\/se\/#\/schema\/logo\/image\/","url":"https:\/\/nailner.com\/app\/uploads\/sites\/5\/2025\/09\/Nailner-logo.png","contentUrl":"https:\/\/nailner.com\/app\/uploads\/sites\/5\/2025\/09\/Nailner-logo.png","width":134,"height":32,"caption":"Nailner"},"image":{"@id":"https:\/\/multisite.nailner.com\/se\/#\/schema\/logo\/image\/"}}]}},"_links":{"self":[{"href":"https:\/\/nailner.com\/se\/wp-json\/wp\/v2\/product\/140","targetHints":{"allow":["GET"]}}],"collection":[{"href":"https:\/\/nailner.com\/se\/wp-json\/wp\/v2\/product"}],"about":[{"href":"https:\/\/nailner.com\/se\/wp-json\/wp\/v2\/types\/product"}],"replies":[{"embeddable":true,"href":"https:\/\/nailner.com\/se\/wp-json\/wp\/v2\/comments?post=140"}],"version-history":[{"count":10,"href":"https:\/\/nailner.com\/se\/wp-json\/wp\/v2\/product\/140\/revisions"}],"predecessor-version":[{"id":654,"href":"https:\/\/nailner.com\/se\/wp-json\/wp\/v2\/product\/140\/revisions\/654"}],"wp:featuredmedia":[{"embeddable":true,"href":"https:\/\/nailner.com\/se\/wp-json\/wp\/v2\/media\/582"}],"wp:attachment":[{"href":"https:\/\/nailner.com\/se\/wp-json\/wp\/v2\/media?parent=140"}],"wp:term":[{"taxonomy":"product_brand","embeddable":true,"href":"https:\/\/nailner.com\/se\/wp-json\/wp\/v2\/product_brand?post=140"},{"taxonomy":"product_cat","embeddable":true,"href":"https:\/\/nailner.com\/se\/wp-json\/wp\/v2\/product_cat?post=140"},{"taxonomy":"product_tag","embeddable":true,"href":"https:\/\/nailner.com\/se\/wp-json\/wp\/v2\/product_tag?post=140"}],"curies":[{"name":"wp","href":"https:\/\/api.w.org\/{rel}","templated":true}]}}